{"id":11989,"date":"2025-10-23T10:37:10","date_gmt":"2025-10-23T10:37:10","guid":{"rendered":"https:\/\/donna-cristina.ch\/?post_type=product&#038;p=11989"},"modified":"2025-10-23T10:37:10","modified_gmt":"2025-10-23T10:37:10","slug":"notte-del-sud-i-g-t","status":"publish","type":"product","link":"https:\/\/donna-cristina.ch\/en\/notte-del-sud-i-g-t\/","title":{"rendered":"Notte del Sud I.G.T."},"content":{"rendered":"<p>Jahrgang: 2024<\/p>\n<p>Weinart: Weisswein<\/p>\n<p>Lagerung: Stahl<\/p>\n<p>Ideal Als: Angenehmer Allrounder<\/p>\n<p>Robe: fein<\/p>\n<p>Aromen: leicht w\u00fczig<\/p>\n<p>Land: Italien<\/p>\n<p>Region: Sizilien<\/p>\n<p>Rebosorten: 100% Vermentino<\/p>\n<p>Abf\u00fcllung: 0.75L<\/p>\n<p>Alkoholgehalt: 12,5%<\/p>\n<p>Degustation: bis 3 Jahren<\/p>\n","protected":false},"excerpt":{"rendered":"<p>Frisch, w\u00fcrzig, mit gr\u00fcnlichen Reflexen.<\/p>\n<p>Er wurde geschaffen, um Freude zu bereiten und zu begleiten, ohne aufzudr\u00e4ngen.<\/p>\n<p>Er entwickelt sich langsam im Mund und das Fehlen von S\u00e4ure macht ihn f\u00fcr alle geeignet, selbst f\u00fcr die empfindlichsten Gaumen.<\/p>\n<p>Die Sonne Siziliens hat ihn abgerundet und auf dem Gaumen sp\u00fcrt man die Wirkung der Wellen am Strand an einem ruhigen Tag.<\/p>\n","protected":false},"featured_media":11994,"comment_status":"open","ping_status":"closed","template":"","meta":[],"product_brand":[],"product_cat":[60,54],"product_tag":[],"class_list":{"0":"post-11989","1":"product","2":"type-product","3":"status-publish","4":"has-post-thumbnail","6":"product_cat-weine","7":"product_cat-weissweine","9":"first","10":"instock","11":"shipping-taxable","12":"purchasable","13":"product-type-simple"},"_links":{"self":[{"href":"https:\/\/donna-cristina.ch\/en\/wp-json\/wp\/v2\/product\/11989","targetHints":{"allow":["GET"]}}],"collection":[{"href":"https:\/\/donna-cristina.ch\/en\/wp-json\/wp\/v2\/product"}],"about":[{"href":"https:\/\/donna-cristina.ch\/en\/wp-json\/wp\/v2\/types\/product"}],"replies":[{"embeddable":true,"href":"https:\/\/donna-cristina.ch\/en\/wp-json\/wp\/v2\/comments?post=11989"}],"wp:featuredmedia":[{"embeddable":true,"href":"https:\/\/donna-cristina.ch\/en\/wp-json\/wp\/v2\/media\/11994"}],"wp:attachment":[{"href":"https:\/\/donna-cristina.ch\/en\/wp-json\/wp\/v2\/media?parent=11989"}],"wp:term":[{"taxonomy":"product_brand","embeddable":true,"href":"https:\/\/donna-cristina.ch\/en\/wp-json\/wp\/v2\/product_brand?post=11989"},{"taxonomy":"product_cat","embeddable":true,"href":"https:\/\/donna-cristina.ch\/en\/wp-json\/wp\/v2\/product_cat?post=11989"},{"taxonomy":"product_tag","embeddable":true,"href":"https:\/\/donna-cristina.ch\/en\/wp-json\/wp\/v2\/product_tag?post=11989"}],"curies":[{"name":"wp","href":"https:\/\/api.w.org\/{rel}","templated":true}]}}