{"id":10327,"date":"2022-02-15T16:43:13","date_gmt":"2022-02-15T16:43:13","guid":{"rendered":"https:\/\/donna-cristina.ch\/?post_type=product&#038;p=10327"},"modified":"2025-01-03T15:21:56","modified_gmt":"2025-01-03T15:21:56","slug":"huile-dolive-vierge-extra-kopie","status":"publish","type":"product","link":"https:\/\/donna-cristina.ch\/fr\/huile-dolive-vierge-extra-kopie\/","title":{"rendered":"Huile d&rsquo;olive vierge extra 500ml"},"content":{"rendered":"<p>100% Huile d\u2019olive vierge extra<br \/>\nCaracteris\u00e9e par des notes fruit\u00e9es puissantes et intenses, un go\u00fbt prononc\u00e9 et des ar\u00f4mes herbac\u00e9s. Moyennement piquante.<br \/>\n<strong>Accompagnements<\/strong>: Assaisonnement id\u00e9al pour carpaccio, bruschetta, salades, soupes et artichauts cuits.<\/p>\n<p>Informations nutritionnelles :<\/p>\n<ul>\n<li>Valeurs nutritionnelles moyennes pour 100ml :<\/li>\n<li>\u00c9nergie : 3404 kj &#8211; 828 kcal<br \/>\nLipides : 92 g<br \/>\n&#8211; dont acides gras satur\u00e9s : 14 g<br \/>\nGlucides : 0 g<br \/>\n&#8211; dont sucres : 0 g<br \/>\nProt\u00e9ines : 0 g<br \/>\nSel : 0 g<\/li>\n<\/ul>\n<p>PRODUIT EN ITALIE<\/p>\n","protected":false},"excerpt":{"rendered":"<p class=\"p1\"><i>LA REGION<\/i><\/p>\n<p class=\"p1\">Sur les rives venitiennes du Lac de Garde l\u2019atmosph\u00e8re et le climat sont particuli\u00e8rement doux, donnant lieu \u00e0 un triomphe de flore: les oliviers, les cypr\u00e8s, les lauriers-roses, les vignes. Un v\u00e9ritable plaisir pour les yeux et le palais.<\/p>\n<p class=\"p1\">Cet huile d\u2019olive extravierge exceptionnelle aux nuances sensorielles raffin\u00e9es, se carct\u00e8rise par sa d\u00e9licatesse qui donne une touche \u00e9l\u00e9gante \u00e0 chaque plats, sans en couvrir les ar\u00f4mes.<\/p>\n","protected":false},"featured_media":8310,"comment_status":"closed","ping_status":"closed","template":"","meta":[],"product_brand":[],"product_cat":[123],"product_tag":[],"class_list":{"0":"post-10327","1":"product","2":"type-product","3":"status-publish","4":"has-post-thumbnail","6":"product_cat-huiles-dolive","8":"first","9":"outofstock","10":"shipping-taxable","11":"purchasable","12":"product-type-simple"},"_links":{"self":[{"href":"https:\/\/donna-cristina.ch\/fr\/wp-json\/wp\/v2\/product\/10327","targetHints":{"allow":["GET"]}}],"collection":[{"href":"https:\/\/donna-cristina.ch\/fr\/wp-json\/wp\/v2\/product"}],"about":[{"href":"https:\/\/donna-cristina.ch\/fr\/wp-json\/wp\/v2\/types\/product"}],"replies":[{"embeddable":true,"href":"https:\/\/donna-cristina.ch\/fr\/wp-json\/wp\/v2\/comments?post=10327"}],"wp:featuredmedia":[{"embeddable":true,"href":"https:\/\/donna-cristina.ch\/fr\/wp-json\/wp\/v2\/media\/8310"}],"wp:attachment":[{"href":"https:\/\/donna-cristina.ch\/fr\/wp-json\/wp\/v2\/media?parent=10327"}],"wp:term":[{"taxonomy":"product_brand","embeddable":true,"href":"https:\/\/donna-cristina.ch\/fr\/wp-json\/wp\/v2\/product_brand?post=10327"},{"taxonomy":"product_cat","embeddable":true,"href":"https:\/\/donna-cristina.ch\/fr\/wp-json\/wp\/v2\/product_cat?post=10327"},{"taxonomy":"product_tag","embeddable":true,"href":"https:\/\/donna-cristina.ch\/fr\/wp-json\/wp\/v2\/product_tag?post=10327"}],"curies":[{"name":"wp","href":"https:\/\/api.w.org\/{rel}","templated":true}]}}