{"id":10381,"date":"2022-03-17T12:05:00","date_gmt":"2022-03-17T12:05:00","guid":{"rendered":"https:\/\/donna-cristina.ch\/?post_type=product&#038;p=10381"},"modified":"2025-10-26T06:41:11","modified_gmt":"2025-10-26T06:41:11","slug":"lagrein-d-o-c-unite-de-commande-15-bouteilles","status":"publish","type":"product","link":"https:\/\/donna-cristina.ch\/fr\/lagrein-d-o-c-unite-de-commande-15-bouteilles\/","title":{"rendered":"Lagrein D.O.C."},"content":{"rendered":"<p><strong>Ann\u00e9e:<\/strong> 2024<br \/>\n<strong>Type de vin:<\/strong> Rouge<br \/>\n<strong>Passage en barrique:<\/strong> Acier et bois<br \/>\n<strong>Id\u00e9al avec:<\/strong> Entr\u00e9es, p\u00e2tes, viande blanche, charcuterie et fromage<br \/>\n<strong>Corps:<\/strong> Moyen<br \/>\n<strong>Parfum:<\/strong> Fruit\u00e9<br \/>\n<strong>Pays:<\/strong> Italie<br \/>\n<strong>R\u00e9gion:<\/strong> Tyrol du Sud<br \/>\n<strong>C\u00e9pages:<\/strong> Lagrein 100%<br \/>\n<strong>Embouteillage:<\/strong> 0.75l<br \/>\n<strong>Ar\u00f4mes:<\/strong> Framboises et Cacao<br \/>\n<strong>Teneur en alcool:<\/strong> 13%<br \/>\n<strong>Temp\u00e9rature:<\/strong> 18-20 \u00b0C<\/p>\n","protected":false},"excerpt":{"rendered":"<p>Le Lagrein est le c\u00e9page le plus caract\u00e9ristique et le plus pris\u00e9 du Tyrol du Sud.<br \/>\nC\u2018est un vin cors\u00e9, fruit\u00e9, chaud, harmonieux avec des tanins puissants, cependant apprivois\u00e9s par un long vieillissement en f\u00fbts.<br \/>\nL\u2019origine du Lagrein se trouve en France, en Bourgogne, en effet le Lagrein, selon les derni\u00e8res recherches, d\u00e9rive du Pinot Noir.<br \/>\nEn 1379, le Lagrein est mentionn\u00e9 dans des documents commerciaux, bien qu\u2019il ait toujours \u00e9t\u00e9 le vin des tables des puissants, des nobles et des eccl\u00e9siastiques, r\u00e9serv\u00e9 \u00e0 quelques privil\u00e9gi\u00e9s.<br \/>\nLe bouquet est large, \u00e9pic\u00e9, avec des notes de framboise, de cacao, avec une persistance et une intensit\u00e9 de bon niveau.<br \/>\nEn bouche, notre Lagrein est tannique, mais l\u00e9ger, structur\u00e9, frais et enveloppe toute la bouche.<\/p>\n","protected":false},"featured_media":10378,"comment_status":"closed","ping_status":"closed","template":"","meta":[],"product_brand":[],"product_cat":[75,81],"product_tag":[],"class_list":{"0":"post-10381","1":"product","2":"type-product","3":"status-publish","4":"has-post-thumbnail","6":"product_cat-vins","7":"product_cat-vins-rouges","9":"first","10":"instock","11":"shipping-taxable","12":"purchasable","13":"product-type-simple"},"_links":{"self":[{"href":"https:\/\/donna-cristina.ch\/fr\/wp-json\/wp\/v2\/product\/10381","targetHints":{"allow":["GET"]}}],"collection":[{"href":"https:\/\/donna-cristina.ch\/fr\/wp-json\/wp\/v2\/product"}],"about":[{"href":"https:\/\/donna-cristina.ch\/fr\/wp-json\/wp\/v2\/types\/product"}],"replies":[{"embeddable":true,"href":"https:\/\/donna-cristina.ch\/fr\/wp-json\/wp\/v2\/comments?post=10381"}],"wp:featuredmedia":[{"embeddable":true,"href":"https:\/\/donna-cristina.ch\/fr\/wp-json\/wp\/v2\/media\/10378"}],"wp:attachment":[{"href":"https:\/\/donna-cristina.ch\/fr\/wp-json\/wp\/v2\/media?parent=10381"}],"wp:term":[{"taxonomy":"product_brand","embeddable":true,"href":"https:\/\/donna-cristina.ch\/fr\/wp-json\/wp\/v2\/product_brand?post=10381"},{"taxonomy":"product_cat","embeddable":true,"href":"https:\/\/donna-cristina.ch\/fr\/wp-json\/wp\/v2\/product_cat?post=10381"},{"taxonomy":"product_tag","embeddable":true,"href":"https:\/\/donna-cristina.ch\/fr\/wp-json\/wp\/v2\/product_tag?post=10381"}],"curies":[{"name":"wp","href":"https:\/\/api.w.org\/{rel}","templated":true}]}}