{"id":10389,"date":"2022-03-17T12:25:16","date_gmt":"2022-03-17T12:25:16","guid":{"rendered":"https:\/\/donna-cristina.ch\/montepulciano-dabruzzo-d-o-c-unite-de-commande-15-bouteilles\/"},"modified":"2025-01-07T13:28:41","modified_gmt":"2025-01-07T13:28:41","slug":"montepulciano-dabruzzo-d-o-c-unite-de-commande-15-bouteilles","status":"publish","type":"product","link":"https:\/\/donna-cristina.ch\/fr\/montepulciano-dabruzzo-d-o-c-unite-de-commande-15-bouteilles\/","title":{"rendered":"Montepulciano d&rsquo;Abruzzo D.O.C. &#8211; Unit\u00e9 de Commande: 15 Bouteilles &#8211; rupture de stock"},"content":{"rendered":"<p><strong>Ann\u00e9e:<\/strong> 2020<br \/>\n<strong>Type de vin:<\/strong> Rouge<br \/>\n<strong>Passage en barrique:<\/strong> F\u00fbts en acier inox<br \/>\n<strong>Id\u00e9al avec: <\/strong>P\u00e2tes, viande, charcuterie, plats relev\u00e9s ou agneau<br \/>\n<strong>Corps:<\/strong> Moyen<br \/>\n<strong>Parfum:<\/strong> Terre<br \/>\n<strong>Pays:<\/strong> Italie<br \/>\n<strong>R\u00e9gion:<\/strong> Abruzzes<br \/>\n<strong>C\u00e9pages:<\/strong> 100% Montepulciano d&rsquo;Abruzzo<br \/>\n<strong>Format:<\/strong> 0,75l<br \/>\n<strong>Ar\u00f4mes:<\/strong> Caf\u00e9 et \u00e9corce<br \/>\n<strong>Teneur en alcool:<\/strong> 12%<br \/>\n<strong>Temp\u00e9rature:<\/strong> 18 \u00b0C<\/p>\n<p>&nbsp;<\/p>\n<p><em>\u00a0<\/em><\/p>\n","protected":false},"excerpt":{"rendered":"<p>Le vin Montepuciano d\u2019Abruzzo d\u2019origine contr\u00f4l\u00e9e est le deuxi\u00e8me vin de table italien le plus vendu au monde. Pour avoir l\u2019appellation DOC, il doit \u00eatre compos\u00e9 d\u2019au moins 85% de raisins Montepulciano et d\u2019un maximum de 15% d\u2019autres raisins des Abruzzes. Nous avons d\u00e9cid\u00e9 de proposer ce vin en puret\u00e9: 100% Montepulciano, essayant de ne pas alt\u00e9rer le go\u00fbt original des raisins avec un s\u00e9jour en f\u00fbts de bois. Vin l\u00e9ger, d\u2019une couleur pourpre fonc\u00e9, presque sombre bien qu\u2019il soit clair et lumineux, il offre des notes de fruits m\u00fbrs mais aussi d\u2019\u00e9pices douces, sans manquer de souvenirs lointains de caf\u00e9 et d\u2019\u00e9corce.<\/p>\n<p>Une l\u00e9gende c\u00e9l\u00e8bre, \u00e9galement racont\u00e9e par l\u2019historien gr\u00e9co-romain Polybe, affirme que le chef carthaginois Hannibal (247 a.C. \u2013 183 a.C.) a fait boire son arm\u00e9e et gu\u00e9rit les blessures avec ce vin produit en \u00ab Abrazzo \u00bb et lavait ses chevaux avec ce vin pour les prot\u00e9ger des maladies.<\/p>\n","protected":false},"featured_media":10386,"comment_status":"closed","ping_status":"closed","template":"","meta":[],"product_brand":[],"product_cat":[172],"product_tag":[],"class_list":{"0":"post-10389","1":"product","2":"type-product","3":"status-publish","4":"has-post-thumbnail","6":"product_cat-linea-gourmet-fr","8":"first","9":"outofstock","10":"shipping-taxable","11":"purchasable","12":"product-type-simple"},"_links":{"self":[{"href":"https:\/\/donna-cristina.ch\/fr\/wp-json\/wp\/v2\/product\/10389","targetHints":{"allow":["GET"]}}],"collection":[{"href":"https:\/\/donna-cristina.ch\/fr\/wp-json\/wp\/v2\/product"}],"about":[{"href":"https:\/\/donna-cristina.ch\/fr\/wp-json\/wp\/v2\/types\/product"}],"replies":[{"embeddable":true,"href":"https:\/\/donna-cristina.ch\/fr\/wp-json\/wp\/v2\/comments?post=10389"}],"wp:featuredmedia":[{"embeddable":true,"href":"https:\/\/donna-cristina.ch\/fr\/wp-json\/wp\/v2\/media\/10386"}],"wp:attachment":[{"href":"https:\/\/donna-cristina.ch\/fr\/wp-json\/wp\/v2\/media?parent=10389"}],"wp:term":[{"taxonomy":"product_brand","embeddable":true,"href":"https:\/\/donna-cristina.ch\/fr\/wp-json\/wp\/v2\/product_brand?post=10389"},{"taxonomy":"product_cat","embeddable":true,"href":"https:\/\/donna-cristina.ch\/fr\/wp-json\/wp\/v2\/product_cat?post=10389"},{"taxonomy":"product_tag","embeddable":true,"href":"https:\/\/donna-cristina.ch\/fr\/wp-json\/wp\/v2\/product_tag?post=10389"}],"curies":[{"name":"wp","href":"https:\/\/api.w.org\/{rel}","templated":true}]}}