{"id":10397,"date":"2022-03-17T12:32:14","date_gmt":"2022-03-17T12:32:14","guid":{"rendered":"https:\/\/donna-cristina.ch\/pupillo-sangiovese-primitivo-i-g-t-unite-de-commande-15-bouteilles\/"},"modified":"2025-01-07T13:47:27","modified_gmt":"2025-01-07T13:47:27","slug":"pupillo-sangiovese-primitivo-i-g-t-unite-de-commande-15-bouteilles","status":"publish","type":"product","link":"https:\/\/donna-cristina.ch\/fr\/pupillo-sangiovese-primitivo-i-g-t-unite-de-commande-15-bouteilles\/","title":{"rendered":"\u00abPupillo\u00bb Sangiovese -Primitivo I.G.T. &#8211; Unit\u00e9 de Commande: 15 Bouteilles &#8211; Linea Gourmet"},"content":{"rendered":"<p>Produit : Vin rouge I.G.T.<br \/>\nId\u00e9al en tant que : Allrounder Deluxe<br \/>\nPays\u00a0: Italie<br \/>\nR\u00e9gion\u00a0: Pouilles<\/p>\n<p>C\u00e9pages : Sangiovese et Primitivo<br \/>\nEmbouteillage de chaque bouteille : 0.75l<br \/>\nAr\u00f4mes : Vanille, fruits rouges<br \/>\nTeneur en alcool : 14%<br \/>\nTemp\u00e9rature : servir \u00e0 temp\u00e9rature ambiante<\/p>\n","protected":false},"excerpt":{"rendered":"<p>Ce vin rouge est le produit de la combinaison gagnante de raisins Sangiovese (l\u00e9gers, terreux et discrets) et Primitivo (aromatiques, intenses et ensoleill\u00e9s). Le r\u00e9sultat est un vin l\u00e9ger et harmonieux avec de forts accents sur les fruits rouges et les prunes m\u00fbres. Dans l\u2019arri\u00e8re-go\u00fbt, les palais les plus sensibles reconna\u00eetront des notes de vanille. Il convient \u00e0 tous les types de plats, aux grillades et aux amateurs de vins fruit\u00e9s.<\/p>\n","protected":false},"featured_media":10394,"comment_status":"closed","ping_status":"closed","template":"","meta":[],"product_brand":[],"product_cat":[172],"product_tag":[],"class_list":{"0":"post-10397","1":"product","2":"type-product","3":"status-publish","4":"has-post-thumbnail","6":"product_cat-linea-gourmet-fr","8":"first","9":"instock","10":"shipping-taxable","11":"purchasable","12":"product-type-simple"},"_links":{"self":[{"href":"https:\/\/donna-cristina.ch\/fr\/wp-json\/wp\/v2\/product\/10397","targetHints":{"allow":["GET"]}}],"collection":[{"href":"https:\/\/donna-cristina.ch\/fr\/wp-json\/wp\/v2\/product"}],"about":[{"href":"https:\/\/donna-cristina.ch\/fr\/wp-json\/wp\/v2\/types\/product"}],"replies":[{"embeddable":true,"href":"https:\/\/donna-cristina.ch\/fr\/wp-json\/wp\/v2\/comments?post=10397"}],"wp:featuredmedia":[{"embeddable":true,"href":"https:\/\/donna-cristina.ch\/fr\/wp-json\/wp\/v2\/media\/10394"}],"wp:attachment":[{"href":"https:\/\/donna-cristina.ch\/fr\/wp-json\/wp\/v2\/media?parent=10397"}],"wp:term":[{"taxonomy":"product_brand","embeddable":true,"href":"https:\/\/donna-cristina.ch\/fr\/wp-json\/wp\/v2\/product_brand?post=10397"},{"taxonomy":"product_cat","embeddable":true,"href":"https:\/\/donna-cristina.ch\/fr\/wp-json\/wp\/v2\/product_cat?post=10397"},{"taxonomy":"product_tag","embeddable":true,"href":"https:\/\/donna-cristina.ch\/fr\/wp-json\/wp\/v2\/product_tag?post=10397"}],"curies":[{"name":"wp","href":"https:\/\/api.w.org\/{rel}","templated":true}]}}