{"id":11208,"date":"2024-01-12T13:46:25","date_gmt":"2024-01-12T13:50:08","guid":{"rendered":"https:\/\/donna-cristina.ch\/?post_type=product&#038;p=11208"},"modified":"2025-02-15T12:47:17","modified_gmt":"2025-02-15T12:47:17","slug":"stravecchia-di-amarone-7-ans-en-barrique","status":"publish","type":"product","link":"https:\/\/donna-cristina.ch\/fr\/stravecchia-di-amarone-7-ans-en-barrique\/","title":{"rendered":"Stravecchia di Amarone  &#8211; 7 ans en barrique"},"content":{"rendered":"<p>Produit\u00a0: Grappa<br \/>\nId\u00e9al comme : digestif et pour la d\u00e9tente<br \/>\nPays\u00a0: Italie<br \/>\nR\u00e9gion\u00a0: V\u00e9n\u00e9tie<br \/>\nEmbouteillage : 0.50l<br \/>\nAr\u00f4mes : Vanille, Fruits, Bois<br \/>\nTeneur en alcool : 45%<br \/>\nTemp\u00e9rature : servir \u00e0 temp\u00e9rature ambiante<\/p>\n<p>&nbsp;<\/p>\n","protected":false},"excerpt":{"rendered":"<p>Produit\u00a0: Grappa Id\u00e9al comme : digestif et pour la d\u00e9tente Pays\u00a0: Italie R\u00e9gion\u00a0: V\u00e9n\u00e9tie Embouteillage : 0.50l Ar\u00f4mes : Vanille, Fruits, Bois Teneur en alcool&#8230;<\/p>\n","protected":false},"featured_media":11205,"comment_status":"closed","ping_status":"closed","template":"","meta":[],"product_brand":[],"product_cat":[72],"product_tag":[],"class_list":{"0":"post-11208","1":"product","2":"type-product","3":"status-publish","4":"has-post-thumbnail","6":"product_cat-spiritueux","8":"first","9":"outofstock","10":"shipping-taxable","11":"purchasable","12":"product-type-simple"},"_links":{"self":[{"href":"https:\/\/donna-cristina.ch\/fr\/wp-json\/wp\/v2\/product\/11208","targetHints":{"allow":["GET"]}}],"collection":[{"href":"https:\/\/donna-cristina.ch\/fr\/wp-json\/wp\/v2\/product"}],"about":[{"href":"https:\/\/donna-cristina.ch\/fr\/wp-json\/wp\/v2\/types\/product"}],"replies":[{"embeddable":true,"href":"https:\/\/donna-cristina.ch\/fr\/wp-json\/wp\/v2\/comments?post=11208"}],"wp:featuredmedia":[{"embeddable":true,"href":"https:\/\/donna-cristina.ch\/fr\/wp-json\/wp\/v2\/media\/11205"}],"wp:attachment":[{"href":"https:\/\/donna-cristina.ch\/fr\/wp-json\/wp\/v2\/media?parent=11208"}],"wp:term":[{"taxonomy":"product_brand","embeddable":true,"href":"https:\/\/donna-cristina.ch\/fr\/wp-json\/wp\/v2\/product_brand?post=11208"},{"taxonomy":"product_cat","embeddable":true,"href":"https:\/\/donna-cristina.ch\/fr\/wp-json\/wp\/v2\/product_cat?post=11208"},{"taxonomy":"product_tag","embeddable":true,"href":"https:\/\/donna-cristina.ch\/fr\/wp-json\/wp\/v2\/product_tag?post=11208"}],"curies":[{"name":"wp","href":"https:\/\/api.w.org\/{rel}","templated":true}]}}