{"id":11229,"date":"2024-01-12T14:14:04","date_gmt":"2024-01-12T14:14:04","guid":{"rendered":"https:\/\/donna-cristina.ch\/?post_type=product&#038;p=11229"},"modified":"2025-02-15T12:44:20","modified_gmt":"2025-02-15T12:44:20","slug":"grappa-di-moscato","status":"publish","type":"product","link":"https:\/\/donna-cristina.ch\/fr\/grappa-di-moscato\/","title":{"rendered":"Grappa di Moscato"},"content":{"rendered":"<p>Produit\u00a0: Grappa<\/p>\n<p>Id\u00e9al comme : digestif et pour la d\u00e9tente<\/p>\n<p>Pays Italie<\/p>\n<p>Embouteillage : 0.70l<\/p>\n<p>C\u00e9page : Moscato<\/p>\n<p>Saveurs\u00a0: Vanille et Pomme Dor\u00e9e<\/p>\n<p>Teneur en alcool : 40%<\/p>\n<p>Temp\u00e9rature : servir \u00e0 temp\u00e9rature ambiante<\/p>\n<p>PRODUIT EN ITALIE<\/p>\n<p>&nbsp;<\/p>\n","protected":false},"excerpt":{"rendered":"<p>Produit\u00a0: Grappa Id\u00e9al comme : digestif et pour la d\u00e9tente Pays Italie Embouteillage : 0.70l C\u00e9page : Moscato Saveurs\u00a0: Vanille et Pomme Dor\u00e9e Teneur en&#8230;<\/p>\n","protected":false},"featured_media":11226,"comment_status":"closed","ping_status":"closed","template":"","meta":[],"product_brand":[],"product_cat":[72],"product_tag":[],"class_list":{"0":"post-11229","1":"product","2":"type-product","3":"status-publish","4":"has-post-thumbnail","6":"product_cat-spiritueux","8":"first","9":"instock","10":"shipping-taxable","11":"purchasable","12":"product-type-simple"},"_links":{"self":[{"href":"https:\/\/donna-cristina.ch\/fr\/wp-json\/wp\/v2\/product\/11229","targetHints":{"allow":["GET"]}}],"collection":[{"href":"https:\/\/donna-cristina.ch\/fr\/wp-json\/wp\/v2\/product"}],"about":[{"href":"https:\/\/donna-cristina.ch\/fr\/wp-json\/wp\/v2\/types\/product"}],"replies":[{"embeddable":true,"href":"https:\/\/donna-cristina.ch\/fr\/wp-json\/wp\/v2\/comments?post=11229"}],"wp:featuredmedia":[{"embeddable":true,"href":"https:\/\/donna-cristina.ch\/fr\/wp-json\/wp\/v2\/media\/11226"}],"wp:attachment":[{"href":"https:\/\/donna-cristina.ch\/fr\/wp-json\/wp\/v2\/media?parent=11229"}],"wp:term":[{"taxonomy":"product_brand","embeddable":true,"href":"https:\/\/donna-cristina.ch\/fr\/wp-json\/wp\/v2\/product_brand?post=11229"},{"taxonomy":"product_cat","embeddable":true,"href":"https:\/\/donna-cristina.ch\/fr\/wp-json\/wp\/v2\/product_cat?post=11229"},{"taxonomy":"product_tag","embeddable":true,"href":"https:\/\/donna-cristina.ch\/fr\/wp-json\/wp\/v2\/product_tag?post=11229"}],"curies":[{"name":"wp","href":"https:\/\/api.w.org\/{rel}","templated":true}]}}