{"id":11301,"date":"2024-04-11T11:05:10","date_gmt":"2024-04-11T11:05:10","guid":{"rendered":"https:\/\/donna-cristina.ch\/silvano-cabernet-merlot-i-g-t\/"},"modified":"2025-01-07T12:42:59","modified_gmt":"2025-01-07T12:42:59","slug":"silvano-cabernet-merlot-i-g-t","status":"publish","type":"product","link":"https:\/\/donna-cristina.ch\/fr\/silvano-cabernet-merlot-i-g-t\/","title":{"rendered":"\u00abSilvano\u00bb &#8211; Cabernet\/Merlot I.G.T."},"content":{"rendered":"<p>Le nouveau joyau de la Scuderia Donna Cristina.<\/p>\n<p>Son nom prends son origine du dieu romain des for\u00eats, indomptable et protecteur.<\/p>\n<p>Ce vin allie masculinit\u00e9 et l\u00e9g\u00e8ret\u00e9, \u00e9l\u00e9gance et d\u00e9termination en bouche avec un arri\u00e8re-go\u00fbt de sous-bois. Id\u00e9al avec\u00a0 la viande, mais pas seulement : vous pourrez \u00e9galement en profiter devant un coucher de soleil \u00e0 la\u00a0 montagne. La force de la terre avec la chaleur du soleil de Sicile. Extraordinaire : \u00e0 go\u00fbter et \u00e0 poss\u00e9der. Tout de suite.<\/p>\n","protected":false},"excerpt":{"rendered":"<p>Type de vin : Vin rouge I.G.T.<\/p>\n<p>Pays\u00a0: Italie<\/p>\n<p>R\u00e9gion\u00a0: Sicile<\/p>\n<p>C\u00e9page : Cabernet\/Merlot<\/p>\n<p>Remplissage\u00a0: 0.75l<\/p>\n<p>Teneur en alcool : 14%<\/p>\n<p>Conservation : jusqu\u2019\u00e0 6 ans<\/p>\n<p>PRODUIT EN ITALIE<\/p>\n","protected":false},"featured_media":11264,"comment_status":"closed","ping_status":"closed","template":"","meta":[],"product_brand":[],"product_cat":[75,81],"product_tag":[],"class_list":{"0":"post-11301","1":"product","2":"type-product","3":"status-publish","4":"has-post-thumbnail","6":"product_cat-vins","7":"product_cat-vins-rouges","9":"first","10":"instock","11":"shipping-taxable","12":"purchasable","13":"product-type-simple"},"_links":{"self":[{"href":"https:\/\/donna-cristina.ch\/fr\/wp-json\/wp\/v2\/product\/11301","targetHints":{"allow":["GET"]}}],"collection":[{"href":"https:\/\/donna-cristina.ch\/fr\/wp-json\/wp\/v2\/product"}],"about":[{"href":"https:\/\/donna-cristina.ch\/fr\/wp-json\/wp\/v2\/types\/product"}],"replies":[{"embeddable":true,"href":"https:\/\/donna-cristina.ch\/fr\/wp-json\/wp\/v2\/comments?post=11301"}],"wp:featuredmedia":[{"embeddable":true,"href":"https:\/\/donna-cristina.ch\/fr\/wp-json\/wp\/v2\/media\/11264"}],"wp:attachment":[{"href":"https:\/\/donna-cristina.ch\/fr\/wp-json\/wp\/v2\/media?parent=11301"}],"wp:term":[{"taxonomy":"product_brand","embeddable":true,"href":"https:\/\/donna-cristina.ch\/fr\/wp-json\/wp\/v2\/product_brand?post=11301"},{"taxonomy":"product_cat","embeddable":true,"href":"https:\/\/donna-cristina.ch\/fr\/wp-json\/wp\/v2\/product_cat?post=11301"},{"taxonomy":"product_tag","embeddable":true,"href":"https:\/\/donna-cristina.ch\/fr\/wp-json\/wp\/v2\/product_tag?post=11301"}],"curies":[{"name":"wp","href":"https:\/\/api.w.org\/{rel}","templated":true}]}}