{"id":11703,"date":"2024-08-16T15:48:06","date_gmt":"2024-08-16T15:48:06","guid":{"rendered":"https:\/\/donna-cristina.ch\/barolo-linnamorato-d-o-c-g\/"},"modified":"2025-05-19T11:14:03","modified_gmt":"2025-05-19T11:14:03","slug":"barolo-linnamorato-d-o-c-g","status":"publish","type":"product","link":"https:\/\/donna-cristina.ch\/fr\/barolo-linnamorato-d-o-c-g\/","title":{"rendered":"Barolo \u00abL&rsquo;Innamorato\u00bb D.O.C.G."},"content":{"rendered":"<p>Barolo \u00abL&rsquo;Innamorato\u00bb D.O.C.G.<\/p>\n<p>Mill\u00e9sime: 2020<\/p>\n<p>Type de vin: Rouge<\/p>\n<p>Passage en barrique: 4 ans en f\u00fbrt de ch\u00eane<\/p>\n<p>Id\u00e9al avec: Viande et fromage affin\u00e9 ou l\u00e9gumes avec sauce vive<\/p>\n<p>Robe: pr\u00e9sente<\/p>\n<p>Ar\u00f4mes: Goudron, p\u00eache, prune, abricot<\/p>\n<p>Pays: Italie<\/p>\n<p>R\u00e9gion: Pi\u00e9mont<\/p>\n<p>C\u00e9page: 100% Nebbiolo<\/p>\n<p>Embouteillage: 0.75l<\/p>\n<p>Teneur en alcool: 14%<\/p>\n<p>Temp\u00e9rature: 18\u00b0C<\/p>\n<p>D\u00e9gustation: de suite + 15 ans<\/p>\n","protected":false},"excerpt":{"rendered":"<p>Ce Barolo est la nouvelle cr\u00e9ation de Donna Cristina Deluxe et touche les leviers de l\u2019\u00e9motion.<\/p>\n<p>Un Barolo repens\u00e9 et adapt\u00e9 au besoin d\u2019\u00e9motions positives. C\u2019est un Barolo fin et \u00e9l\u00e9gant, mais qui laisse sa discr\u00e9tion historique pour une d\u00e9claration d\u2019amour sans pr\u00e9c\u00e9dent. Avec sa d\u00e9termination en bouche, il offre des souvenirs de cerise, d\u2019abricot et de prune. L\u00e9ger, rond et infini en arri\u00e8re-go\u00fbt. Masculin et romantique. Comment pouvez-vous lui r\u00e9sister ?<\/p>\n<p>&nbsp;<\/p>\n<p>&nbsp;<\/p>\n","protected":false},"featured_media":11948,"comment_status":"closed","ping_status":"closed","template":"","meta":[],"product_brand":[],"product_cat":[75,81],"product_tag":[],"class_list":{"0":"post-11703","1":"product","2":"type-product","3":"status-publish","4":"has-post-thumbnail","6":"product_cat-vins","7":"product_cat-vins-rouges","9":"first","10":"instock","11":"shipping-taxable","12":"purchasable","13":"product-type-simple"},"_links":{"self":[{"href":"https:\/\/donna-cristina.ch\/fr\/wp-json\/wp\/v2\/product\/11703","targetHints":{"allow":["GET"]}}],"collection":[{"href":"https:\/\/donna-cristina.ch\/fr\/wp-json\/wp\/v2\/product"}],"about":[{"href":"https:\/\/donna-cristina.ch\/fr\/wp-json\/wp\/v2\/types\/product"}],"replies":[{"embeddable":true,"href":"https:\/\/donna-cristina.ch\/fr\/wp-json\/wp\/v2\/comments?post=11703"}],"wp:featuredmedia":[{"embeddable":true,"href":"https:\/\/donna-cristina.ch\/fr\/wp-json\/wp\/v2\/media\/11948"}],"wp:attachment":[{"href":"https:\/\/donna-cristina.ch\/fr\/wp-json\/wp\/v2\/media?parent=11703"}],"wp:term":[{"taxonomy":"product_brand","embeddable":true,"href":"https:\/\/donna-cristina.ch\/fr\/wp-json\/wp\/v2\/product_brand?post=11703"},{"taxonomy":"product_cat","embeddable":true,"href":"https:\/\/donna-cristina.ch\/fr\/wp-json\/wp\/v2\/product_cat?post=11703"},{"taxonomy":"product_tag","embeddable":true,"href":"https:\/\/donna-cristina.ch\/fr\/wp-json\/wp\/v2\/product_tag?post=11703"}],"curies":[{"name":"wp","href":"https:\/\/api.w.org\/{rel}","templated":true}]}}