{"id":11708,"date":"2024-08-29T06:30:19","date_gmt":"2024-08-29T06:30:19","guid":{"rendered":"https:\/\/donna-cristina.ch\/cielo-stellato-mpf-unite-de-commande-15-bouteilles-2\/"},"modified":"2024-08-29T06:30:19","modified_gmt":"2024-08-29T06:30:19","slug":"cielo-stellato-mpf-unite-de-commande-15-bouteilles-2","status":"publish","type":"product","link":"https:\/\/donna-cristina.ch\/fr\/cielo-stellato-mpf-unite-de-commande-15-bouteilles-2\/","title":{"rendered":"\u00abCielo Stellato\u00bb- MPF &#8211; Unit\u00e9 de commande: 15 bouteilles"},"content":{"rendered":"<p>Ciel \u00e9toil\u00e9 &#8211; Mo\u00fbt de raisin partiellement ferment\u00e9 &#8211; Linea Gourmet s&rsquo;enrichit d&rsquo;un nouveau produit pour\u00a0 les gourmets \u00e0 la recherche de vins sp\u00e9ciaux. Son go\u00fbt l\u00e9ger, fin perl\u00e9 et doux-aromatique rend ce vin irr\u00e9sistible. Uniquement \u00e0 partir d\u2019ann\u00e9es sp\u00e9ciales. Le moment est venu : 5% d\u2019alcool pour 100% de bonheur et de go\u00fbt.<\/p>\n<p>Chaque perle de ce vin blanc moelleux et rayonnant est comme une \u00e9toile qui illumine d\u00e9licatement votre palais. Il rappelle un Moscato, mais est encore plus l\u00e9ger et aromatique.<\/p>\n<p>Il sent l\u2019\u00e9t\u00e9, mais peut\u00a0 \u00eatre appr\u00e9ci\u00e9 aussi en hiver.<\/p>\n<p>M\u00e9fiez-vous de ceux qui vous promettent la lune, nous vous faisons cadeaux de toutes les \u00e9toiles dans une fl\u00fbte.<\/p>\n","protected":false},"excerpt":{"rendered":"<p>R\u00e9gion\u00a0: Pi\u00e9mont<\/p>\n<p>C\u00e9pages : raisins blancs aromatiques<\/p>\n<p>Teneur en alcool : 5%<\/p>\n<p>Temp\u00e9rature de d\u00e9gustation : 12\u00b0C<\/p>\n<p>Embouteillage individuel : 0.75 l<\/p>\n<p>PRODUIT EN ITALIE<\/p>\n","protected":false},"featured_media":11374,"comment_status":"closed","ping_status":"closed","template":"","meta":[],"product_brand":[],"product_cat":[172,75,87,84,69],"product_tag":[],"class_list":{"0":"post-11708","1":"product","2":"type-product","3":"status-publish","4":"has-post-thumbnail","6":"product_cat-linea-gourmet-fr","7":"product_cat-vins","8":"product_cat-vins-blancs","9":"product_cat-vins-doux","10":"product_cat-vins-mousseux-vins-petillants","12":"first","13":"instock","14":"shipping-taxable","15":"purchasable","16":"product-type-simple"},"_links":{"self":[{"href":"https:\/\/donna-cristina.ch\/fr\/wp-json\/wp\/v2\/product\/11708","targetHints":{"allow":["GET"]}}],"collection":[{"href":"https:\/\/donna-cristina.ch\/fr\/wp-json\/wp\/v2\/product"}],"about":[{"href":"https:\/\/donna-cristina.ch\/fr\/wp-json\/wp\/v2\/types\/product"}],"replies":[{"embeddable":true,"href":"https:\/\/donna-cristina.ch\/fr\/wp-json\/wp\/v2\/comments?post=11708"}],"wp:featuredmedia":[{"embeddable":true,"href":"https:\/\/donna-cristina.ch\/fr\/wp-json\/wp\/v2\/media\/11374"}],"wp:attachment":[{"href":"https:\/\/donna-cristina.ch\/fr\/wp-json\/wp\/v2\/media?parent=11708"}],"wp:term":[{"taxonomy":"product_brand","embeddable":true,"href":"https:\/\/donna-cristina.ch\/fr\/wp-json\/wp\/v2\/product_brand?post=11708"},{"taxonomy":"product_cat","embeddable":true,"href":"https:\/\/donna-cristina.ch\/fr\/wp-json\/wp\/v2\/product_cat?post=11708"},{"taxonomy":"product_tag","embeddable":true,"href":"https:\/\/donna-cristina.ch\/fr\/wp-json\/wp\/v2\/product_tag?post=11708"}],"curies":[{"name":"wp","href":"https:\/\/api.w.org\/{rel}","templated":true}]}}