{"id":11711,"date":"2024-04-11T11:25:39","date_gmt":"2024-04-11T11:25:39","guid":{"rendered":"https:\/\/donna-cristina.ch\/passito-angelico-d-o-c-sur-reservation-termine\/"},"modified":"2024-04-11T11:25:39","modified_gmt":"2024-04-11T11:25:39","slug":"passito-angelico-d-o-c-sur-reservation-termine","status":"publish","type":"product","link":"https:\/\/donna-cristina.ch\/fr\/passito-angelico-d-o-c-sur-reservation-termine\/","title":{"rendered":"Passito Angelico D.O.C. &#8211; sur r\u00e9servation &#8211; termin\u00e9"},"content":{"rendered":"<p>Loin du monde et au milieu du Moyen \u00c2ge, un couvent situ\u00e9 sur une montagne du Tyrol du Sud et &#8211; donc plus proche du ciel &#8211; a transform\u00e9 une petite parcelle de terrain et un c\u00e9page (un croisement entre Trollinger rouge et Riessling blanc) en un passito \u00e9tonnant qui ne ressemble \u00e0 aucun autre vin blanc doux.<\/p>\n<p>Les quantit\u00e9s pr\u00e9par\u00e9es pour nous par an sont tr\u00e8s limit\u00e9es. Par cons\u00e9quent, il est n\u00e9cessaire de r\u00e9server le produit bien avant la r\u00e9colte. Le parfum de notre Passito est divin, le go\u00fbt noble ind\u00e9finissable et velout\u00e9. Ce vin peut \u00eatre conserv\u00e9 en cave jusqu\u2019\u00e0 15 ans.<\/p>\n<p>Si vous d\u00e9gustez notre Passito Angelico, nous ne pouvons pas vous promettre une bonne place au paradis, mais vous garantir une d\u00e9gustation divine.<\/p>\n","protected":false},"excerpt":{"rendered":"<p>Type de vin: Vin blanc Passito<\/p>\n<p>Pays: Italie<\/p>\n<p>R\u00e9gion: Tyrol du Sud<\/p>\n<p>C\u00e9page: 100% Kerner<\/p>\n<p>Embouteillage: 0.375l<\/p>\n<p>Teneur en alcool: 10.50%<\/p>\n<p>Encavage: jusqu&rsquo;\u00e0 15 Jans<\/p>\n<p>PRODUIT EN ITALIE<\/p>\n<p>&nbsp;<\/p>\n","protected":false},"featured_media":11273,"comment_status":"closed","ping_status":"closed","template":"","meta":[],"product_brand":[],"product_cat":[75,84],"product_tag":[],"class_list":{"0":"post-11711","1":"product","2":"type-product","3":"status-publish","4":"has-post-thumbnail","6":"product_cat-vins","7":"product_cat-vins-doux","9":"first","10":"outofstock","11":"shipping-taxable","12":"purchasable","13":"product-type-simple"},"_links":{"self":[{"href":"https:\/\/donna-cristina.ch\/fr\/wp-json\/wp\/v2\/product\/11711","targetHints":{"allow":["GET"]}}],"collection":[{"href":"https:\/\/donna-cristina.ch\/fr\/wp-json\/wp\/v2\/product"}],"about":[{"href":"https:\/\/donna-cristina.ch\/fr\/wp-json\/wp\/v2\/types\/product"}],"replies":[{"embeddable":true,"href":"https:\/\/donna-cristina.ch\/fr\/wp-json\/wp\/v2\/comments?post=11711"}],"wp:featuredmedia":[{"embeddable":true,"href":"https:\/\/donna-cristina.ch\/fr\/wp-json\/wp\/v2\/media\/11273"}],"wp:attachment":[{"href":"https:\/\/donna-cristina.ch\/fr\/wp-json\/wp\/v2\/media?parent=11711"}],"wp:term":[{"taxonomy":"product_brand","embeddable":true,"href":"https:\/\/donna-cristina.ch\/fr\/wp-json\/wp\/v2\/product_brand?post=11711"},{"taxonomy":"product_cat","embeddable":true,"href":"https:\/\/donna-cristina.ch\/fr\/wp-json\/wp\/v2\/product_cat?post=11711"},{"taxonomy":"product_tag","embeddable":true,"href":"https:\/\/donna-cristina.ch\/fr\/wp-json\/wp\/v2\/product_tag?post=11711"}],"curies":[{"name":"wp","href":"https:\/\/api.w.org\/{rel}","templated":true}]}}