{"id":11718,"date":"2023-06-21T08:05:47","date_gmt":"2023-06-21T08:05:47","guid":{"rendered":"https:\/\/donna-cristina.ch\/oro-delle-dolomiti-i-g-t-15-flaschen-bestelleinheit-linea-gourmet\/"},"modified":"2023-06-21T08:05:47","modified_gmt":"2023-06-21T08:05:47","slug":"oro-delle-dolomiti-i-g-t-15-flaschen-bestelleinheit-linea-gourmet","status":"publish","type":"product","link":"https:\/\/donna-cristina.ch\/fr\/oro-delle-dolomiti-i-g-t-15-flaschen-bestelleinheit-linea-gourmet\/","title":{"rendered":"Oro delle Dolomiti I.G.T. &#8211; 15 Flaschen Bestelleinheit &#8211; Linea Gourmet"},"content":{"rendered":"<p>Vin blanc insolite pour l\u2019\u00e9v\u00e9nementiel. Go\u00fbt non conventionnel. Fruit\u00e9 au nez, \u00e9l\u00e9gant en bouche et vert et min\u00e9ral en arri\u00e8re-go\u00fbt. Cr\u00e9\u00e9 pour \u00e9tancher la soif et se rafra\u00eechir avec \u00e9l\u00e9gance. \u00c9galement pour les \u00e9v\u00e9nements en plein air en \u00e9t\u00e9. Charmant.<\/p>\n<p>Type de vin : Vin blanc<br \/>\nStockage\u00a0: F\u00fbts en acier<br \/>\nId\u00e9al avec : Allrounder Deluxe<br \/>\nRobe : Moyenne<br \/>\nAr\u00f4mes : Fruit et quartz<br \/>\nPays\u00a0: Italie<br \/>\nR\u00e9gion\u00a0: Tyrol du Sud<br \/>\nC\u00e9pages\u00a0: Sylvaner, Kerner, M\u00fcller-Thurgau<br \/>\nEmbouteillage de chaque bouteille : 0.75 l<br \/>\nBouquet : senteurs d\u2019\u00e9t\u00e9<br \/>\nTeneur en alcool : 13%<\/p>\n","protected":false},"excerpt":{"rendered":"<p>Vin blanc insolite pour l\u2019\u00e9v\u00e9nementiel. Go\u00fbt non conventionnel. Fruit\u00e9 au nez, \u00e9l\u00e9gant en bouche et vert et min\u00e9ral en arri\u00e8re-go\u00fbt. Cr\u00e9\u00e9 pour \u00e9tancher la soif&#8230;<\/p>\n","protected":false},"featured_media":10991,"comment_status":"closed","ping_status":"closed","template":"","meta":[],"product_brand":[],"product_cat":[172],"product_tag":[],"class_list":{"0":"post-11718","1":"product","2":"type-product","3":"status-publish","4":"has-post-thumbnail","6":"product_cat-linea-gourmet-fr","8":"first","9":"instock","10":"shipping-taxable","11":"purchasable","12":"product-type-simple"},"_links":{"self":[{"href":"https:\/\/donna-cristina.ch\/fr\/wp-json\/wp\/v2\/product\/11718","targetHints":{"allow":["GET"]}}],"collection":[{"href":"https:\/\/donna-cristina.ch\/fr\/wp-json\/wp\/v2\/product"}],"about":[{"href":"https:\/\/donna-cristina.ch\/fr\/wp-json\/wp\/v2\/types\/product"}],"replies":[{"embeddable":true,"href":"https:\/\/donna-cristina.ch\/fr\/wp-json\/wp\/v2\/comments?post=11718"}],"wp:featuredmedia":[{"embeddable":true,"href":"https:\/\/donna-cristina.ch\/fr\/wp-json\/wp\/v2\/media\/10991"}],"wp:attachment":[{"href":"https:\/\/donna-cristina.ch\/fr\/wp-json\/wp\/v2\/media?parent=11718"}],"wp:term":[{"taxonomy":"product_brand","embeddable":true,"href":"https:\/\/donna-cristina.ch\/fr\/wp-json\/wp\/v2\/product_brand?post=11718"},{"taxonomy":"product_cat","embeddable":true,"href":"https:\/\/donna-cristina.ch\/fr\/wp-json\/wp\/v2\/product_cat?post=11718"},{"taxonomy":"product_tag","embeddable":true,"href":"https:\/\/donna-cristina.ch\/fr\/wp-json\/wp\/v2\/product_tag?post=11718"}],"curies":[{"name":"wp","href":"https:\/\/api.w.org\/{rel}","templated":true}]}}