{"id":11747,"date":"2025-01-07T16:31:56","date_gmt":"2025-01-07T16:31:56","guid":{"rendered":"https:\/\/donna-cristina.ch\/8-reves-aoc-valais\/"},"modified":"2025-01-07T16:31:56","modified_gmt":"2025-01-07T16:31:56","slug":"8-reves-aoc-valais","status":"publish","type":"product","link":"https:\/\/donna-cristina.ch\/fr\/8-reves-aoc-valais\/","title":{"rendered":"8 R\u00eaves AOC Valais"},"content":{"rendered":"<p>Le premier vin d\u2019exception de la Linea Helvetica que nous proposons en janvier est un Ros\u00e9. Compl\u00e8tement \u00e0 contre-courant de la tendance : Ce Ros\u00e9 se boit aussi en hiver : il s&rsquo;appelle 8 R\u00eaves qui se r\u00e9alisent tou au long de la d\u00e9gustation.<br \/>\n8 R\u00eaves de bonheur enferm\u00e9s dans un Ros\u00e9 de conte de f\u00e9es fin, long, caressant et fruit\u00e9.<\/p>\n<p>Mill\u00e9sime\u00a0: 2023<\/p>\n<p>Type de vin : Ros\u00e9<\/p>\n<p>Encavage : Acier<\/p>\n<p>Id\u00e9al avec : Allrounder soyeux<\/p>\n<p>Robe : \u00c9l\u00e9gante<\/p>\n<p>Ar\u00f4mes : Fruits et air frais de\u00a0 montagne<\/p>\n<p>Pays\u00a0: Suisse<\/p>\n<p>Canton\u00a0: Valais<\/p>\n<p>C\u00e9pages : Merlot, Gamay<\/p>\n<p>Embouteillage : 0.75l<\/p>\n<p>Teneur en alcool : 13%<\/p>\n<p>D\u00e9gustation : de suite +2 ans<\/p>\n","protected":false},"excerpt":{"rendered":"<p>Le premier vin d\u2019exception de la Linea Helvetica que nous proposons en janvier est un Ros\u00e9. Compl\u00e8tement \u00e0 contre-courant de la tendance : Ce Ros\u00e9&#8230;<\/p>\n","protected":false},"featured_media":11741,"comment_status":"closed","ping_status":"closed","template":"","meta":[],"product_brand":[],"product_cat":[183,78],"product_tag":[],"class_list":{"0":"post-11747","1":"product","2":"type-product","3":"status-publish","4":"has-post-thumbnail","6":"product_cat-linea-helvetica-fr","7":"product_cat-vins-rose","9":"first","10":"instock","11":"shipping-taxable","12":"purchasable","13":"product-type-simple"},"_links":{"self":[{"href":"https:\/\/donna-cristina.ch\/fr\/wp-json\/wp\/v2\/product\/11747","targetHints":{"allow":["GET"]}}],"collection":[{"href":"https:\/\/donna-cristina.ch\/fr\/wp-json\/wp\/v2\/product"}],"about":[{"href":"https:\/\/donna-cristina.ch\/fr\/wp-json\/wp\/v2\/types\/product"}],"replies":[{"embeddable":true,"href":"https:\/\/donna-cristina.ch\/fr\/wp-json\/wp\/v2\/comments?post=11747"}],"wp:featuredmedia":[{"embeddable":true,"href":"https:\/\/donna-cristina.ch\/fr\/wp-json\/wp\/v2\/media\/11741"}],"wp:attachment":[{"href":"https:\/\/donna-cristina.ch\/fr\/wp-json\/wp\/v2\/media?parent=11747"}],"wp:term":[{"taxonomy":"product_brand","embeddable":true,"href":"https:\/\/donna-cristina.ch\/fr\/wp-json\/wp\/v2\/product_brand?post=11747"},{"taxonomy":"product_cat","embeddable":true,"href":"https:\/\/donna-cristina.ch\/fr\/wp-json\/wp\/v2\/product_cat?post=11747"},{"taxonomy":"product_tag","embeddable":true,"href":"https:\/\/donna-cristina.ch\/fr\/wp-json\/wp\/v2\/product_tag?post=11747"}],"curies":[{"name":"wp","href":"https:\/\/api.w.org\/{rel}","templated":true}]}}