{"id":11776,"date":"2025-03-02T12:51:01","date_gmt":"2025-03-02T12:51:01","guid":{"rendered":"https:\/\/donna-cristina.ch\/tempete-de-perles-rose-brut-vdp-suisse-linea-helvetica\/"},"modified":"2025-03-02T13:04:59","modified_gmt":"2025-03-02T13:04:59","slug":"tempete-de-perles-rose-brut-vdp-suisse-linea-helvetica","status":"publish","type":"product","link":"https:\/\/donna-cristina.ch\/fr\/tempete-de-perles-rose-brut-vdp-suisse-linea-helvetica\/","title":{"rendered":"Temp\u00eate de Perles &#8211; Ros\u00e9 Brut VdP Suisse &#8211; Linea Helvetica"},"content":{"rendered":"<p>Temp\u00eate de Perles<\/p>\n<p>Notre deuxi\u00e8me vin d\u2019exception de la Linea Helvetica que nous proposons dans la gamme est un Ros\u00e9 Brut. Totalement extraordinaire : l\u2019effervescence inonde notre palais comme une temp\u00eate de perles et laisse un ar\u00f4me de prune en finale sans agresser notre estomac. \u00c9tonnant. La question demeure : \u00ab Comment cela a-t-il pu arriver ? \u00bb La question reste ouverte pour les philosophes et les penseurs, nous voulons simplement chouchouter \u00e0 nouveau notre palais.<br \/>\nLa r\u00e9alit\u00e9 est qu\u2019il y a beaucoup de travail derri\u00e8re chaque perle, m\u00eame si cela appara\u00eet si incroyablement simple et \u00e9vident.<\/p>\n<p>Oubliez les mots pour d\u00e9crire ce vin. Il parle \u00e0 vos \u00e9motions.<\/p>\n<p>Mill\u00e9sime\u00a0: 2024<br \/>\nType de vin : Ros\u00e9 Brut<br \/>\nEncavage : Acier<br \/>\nId\u00e9al avec : ap\u00e9ritif, fruits de mer<br \/>\nRobe : \u00c9l\u00e9gante<br \/>\nAr\u00f4mes : Prune<br \/>\nPays\u00a0: Suisse<br \/>\nCanton\u00a0: Valais<br \/>\nC\u00e9pages : Pinot Gris et Pinot Noir<br \/>\nRemplissage\u00a0: 0.75l<br \/>\nTeneur en alcool : 12\u00a0%<br \/>\nD\u00e9gustation : D\u00e8s maintenant +5 ans<\/p>\n","protected":false},"excerpt":{"rendered":"<p>Temp\u00eate de Perles Notre deuxi\u00e8me vin d\u2019exception de la Linea Helvetica que nous proposons dans la gamme est un Ros\u00e9 Brut. Totalement extraordinaire : l\u2019effervescence&#8230;<\/p>\n","protected":false},"featured_media":11772,"comment_status":"closed","ping_status":"closed","template":"","meta":[],"product_brand":[],"product_cat":[183,69,78],"product_tag":[],"class_list":{"0":"post-11776","1":"product","2":"type-product","3":"status-publish","4":"has-post-thumbnail","6":"product_cat-linea-helvetica-fr","7":"product_cat-vins-mousseux-vins-petillants","8":"product_cat-vins-rose","10":"first","11":"instock","12":"shipping-taxable","13":"purchasable","14":"product-type-simple"},"_links":{"self":[{"href":"https:\/\/donna-cristina.ch\/fr\/wp-json\/wp\/v2\/product\/11776","targetHints":{"allow":["GET"]}}],"collection":[{"href":"https:\/\/donna-cristina.ch\/fr\/wp-json\/wp\/v2\/product"}],"about":[{"href":"https:\/\/donna-cristina.ch\/fr\/wp-json\/wp\/v2\/types\/product"}],"replies":[{"embeddable":true,"href":"https:\/\/donna-cristina.ch\/fr\/wp-json\/wp\/v2\/comments?post=11776"}],"wp:featuredmedia":[{"embeddable":true,"href":"https:\/\/donna-cristina.ch\/fr\/wp-json\/wp\/v2\/media\/11772"}],"wp:attachment":[{"href":"https:\/\/donna-cristina.ch\/fr\/wp-json\/wp\/v2\/media?parent=11776"}],"wp:term":[{"taxonomy":"product_brand","embeddable":true,"href":"https:\/\/donna-cristina.ch\/fr\/wp-json\/wp\/v2\/product_brand?post=11776"},{"taxonomy":"product_cat","embeddable":true,"href":"https:\/\/donna-cristina.ch\/fr\/wp-json\/wp\/v2\/product_cat?post=11776"},{"taxonomy":"product_tag","embeddable":true,"href":"https:\/\/donna-cristina.ch\/fr\/wp-json\/wp\/v2\/product_tag?post=11776"}],"curies":[{"name":"wp","href":"https:\/\/api.w.org\/{rel}","templated":true}]}}