{"id":11877,"date":"2025-05-17T10:03:53","date_gmt":"2025-05-17T10:03:53","guid":{"rendered":"https:\/\/donna-cristina.ch\/le-cantonal-aoc-st-gallen-unite-de-commande-12-bouteilles-linea-helvetica\/"},"modified":"2025-05-17T11:54:24","modified_gmt":"2025-05-17T11:54:24","slug":"le-cantonal-aoc-st-gallen-unite-de-commande-12-bouteilles-linea-helvetica","status":"publish","type":"product","link":"https:\/\/donna-cristina.ch\/fr\/le-cantonal-aoc-st-gallen-unite-de-commande-12-bouteilles-linea-helvetica\/","title":{"rendered":"Le Cantonal AOC St. Gallen &#8211; Unit\u00e9 de commande: 12 Bouteilles &#8211; Linea Helvetica"},"content":{"rendered":"<p>Ann\u00e9e: 2023<\/p>\n<p>Type de vin: Rouge<\/p>\n<p>Encavage: Acier<\/p>\n<p>Id\u00e9al avec: Allrounder \u00c9t\u00e9r\u00e9<\/p>\n<p>Robe: \u00c9l\u00e9gante<\/p>\n<p>Ar\u00f4mes: Fruits rouges d\u00e9licats et brise du Lac<\/p>\n<p>Pays: Suisse<\/p>\n<p>Kanton: St. Gall<\/p>\n<p>C\u00e9page: Pinot Noir<\/p>\n<p>Embouteillage: 0.20l<\/p>\n<p>Teneur en alcool: 12.80%<\/p>\n<p>Degustation: De suite + 6 ans<\/p>\n<p>&nbsp;<\/p>\n<p>&nbsp;<\/p>\n","protected":false},"excerpt":{"rendered":"<p>Pour tous ceux qui croient que plus les bijoux sont petits, plus ils ont une valeur sentimentale qui va droit au c\u0153ur.<\/p>\n<p>Le Cantonal est n\u00e9 d&rsquo;un r\u00eave : d&rsquo;un h\u00e9ritage spirituel qui a toujours li\u00e9 le vin \u00e0 la famille Guarino.<\/p>\n<p>Le Cantonal est 100% Suisse jusque dans les moindres d\u00e9tails.<\/p>\n<p>Le format mini (20cl) ne doit pas tromper : l&#8217;emballage chou contient un Pinot Noir qui a respir\u00e9 l&rsquo;air du lac de Constance et qui dans sa l\u00e9g\u00e8ret\u00e9 renferme un bouquet fruit\u00e9 pr\u00e9sent, sans aciditt\u00e9.<\/p>\n<p>Il est parfait pour ceux qui veulent siroter un verre le soir et ont des engagements professionnels le lendemain.<\/p>\n<p>Pour ceux qui veulent un verre pour eux tout seuls sans avoir \u00e0 garder la bouteille. C&rsquo;est phnatstique. C&rsquo;est pour Donna Cristina&amp;Friends.<\/p>\n<p>Tr\u00e8s repr\u00e9sentatif \u00e9galement en tant que cadeau d&rsquo;entreprise consciente du style.<\/p>\n","protected":false},"featured_media":11956,"comment_status":"closed","ping_status":"closed","template":"","meta":[],"product_brand":[],"product_cat":[183,75,81],"product_tag":[],"class_list":{"0":"post-11877","1":"product","2":"type-product","3":"status-publish","4":"has-post-thumbnail","6":"product_cat-linea-helvetica-fr","7":"product_cat-vins","8":"product_cat-vins-rouges","10":"first","11":"instock","12":"shipping-taxable","13":"purchasable","14":"product-type-simple"},"_links":{"self":[{"href":"https:\/\/donna-cristina.ch\/fr\/wp-json\/wp\/v2\/product\/11877","targetHints":{"allow":["GET"]}}],"collection":[{"href":"https:\/\/donna-cristina.ch\/fr\/wp-json\/wp\/v2\/product"}],"about":[{"href":"https:\/\/donna-cristina.ch\/fr\/wp-json\/wp\/v2\/types\/product"}],"replies":[{"embeddable":true,"href":"https:\/\/donna-cristina.ch\/fr\/wp-json\/wp\/v2\/comments?post=11877"}],"wp:featuredmedia":[{"embeddable":true,"href":"https:\/\/donna-cristina.ch\/fr\/wp-json\/wp\/v2\/media\/11956"}],"wp:attachment":[{"href":"https:\/\/donna-cristina.ch\/fr\/wp-json\/wp\/v2\/media?parent=11877"}],"wp:term":[{"taxonomy":"product_brand","embeddable":true,"href":"https:\/\/donna-cristina.ch\/fr\/wp-json\/wp\/v2\/product_brand?post=11877"},{"taxonomy":"product_cat","embeddable":true,"href":"https:\/\/donna-cristina.ch\/fr\/wp-json\/wp\/v2\/product_cat?post=11877"},{"taxonomy":"product_tag","embeddable":true,"href":"https:\/\/donna-cristina.ch\/fr\/wp-json\/wp\/v2\/product_tag?post=11877"}],"curies":[{"name":"wp","href":"https:\/\/api.w.org\/{rel}","templated":true}]}}