{"id":11936,"date":"2025-05-17T15:40:14","date_gmt":"2025-05-17T15:40:14","guid":{"rendered":"https:\/\/donna-cristina.ch\/amaro-di-rucola-roquette-i-tesori-di-famiglia\/"},"modified":"2025-05-17T15:40:14","modified_gmt":"2025-05-17T15:40:14","slug":"amaro-di-rucola-roquette-i-tesori-di-famiglia","status":"publish","type":"product","link":"https:\/\/donna-cristina.ch\/fr\/amaro-di-rucola-roquette-i-tesori-di-famiglia\/","title":{"rendered":"Amaro di Rucola (Roquette) &#8211; I Tesori di Famiglia"},"content":{"rendered":"<p>Produit: Amaro<br \/>\nId\u00e9al comme: ap\u00e9ro, digestif et ingr\u00e9dient de cocktails et dessert<br \/>\nParfum: herbes<br \/>\nPays: Italie<br \/>\nR\u00e9gion: Campanie<br \/>\nFormat: 0.20l<br \/>\nAr\u00f4mes: Roquette<br \/>\nTeneur en alcool: 30%<br \/>\nTemp\u00e9rature: servir glac\u00e9<\/p>\n","protected":false},"excerpt":{"rendered":"<p>Produit: Amaro Id\u00e9al comme: ap\u00e9ro, digestif et ingr\u00e9dient de cocktails et dessert Parfum: herbes Pays: Italie R\u00e9gion: Campanie Format: 0.20l Ar\u00f4mes: Roquette Teneur en alcool:&#8230;<\/p>\n","protected":false},"featured_media":11932,"comment_status":"closed","ping_status":"closed","template":"","meta":[],"product_brand":[],"product_cat":[188,66],"product_tag":[],"class_list":{"0":"post-11936","1":"product","2":"type-product","3":"status-publish","4":"has-post-thumbnail","6":"product_cat-i-tesori-di-famiglia-fr","7":"product_cat-liqueurs","9":"first","10":"instock","11":"shipping-taxable","12":"purchasable","13":"product-type-simple"},"_links":{"self":[{"href":"https:\/\/donna-cristina.ch\/fr\/wp-json\/wp\/v2\/product\/11936","targetHints":{"allow":["GET"]}}],"collection":[{"href":"https:\/\/donna-cristina.ch\/fr\/wp-json\/wp\/v2\/product"}],"about":[{"href":"https:\/\/donna-cristina.ch\/fr\/wp-json\/wp\/v2\/types\/product"}],"replies":[{"embeddable":true,"href":"https:\/\/donna-cristina.ch\/fr\/wp-json\/wp\/v2\/comments?post=11936"}],"wp:featuredmedia":[{"embeddable":true,"href":"https:\/\/donna-cristina.ch\/fr\/wp-json\/wp\/v2\/media\/11932"}],"wp:attachment":[{"href":"https:\/\/donna-cristina.ch\/fr\/wp-json\/wp\/v2\/media?parent=11936"}],"wp:term":[{"taxonomy":"product_brand","embeddable":true,"href":"https:\/\/donna-cristina.ch\/fr\/wp-json\/wp\/v2\/product_brand?post=11936"},{"taxonomy":"product_cat","embeddable":true,"href":"https:\/\/donna-cristina.ch\/fr\/wp-json\/wp\/v2\/product_cat?post=11936"},{"taxonomy":"product_tag","embeddable":true,"href":"https:\/\/donna-cristina.ch\/fr\/wp-json\/wp\/v2\/product_tag?post=11936"}],"curies":[{"name":"wp","href":"https:\/\/api.w.org\/{rel}","templated":true}]}}