{"id":6500,"date":"2020-05-09T06:10:34","date_gmt":"2020-05-09T06:10:34","guid":{"rendered":"https:\/\/donna-cristina.ch\/produkt\/8-filari-d-o-c\/"},"modified":"2024-01-12T10:47:46","modified_gmt":"2024-01-12T10:47:46","slug":"8-filari-d-o-c","status":"publish","type":"product","link":"https:\/\/donna-cristina.ch\/fr\/8-filari-d-o-c\/","title":{"rendered":"8 Filari D.O.C."},"content":{"rendered":"<p><strong>Ann\u00e9e<\/strong>: 2021<br \/>\n<strong>Type de vin<\/strong>: rouge<br \/>\n<strong>Passage en barrique<\/strong>: futs en acier inox<br \/>\n<strong>Id\u00e9al avec<\/strong>: entr\u00e9es, viande blanche, charcuterie et fromage<br \/>\n<strong>Corps<\/strong>: moyen<br \/>\n<strong>Parfum<\/strong>: fruit\u00e9<br \/>\n<strong>Pays<\/strong>: Italie<br \/>\n<strong>R\u00e9gion<\/strong>: Pi\u00e9mont<br \/>\n<strong>C\u00e9pages<\/strong>: Barbera, Dolcetto, Freisa, Bonarda, Albarossa, Merlot, Syrah et Cabernet Sauvignon<br \/>\n<strong>Format<\/strong>: 0.75l<br \/>\n<strong>Ar\u00f4mes<\/strong>: fruits rouges, vanille et \u00e9pices<br \/>\n<strong>Teneur en alcool<\/strong>: 13.50%<br \/>\n<strong>Temp\u00e9rature<\/strong>: 18 \u00b0C<br \/>\n<strong>Degustation<\/strong>: de suite + 6 ans<\/p>\n","protected":false},"excerpt":{"rendered":"<p>Rouge rubis intense avec profonds reflets violets, parfum constant aux fruits rouges, vanille et \u00e9pices. El\u00e9gant au palais. Ce vin est le r\u00e9sultat d\u2019une ma\u00eetrise raffin\u00e9e dans la composition de 8 c\u00e9pages diff\u00e9rents. Id\u00e9al \u00e0 la table, mais aussi pour se d\u00e9tendre, ce rouge dynamique vous caresse avec sa finesse.<\/p>\n<p><em>\u00c9couter la d\u00e9scription<\/em><\/p>\n[audio m4a=\"https:\/\/donna-cristina.ch\/wp-content\/uploads\/2020\/05\/8-Filari-FRA-1.m4a\"][\/audio]\n","protected":false},"featured_media":8534,"comment_status":"closed","ping_status":"closed","template":"","meta":[],"product_brand":[],"product_cat":[81],"product_tag":[],"class_list":{"0":"post-6500","1":"product","2":"type-product","3":"status-publish","4":"has-post-thumbnail","6":"product_cat-vins-rouges","7":"pa_weinregion-piemont-fr","9":"first","10":"instock","11":"shipping-taxable","12":"purchasable","13":"product-type-simple"},"_links":{"self":[{"href":"https:\/\/donna-cristina.ch\/fr\/wp-json\/wp\/v2\/product\/6500","targetHints":{"allow":["GET"]}}],"collection":[{"href":"https:\/\/donna-cristina.ch\/fr\/wp-json\/wp\/v2\/product"}],"about":[{"href":"https:\/\/donna-cristina.ch\/fr\/wp-json\/wp\/v2\/types\/product"}],"replies":[{"embeddable":true,"href":"https:\/\/donna-cristina.ch\/fr\/wp-json\/wp\/v2\/comments?post=6500"}],"wp:featuredmedia":[{"embeddable":true,"href":"https:\/\/donna-cristina.ch\/fr\/wp-json\/wp\/v2\/media\/8534"}],"wp:attachment":[{"href":"https:\/\/donna-cristina.ch\/fr\/wp-json\/wp\/v2\/media?parent=6500"}],"wp:term":[{"taxonomy":"product_brand","embeddable":true,"href":"https:\/\/donna-cristina.ch\/fr\/wp-json\/wp\/v2\/product_brand?post=6500"},{"taxonomy":"product_cat","embeddable":true,"href":"https:\/\/donna-cristina.ch\/fr\/wp-json\/wp\/v2\/product_cat?post=6500"},{"taxonomy":"product_tag","embeddable":true,"href":"https:\/\/donna-cristina.ch\/fr\/wp-json\/wp\/v2\/product_tag?post=6500"}],"curies":[{"name":"wp","href":"https:\/\/api.w.org\/{rel}","templated":true}]}}