{"id":6515,"date":"2020-05-11T20:46:42","date_gmt":"2020-05-11T20:46:42","guid":{"rendered":"https:\/\/donna-cristina.ch\/produkt\/brunello-di-montalcino-d-o-c-g\/"},"modified":"2025-01-07T14:07:04","modified_gmt":"2025-01-07T14:07:04","slug":"brunello-di-montalcino-d-o-c-g","status":"publish","type":"product","link":"https:\/\/donna-cristina.ch\/fr\/brunello-di-montalcino-d-o-c-g\/","title":{"rendered":"Brunello di Montalcino D.O.C.G."},"content":{"rendered":"<p><strong>Type de vin<\/strong>: rouge<br \/>\n<strong>Passage en barrique<\/strong>: 30 mois en barriques d\u2018Allier<br \/>\n<strong>Id\u00e9al avec<\/strong>: viande, charcuterie et fromage<br \/>\n<strong>Corps<\/strong>: moyen<br \/>\n<strong>Parfum<\/strong>: fruit\u00e9<br \/>\n<strong>Pays<\/strong>: Italie<br \/>\n<strong>R\u00e9gion<\/strong>: Toscane<br \/>\n<strong>C\u00e9pages<\/strong>: 100% Sangiovese<br \/>\n<strong>Format<\/strong>: 0,75l<br \/>\n<strong>Ar\u00f4mes<\/strong>: prunes m\u00fbres, \u00e9pices et cuir<br \/>\n<strong>Temp\u00e9rature<\/strong>: 18 \u00b0C<br \/>\n<strong>D\u00e9gustation<\/strong>: de suite + 8 ans<\/p>\n","protected":false},"excerpt":{"rendered":"<p>Couleur rouge rubis intense aux refl\u00e8ts violets et un ar\u00f4me d\u00e9licat de prunes m\u00fbres pour ce prince d\u2018\u00e9l\u00e9gance. La note aux \u00e9pices et cuir en fin de bouche amplifie le plaisir de la d\u00e9gustation. Plaisant au palais, pr\u00e9sent, mais l\u00e9ger, a un fin de bouche long et harmonieux. C\u2019est le produit id\u00e9al pour ceux qui aiment d\u00e9couvrir les ar\u00f4mes lentement.<\/p>\n<p class=\"p1\"><em>\u00c9couter la d\u00e9scription<\/em><\/p>\n[audio m4a=\"https:\/\/donna-cristina.ch\/wp-content\/uploads\/2020\/05\/Brunello-di-Montalcino-FRA-1.m4a\"][\/audio]\n","protected":false},"featured_media":8574,"comment_status":"closed","ping_status":"closed","template":"","meta":[],"product_brand":[],"product_cat":[81],"product_tag":[],"class_list":{"0":"post-6515","1":"product","2":"type-product","3":"status-publish","4":"has-post-thumbnail","6":"product_cat-vins-rouges","7":"pa_weinregion-toscana-fr","9":"first","10":"outofstock","11":"shipping-taxable","12":"purchasable","13":"product-type-simple"},"_links":{"self":[{"href":"https:\/\/donna-cristina.ch\/fr\/wp-json\/wp\/v2\/product\/6515","targetHints":{"allow":["GET"]}}],"collection":[{"href":"https:\/\/donna-cristina.ch\/fr\/wp-json\/wp\/v2\/product"}],"about":[{"href":"https:\/\/donna-cristina.ch\/fr\/wp-json\/wp\/v2\/types\/product"}],"replies":[{"embeddable":true,"href":"https:\/\/donna-cristina.ch\/fr\/wp-json\/wp\/v2\/comments?post=6515"}],"wp:featuredmedia":[{"embeddable":true,"href":"https:\/\/donna-cristina.ch\/fr\/wp-json\/wp\/v2\/media\/8574"}],"wp:attachment":[{"href":"https:\/\/donna-cristina.ch\/fr\/wp-json\/wp\/v2\/media?parent=6515"}],"wp:term":[{"taxonomy":"product_brand","embeddable":true,"href":"https:\/\/donna-cristina.ch\/fr\/wp-json\/wp\/v2\/product_brand?post=6515"},{"taxonomy":"product_cat","embeddable":true,"href":"https:\/\/donna-cristina.ch\/fr\/wp-json\/wp\/v2\/product_cat?post=6515"},{"taxonomy":"product_tag","embeddable":true,"href":"https:\/\/donna-cristina.ch\/fr\/wp-json\/wp\/v2\/product_tag?post=6515"}],"curies":[{"name":"wp","href":"https:\/\/api.w.org\/{rel}","templated":true}]}}