{"id":6610,"date":"2020-05-13T19:45:49","date_gmt":"2020-05-13T19:45:49","guid":{"rendered":"https:\/\/donna-cristina.ch\/produkt\/greco-di-bianco-d-o-c\/"},"modified":"2025-01-07T14:09:31","modified_gmt":"2025-01-07T14:09:31","slug":"greco-di-bianco-d-o-c","status":"publish","type":"product","link":"https:\/\/donna-cristina.ch\/fr\/greco-di-bianco-d-o-c\/","title":{"rendered":"Greco di Bianco D.O.C. &#8211; rupture de stock"},"content":{"rendered":"<p><strong>Ann\u00e9e<\/strong>: 2012<br \/>\n<strong>Type de vin<\/strong>: blanc passito, doux<br \/>\n<strong>Passage en barrique<\/strong>: barriques fran\u00e7aises<br \/>\n<strong>Id\u00e9al avec<\/strong>: desserts, foie gras, fromages et pour la m\u00e9ditation<br \/>\n<strong>Parfum<\/strong>: fruit\u00e9<br \/>\n<strong>Pays<\/strong>: Italie<br \/>\n<strong>R\u00e9gion<\/strong>: Calabre<br \/>\n<strong>C\u00e9page<\/strong>: Greco di Bianco 100%<br \/>\n<strong>Format<\/strong>: 0.50l<br \/>\n<strong>Ar\u00f4mes<\/strong>: fleurs d\u2018oranger et amandes<br \/>\n<strong>Teneur en alcool:<\/strong> 15%<br \/>\n<strong>Temp\u00e9rature<\/strong>: 7-10 \u00b0C<br \/>\n<strong>D\u00e9gustation<\/strong>: de suite jusqu\u2018\u00e0 20 ans<\/p>\n","protected":false},"excerpt":{"rendered":"<p>La l\u00e9gende raconte qu\u2019en 560 av. J.-C. 10 000 Locresi ont r\u00e9ussi \u00e0 vaincre l\u2019arm\u00e9e de Crotone de 130 000 hommes dans la bataille aupr\u00e8s du Sagra, gr\u00e2ce \u00e0 un vin ancien, le Greco di Bianco, capable de donner courage et force surhumains. Pour cette raison, il \u00e9tait tr\u00e8s aim\u00e9 aussi par les empereurs romains et au XIXe si\u00e8cle \u00e9tait prescrit par les medecins comme tonique et dans les \u00e9puisements nerveux. Couleur ambre, juteux, riche et velout\u00e9, fait avec le proc\u00e9d\u00e9 de pourriture noble avec un ar\u00f4me d\u2019amandes et de fleurs d\u2019oranger. Simplement exceptionnel.<\/p>\n<p class=\"p1\">\u00c9couter la d\u00e9scription<\/p>\n[audio m4a=\"https:\/\/donna-cristina.ch\/wp-content\/uploads\/2020\/05\/Greco-di-Bianco-FRA.m4a\"][\/audio]\n","protected":false},"featured_media":8327,"comment_status":"closed","ping_status":"closed","template":"","meta":[],"product_brand":[],"product_cat":[84],"product_tag":[],"class_list":{"0":"post-6610","1":"product","2":"type-product","3":"status-publish","4":"has-post-thumbnail","6":"product_cat-vins-doux","7":"pa_weinregion-calabre","9":"first","10":"outofstock","11":"shipping-taxable","12":"purchasable","13":"product-type-simple"},"_links":{"self":[{"href":"https:\/\/donna-cristina.ch\/fr\/wp-json\/wp\/v2\/product\/6610","targetHints":{"allow":["GET"]}}],"collection":[{"href":"https:\/\/donna-cristina.ch\/fr\/wp-json\/wp\/v2\/product"}],"about":[{"href":"https:\/\/donna-cristina.ch\/fr\/wp-json\/wp\/v2\/types\/product"}],"replies":[{"embeddable":true,"href":"https:\/\/donna-cristina.ch\/fr\/wp-json\/wp\/v2\/comments?post=6610"}],"wp:featuredmedia":[{"embeddable":true,"href":"https:\/\/donna-cristina.ch\/fr\/wp-json\/wp\/v2\/media\/8327"}],"wp:attachment":[{"href":"https:\/\/donna-cristina.ch\/fr\/wp-json\/wp\/v2\/media?parent=6610"}],"wp:term":[{"taxonomy":"product_brand","embeddable":true,"href":"https:\/\/donna-cristina.ch\/fr\/wp-json\/wp\/v2\/product_brand?post=6610"},{"taxonomy":"product_cat","embeddable":true,"href":"https:\/\/donna-cristina.ch\/fr\/wp-json\/wp\/v2\/product_cat?post=6610"},{"taxonomy":"product_tag","embeddable":true,"href":"https:\/\/donna-cristina.ch\/fr\/wp-json\/wp\/v2\/product_tag?post=6610"}],"curies":[{"name":"wp","href":"https:\/\/api.w.org\/{rel}","templated":true}]}}