{"id":6640,"date":"2020-05-13T20:05:18","date_gmt":"2020-05-13T20:05:18","guid":{"rendered":"https:\/\/donna-cristina.ch\/produkt\/liquore-limoncello-antiche-ricette-di-famiglia\/"},"modified":"2024-01-12T10:56:03","modified_gmt":"2024-01-12T10:56:03","slug":"liquore-limoncello-antiche-ricette-di-famiglia","status":"publish","type":"product","link":"https:\/\/donna-cristina.ch\/fr\/liquore-limoncello-antiche-ricette-di-famiglia\/","title":{"rendered":"Liquore Limoncello \u2013 Antiche Ricette di Famiglia"},"content":{"rendered":"<p>Produit: Liqueur<br \/>\nId\u00e9al comme: ap\u00e9ro, digestif et ingr\u00e9dient de cocktails et dessert<br \/>\nParfum: zeste de citron<br \/>\nPays: Italie<br \/>\nR\u00e9gion: Campanie<br \/>\nFormat: 0.70l<br \/>\nAr\u00f4mes: zeste de citron<br \/>\nTeneur en alcool: 28%<br \/>\nTemp\u00e9rature: servir glac\u00e9<\/p>\n","protected":false},"excerpt":{"rendered":"<p>Le limoncello est une liqueur italienne originaire de la region Campanie \u00e0 base de zeste de citron \u00e0 d\u00e9guster en tant que digestif. Le go\u00fbt du fruit est intense et il est coutume en Italie de le servir en ap\u00e9ritif ou dans des cocktailes. Cette liqueur au citron se marie parfaitement avec une salade de fruits, des desserts ou simplement sur des glaces ou des sorbets aux agrumes.<\/p>\n<p>Notre Limoncello artisanal est produit \u00e0 partir d\u2019une ancienne recette de famille: cela ce traduit dans des temps de pr\u00e9paration prolong\u00e9s et un resultat tout simplement superbe. Pendant la d\u00e9gustation Vous aurez d\u2019embl\u00e9 l\u2019impression d\u2019\u00eatre sur un pic de la C\u00f4te Amalfitaine parmi des citronniers avec une vue imprenable sur une mer bleue profonde, embrass\u00e9s par le soleil.<\/p>\n<p class=\"p1\">\u00c9couter la d\u00e9scription<\/p>\n[audio m4a=\"https:\/\/donna-cristina.ch\/wp-content\/uploads\/2020\/05\/Liquore-Limoncello-FRA-1.m4a\"][\/audio]\n","protected":false},"featured_media":8323,"comment_status":"closed","ping_status":"closed","template":"","meta":[],"product_brand":[],"product_cat":[66],"product_tag":[],"class_list":{"0":"post-6640","1":"product","2":"type-product","3":"status-publish","4":"has-post-thumbnail","6":"product_cat-liqueurs","7":"pa_weinregion-campanie","9":"first","10":"instock","11":"shipping-taxable","12":"purchasable","13":"product-type-simple"},"_links":{"self":[{"href":"https:\/\/donna-cristina.ch\/fr\/wp-json\/wp\/v2\/product\/6640","targetHints":{"allow":["GET"]}}],"collection":[{"href":"https:\/\/donna-cristina.ch\/fr\/wp-json\/wp\/v2\/product"}],"about":[{"href":"https:\/\/donna-cristina.ch\/fr\/wp-json\/wp\/v2\/types\/product"}],"replies":[{"embeddable":true,"href":"https:\/\/donna-cristina.ch\/fr\/wp-json\/wp\/v2\/comments?post=6640"}],"wp:featuredmedia":[{"embeddable":true,"href":"https:\/\/donna-cristina.ch\/fr\/wp-json\/wp\/v2\/media\/8323"}],"wp:attachment":[{"href":"https:\/\/donna-cristina.ch\/fr\/wp-json\/wp\/v2\/media?parent=6640"}],"wp:term":[{"taxonomy":"product_brand","embeddable":true,"href":"https:\/\/donna-cristina.ch\/fr\/wp-json\/wp\/v2\/product_brand?post=6640"},{"taxonomy":"product_cat","embeddable":true,"href":"https:\/\/donna-cristina.ch\/fr\/wp-json\/wp\/v2\/product_cat?post=6640"},{"taxonomy":"product_tag","embeddable":true,"href":"https:\/\/donna-cristina.ch\/fr\/wp-json\/wp\/v2\/product_tag?post=6640"}],"curies":[{"name":"wp","href":"https:\/\/api.w.org\/{rel}","templated":true}]}}