{"id":6648,"date":"2020-05-13T20:07:56","date_gmt":"2020-05-13T20:07:56","guid":{"rendered":"https:\/\/donna-cristina.ch\/produkt\/liquore-mandarino-antiche-ricette-di-famiglia\/"},"modified":"2024-01-12T11:12:13","modified_gmt":"2024-01-12T11:12:13","slug":"liquore-mandarino-antiche-ricette-di-famiglia","status":"publish","type":"product","link":"https:\/\/donna-cristina.ch\/fr\/liquore-mandarino-antiche-ricette-di-famiglia\/","title":{"rendered":"Liquore Mandarino \u2013 Antiche Ricette di Famiglia"},"content":{"rendered":"<p>Notre liqueur Mandarino artisanale est produite \u00e0 partir d\u2019une ancienne recette de famille: cela ce traduit dans des temps de pr\u00e9paration prolong\u00e9s et un resultat tout simplement superbe. Durant la d\u00e9gustation de notre liqueur, vous serez imm\u00e9diatement submerg\u00e9 par le parfum du fruit, si intense que vous aurez l\u2019impression de plonger dans un bain de mandarines.<\/p>\n<p>Produit: Liqueur<br \/>\nId\u00e9al comme: ap\u00e9ro, digestif et ingr\u00e9dient de cocktails et dessert<br \/>\nTemp\u00e9rature: servir glac\u00e9<\/p>\n","protected":false},"excerpt":{"rendered":"<p>La Liqueur Mandarino ou Mandarinetto est une liqueur italienne originaire de la region Sicile \u00e0 base de zeste de mandarine \u00e0 d\u00e9guster en tant que digestif. Le go\u00fbt du fruit est intense et il est coutume en Italie de le servir en ap\u00e9ritif ou dans des cocktailes. Cette liqueur \u00e0 la mandarine se marie parfaitement avec une salade de fruits, des desserts ou simplement sur des glaces ou des sorbets aux agrumes.<\/p>\n[audio m4a=\"https:\/\/donna-cristina.ch\/wp-content\/uploads\/2020\/06\/Liquore-Mandarino-FRA.m4a\"][\/audio]\n","protected":false},"featured_media":8482,"comment_status":"closed","ping_status":"closed","template":"","meta":[],"product_brand":[],"product_cat":[66],"product_tag":[],"class_list":{"0":"post-6648","1":"product","2":"type-product","3":"status-publish","4":"has-post-thumbnail","6":"product_cat-liqueurs","7":"pa_weinregion-sicile","9":"first","10":"instock","11":"shipping-taxable","12":"purchasable","13":"product-type-simple"},"_links":{"self":[{"href":"https:\/\/donna-cristina.ch\/fr\/wp-json\/wp\/v2\/product\/6648","targetHints":{"allow":["GET"]}}],"collection":[{"href":"https:\/\/donna-cristina.ch\/fr\/wp-json\/wp\/v2\/product"}],"about":[{"href":"https:\/\/donna-cristina.ch\/fr\/wp-json\/wp\/v2\/types\/product"}],"replies":[{"embeddable":true,"href":"https:\/\/donna-cristina.ch\/fr\/wp-json\/wp\/v2\/comments?post=6648"}],"wp:featuredmedia":[{"embeddable":true,"href":"https:\/\/donna-cristina.ch\/fr\/wp-json\/wp\/v2\/media\/8482"}],"wp:attachment":[{"href":"https:\/\/donna-cristina.ch\/fr\/wp-json\/wp\/v2\/media?parent=6648"}],"wp:term":[{"taxonomy":"product_brand","embeddable":true,"href":"https:\/\/donna-cristina.ch\/fr\/wp-json\/wp\/v2\/product_brand?post=6648"},{"taxonomy":"product_cat","embeddable":true,"href":"https:\/\/donna-cristina.ch\/fr\/wp-json\/wp\/v2\/product_cat?post=6648"},{"taxonomy":"product_tag","embeddable":true,"href":"https:\/\/donna-cristina.ch\/fr\/wp-json\/wp\/v2\/product_tag?post=6648"}],"curies":[{"name":"wp","href":"https:\/\/api.w.org\/{rel}","templated":true}]}}