{"id":6708,"date":"2020-05-13T20:23:17","date_gmt":"2020-05-13T20:23:17","guid":{"rendered":"https:\/\/donna-cristina.ch\/produkt\/moscato-dasti-d-o-c-g\/"},"modified":"2024-01-12T11:44:00","modified_gmt":"2024-01-12T11:44:00","slug":"moscato-dasti-d-o-c-g","status":"publish","type":"product","link":"https:\/\/donna-cristina.ch\/fr\/moscato-dasti-d-o-c-g\/","title":{"rendered":"Moscato d\u2018Asti D.O.C.G."},"content":{"rendered":"<p><strong>Ann\u00e9e<\/strong>: 2022<br \/>\n<strong>Type de vin<\/strong>: blanc mousseux et doux<br \/>\n<strong>Passage en barrique<\/strong>: f\u00fbts en acier inox<br \/>\n<strong>Id\u00e9al avec<\/strong>: ap\u00e9ritif, dessert, salades compos\u00e9es, cuisine asiatique<br \/>\n<strong>Corps<\/strong>: l\u00e9ger<br \/>\n<strong>Parfum<\/strong>: fruit\u00e9<br \/>\n<strong>Pays<\/strong>: Italie<br \/>\n<strong>R\u00e9gion<\/strong>: Pi\u00e9mont<br \/>\n<strong>C\u00e9page<\/strong>: Moscato d\u2018Asti 100%<br \/>\n<strong>Format<\/strong>: 0.75l<br \/>\n<strong>Ar\u00f4mes:<\/strong> pomme Golden<br \/>\n<strong>Teneur en alcool<\/strong>: 5%<br \/>\n<strong>Temp\u00e9rature<\/strong>: 5-7 \u00b0C<\/p>\n","protected":false},"excerpt":{"rendered":"<p>Robe claire dor\u00e9e, bouquet \u00e0 la pomme Golden. Petillant et doux. Indispensable pendant les f\u00eates en Italie<\/p>\n<p class=\"p1\">\u00c9couter la d\u00e9scription<\/p>\n[audio m4a=\"https:\/\/donna-cristina.ch\/wp-content\/uploads\/2020\/05\/Moscato-dAsti-FRA-1.m4a\"][\/audio]\n","protected":false},"featured_media":8502,"comment_status":"closed","ping_status":"closed","template":"","meta":[],"product_brand":[],"product_cat":[84,69],"product_tag":[],"class_list":{"0":"post-6708","1":"product","2":"type-product","3":"status-publish","4":"has-post-thumbnail","6":"product_cat-vins-doux","7":"product_cat-vins-mousseux-vins-petillants","8":"pa_weinregion-piemont-fr","10":"first","11":"instock","12":"shipping-taxable","13":"purchasable","14":"product-type-simple"},"_links":{"self":[{"href":"https:\/\/donna-cristina.ch\/fr\/wp-json\/wp\/v2\/product\/6708","targetHints":{"allow":["GET"]}}],"collection":[{"href":"https:\/\/donna-cristina.ch\/fr\/wp-json\/wp\/v2\/product"}],"about":[{"href":"https:\/\/donna-cristina.ch\/fr\/wp-json\/wp\/v2\/types\/product"}],"replies":[{"embeddable":true,"href":"https:\/\/donna-cristina.ch\/fr\/wp-json\/wp\/v2\/comments?post=6708"}],"wp:featuredmedia":[{"embeddable":true,"href":"https:\/\/donna-cristina.ch\/fr\/wp-json\/wp\/v2\/media\/8502"}],"wp:attachment":[{"href":"https:\/\/donna-cristina.ch\/fr\/wp-json\/wp\/v2\/media?parent=6708"}],"wp:term":[{"taxonomy":"product_brand","embeddable":true,"href":"https:\/\/donna-cristina.ch\/fr\/wp-json\/wp\/v2\/product_brand?post=6708"},{"taxonomy":"product_cat","embeddable":true,"href":"https:\/\/donna-cristina.ch\/fr\/wp-json\/wp\/v2\/product_cat?post=6708"},{"taxonomy":"product_tag","embeddable":true,"href":"https:\/\/donna-cristina.ch\/fr\/wp-json\/wp\/v2\/product_tag?post=6708"}],"curies":[{"name":"wp","href":"https:\/\/api.w.org\/{rel}","templated":true}]}}