{"id":6739,"date":"2020-05-13T20:37:26","date_gmt":"2020-05-13T20:37:26","guid":{"rendered":"https:\/\/donna-cristina.ch\/produkt\/nero-di-troia-i-g-t\/"},"modified":"2025-01-07T14:22:44","modified_gmt":"2025-01-07T14:22:44","slug":"nero-di-troia-i-g-t","status":"publish","type":"product","link":"https:\/\/donna-cristina.ch\/fr\/nero-di-troia-i-g-t\/","title":{"rendered":"Nero di Troia I.G.T."},"content":{"rendered":"<p><strong>Ann\u00e9e<\/strong>: 2021<br \/>\n<strong>Type de vin<\/strong>: rouge<br \/>\n<strong>Passage en barrique<\/strong>: 6 mois<br \/>\n<strong>Id\u00e9al avec<\/strong>: pasta, agneau, cochon et formage<br \/>\n<strong>Corps<\/strong>: moyen<br \/>\n<strong>Parfum<\/strong>: fruit\u00e9<br \/>\n<strong>Pays<\/strong>: Italie<br \/>\n<strong>R\u00e9gion<\/strong>: Pouilles<br \/>\n<strong>C\u00e9pages<\/strong>: 100% Nero di Troia<br \/>\n<strong>Format<\/strong>: 0.75l<br \/>\n<strong>Ar\u00f4mes<\/strong>: fruits rouges<br \/>\n<strong>Teneur en alcool<\/strong>: 14%<br \/>\n<strong>Temp\u00e9rature<\/strong>: 18-20 \u00b0C<\/p>\n","protected":false},"excerpt":{"rendered":"<p>Reflets rubis rouges profonds; riche en bouche avec un parfum de fruits rouges m\u00fbrs. \u00c9pic\u00e9 dans l\u2019arri\u00e8re-go\u00fbt avec une note de tabac. Grande personalit\u00e9.<br \/>\nC\u2019est un c\u00e9page complexe et difficile, li\u00e9 aux tendances saisonni\u00e8res, mais d\u2019origines nobles: une des l\u00e9gendes raconte qu\u2019il a \u00e9t\u00e9 amen\u00e9 dans les Pouilles par Diomedes, fils du roi d\u2019Argos, chef de l\u2019Argives pendant le si\u00e8ge de Troie<\/p>\n<p class=\"p1\">\u00c9couter la d\u00e9scription<\/p>\n[audio m4a=\"https:\/\/donna-cristina.ch\/wp-content\/uploads\/2020\/05\/Nero-di-Troia-FRA.m4a\"][\/audio]\n","protected":false},"featured_media":8526,"comment_status":"closed","ping_status":"closed","template":"","meta":[],"product_brand":[],"product_cat":[81],"product_tag":[],"class_list":{"0":"post-6739","1":"product","2":"type-product","3":"status-publish","4":"has-post-thumbnail","6":"product_cat-vins-rouges","7":"pa_weinregion-pouilles","9":"first","10":"instock","11":"shipping-taxable","12":"purchasable","13":"product-type-simple"},"_links":{"self":[{"href":"https:\/\/donna-cristina.ch\/fr\/wp-json\/wp\/v2\/product\/6739","targetHints":{"allow":["GET"]}}],"collection":[{"href":"https:\/\/donna-cristina.ch\/fr\/wp-json\/wp\/v2\/product"}],"about":[{"href":"https:\/\/donna-cristina.ch\/fr\/wp-json\/wp\/v2\/types\/product"}],"replies":[{"embeddable":true,"href":"https:\/\/donna-cristina.ch\/fr\/wp-json\/wp\/v2\/comments?post=6739"}],"wp:featuredmedia":[{"embeddable":true,"href":"https:\/\/donna-cristina.ch\/fr\/wp-json\/wp\/v2\/media\/8526"}],"wp:attachment":[{"href":"https:\/\/donna-cristina.ch\/fr\/wp-json\/wp\/v2\/media?parent=6739"}],"wp:term":[{"taxonomy":"product_brand","embeddable":true,"href":"https:\/\/donna-cristina.ch\/fr\/wp-json\/wp\/v2\/product_brand?post=6739"},{"taxonomy":"product_cat","embeddable":true,"href":"https:\/\/donna-cristina.ch\/fr\/wp-json\/wp\/v2\/product_cat?post=6739"},{"taxonomy":"product_tag","embeddable":true,"href":"https:\/\/donna-cristina.ch\/fr\/wp-json\/wp\/v2\/product_tag?post=6739"}],"curies":[{"name":"wp","href":"https:\/\/api.w.org\/{rel}","templated":true}]}}