{"id":6769,"date":"2020-05-13T20:48:44","date_gmt":"2020-05-13T20:48:44","guid":{"rendered":"https:\/\/donna-cristina.ch\/produkt\/pinot-grigio-d-o-c\/"},"modified":"2024-01-12T12:29:34","modified_gmt":"2024-01-12T12:29:34","slug":"pinot-grigio-d-o-c","status":"publish","type":"product","link":"https:\/\/donna-cristina.ch\/fr\/pinot-grigio-d-o-c\/","title":{"rendered":"Pinot Grigio D.O.C."},"content":{"rendered":"<p><strong>Ann\u00e9e<\/strong>: 2022<br \/>\n<strong>Type de vin<\/strong>: Blanc<br \/>\n<strong>Passage en barrique<\/strong>: f\u00fbts en acier inox<br \/>\n<strong>Robe<\/strong>: Moyen<br \/>\n<strong>Id\u00e9al avec<\/strong>: entr\u00e9es, premiers cours de terre, poisson et viande blanche.<br \/>\n<strong>Parfum<\/strong>: fruit\u00e9<br \/>\n<strong>Pays<\/strong>: Italie<br \/>\n<strong>Region<\/strong>: Tyrol du Sud<br \/>\n<strong>C\u00e9page<\/strong>: Pinot Grigio 100%<br \/>\n<strong>Format<\/strong>: 0.75l<br \/>\n<strong>Ar\u00f4mes<\/strong>: poire, foin et citron<br \/>\n<strong>Teneur en alcool<\/strong>: 14%<br \/>\n<strong>Temp\u00e9rature<\/strong>: 12-14 \u00b0C<\/p>\n","protected":false},"excerpt":{"rendered":"<p>Jaune paille dor\u00e9 avec des notes fruit\u00e9es de poire, tress\u00e9es avec des ar\u00f4mes \u00e9l\u00e9gants de foin et citron. Frais au palais, juteux, mineral. L\u2018arri\u00e8re-go\u00fbt est persistant.<\/p>\n<p class=\"p1\">\u00c9couter la d\u00e9scription<\/p>\n[audio m4a=\"https:\/\/donna-cristina.ch\/wp-content\/uploads\/2020\/05\/Pinot-Grigio-FRA.m4a\"][\/audio]\n","protected":false},"featured_media":8486,"comment_status":"closed","ping_status":"closed","template":"","meta":[],"product_brand":[],"product_cat":[87],"product_tag":[],"class_list":{"0":"post-6769","1":"product","2":"type-product","3":"status-publish","4":"has-post-thumbnail","6":"product_cat-vins-blancs","7":"pa_weinregion-tyrol-du-sud","9":"first","10":"instock","11":"shipping-taxable","12":"purchasable","13":"product-type-simple"},"_links":{"self":[{"href":"https:\/\/donna-cristina.ch\/fr\/wp-json\/wp\/v2\/product\/6769","targetHints":{"allow":["GET"]}}],"collection":[{"href":"https:\/\/donna-cristina.ch\/fr\/wp-json\/wp\/v2\/product"}],"about":[{"href":"https:\/\/donna-cristina.ch\/fr\/wp-json\/wp\/v2\/types\/product"}],"replies":[{"embeddable":true,"href":"https:\/\/donna-cristina.ch\/fr\/wp-json\/wp\/v2\/comments?post=6769"}],"wp:featuredmedia":[{"embeddable":true,"href":"https:\/\/donna-cristina.ch\/fr\/wp-json\/wp\/v2\/media\/8486"}],"wp:attachment":[{"href":"https:\/\/donna-cristina.ch\/fr\/wp-json\/wp\/v2\/media?parent=6769"}],"wp:term":[{"taxonomy":"product_brand","embeddable":true,"href":"https:\/\/donna-cristina.ch\/fr\/wp-json\/wp\/v2\/product_brand?post=6769"},{"taxonomy":"product_cat","embeddable":true,"href":"https:\/\/donna-cristina.ch\/fr\/wp-json\/wp\/v2\/product_cat?post=6769"},{"taxonomy":"product_tag","embeddable":true,"href":"https:\/\/donna-cristina.ch\/fr\/wp-json\/wp\/v2\/product_tag?post=6769"}],"curies":[{"name":"wp","href":"https:\/\/api.w.org\/{rel}","templated":true}]}}