{"id":6785,"date":"2020-05-13T20:55:30","date_gmt":"2020-05-13T20:55:30","guid":{"rendered":"https:\/\/donna-cristina.ch\/produkt\/plenum-gratiae-appassimento-d-o-c\/"},"modified":"2024-01-12T10:41:42","modified_gmt":"2024-01-12T10:41:42","slug":"plenum-gratiae-appassimento-d-o-c","status":"publish","type":"product","link":"https:\/\/donna-cristina.ch\/fr\/plenum-gratiae-appassimento-d-o-c\/","title":{"rendered":"\u00abPlenum Gratiae\u00bb Appassimento D.O.C."},"content":{"rendered":"<p><strong>Ann\u00e9e<\/strong>: 2019<br \/>\n<strong>Type de vin<\/strong>: Rouge, pourriture noble<br \/>\n<strong>Passage en barrique<\/strong>: F\u00fbts en acier inox<br \/>\n<strong>Id\u00e9al avec<\/strong>: Entr\u00e9es, viande blanche, charcuterie et fromage<br \/>\n<strong>Corps<\/strong>: Moyen<br \/>\n<strong>Parfum<\/strong>: Fruit\u00e9<br \/>\n<strong>Pays<\/strong>: Italie<br \/>\n<strong>R\u00e9gion<\/strong>: Pi\u00e9mont<br \/>\n<strong>C\u00e9pages<\/strong>: Barbera, et Dolcetto<br \/>\n<strong>Format<\/strong>: 0.75l<br \/>\n<strong>Ar\u00f4mes<\/strong>: Fruits rouges et \u00e9pices<br \/>\n<strong>Teneur en alcool<\/strong>: 14%<br \/>\n<strong>Temp\u00e9rature<\/strong>: 18-20 \u00b0C<\/p>\n","protected":false},"excerpt":{"rendered":"<p>Vin produit avec la m\u00eame m\u00e9thode utilis\u00e9e pour l\u2019Amarone (la pourriture noble), avec les c\u00e9pages Barbera et Dolcetto. Rouge rubis \u00e9clatant, parfum intense aux fruits rouges et \u00e9pices. El\u00e9gant et velout\u00e9. Id\u00e9al \u00e0 la table, mais aussi pour se d\u00e9tendre.<\/p>\n<p class=\"p1\">\u00c9couter la d\u00e9scription<\/p>\n[audio m4a=\"https:\/\/donna-cristina.ch\/wp-content\/uploads\/2020\/05\/Plenum-Gratiae-FRA-1.m4a\"][\/audio]\n","protected":false},"featured_media":8522,"comment_status":"closed","ping_status":"closed","template":"","meta":[],"product_brand":[],"product_cat":[81],"product_tag":[],"class_list":{"0":"post-6785","1":"product","2":"type-product","3":"status-publish","4":"has-post-thumbnail","6":"product_cat-vins-rouges","7":"pa_weinregion-piemont-fr","9":"first","10":"instock","11":"shipping-taxable","12":"purchasable","13":"product-type-simple"},"_links":{"self":[{"href":"https:\/\/donna-cristina.ch\/fr\/wp-json\/wp\/v2\/product\/6785","targetHints":{"allow":["GET"]}}],"collection":[{"href":"https:\/\/donna-cristina.ch\/fr\/wp-json\/wp\/v2\/product"}],"about":[{"href":"https:\/\/donna-cristina.ch\/fr\/wp-json\/wp\/v2\/types\/product"}],"replies":[{"embeddable":true,"href":"https:\/\/donna-cristina.ch\/fr\/wp-json\/wp\/v2\/comments?post=6785"}],"wp:featuredmedia":[{"embeddable":true,"href":"https:\/\/donna-cristina.ch\/fr\/wp-json\/wp\/v2\/media\/8522"}],"wp:attachment":[{"href":"https:\/\/donna-cristina.ch\/fr\/wp-json\/wp\/v2\/media?parent=6785"}],"wp:term":[{"taxonomy":"product_brand","embeddable":true,"href":"https:\/\/donna-cristina.ch\/fr\/wp-json\/wp\/v2\/product_brand?post=6785"},{"taxonomy":"product_cat","embeddable":true,"href":"https:\/\/donna-cristina.ch\/fr\/wp-json\/wp\/v2\/product_cat?post=6785"},{"taxonomy":"product_tag","embeddable":true,"href":"https:\/\/donna-cristina.ch\/fr\/wp-json\/wp\/v2\/product_tag?post=6785"}],"curies":[{"name":"wp","href":"https:\/\/api.w.org\/{rel}","templated":true}]}}