{"id":6907,"date":"2020-05-13T21:19:30","date_gmt":"2020-05-13T21:19:30","guid":{"rendered":"https:\/\/donna-cristina.ch\/produkt\/temperamento-negroamaro-primitivo-i-g-t\/"},"modified":"2024-01-12T09:58:06","modified_gmt":"2024-01-12T09:58:06","slug":"temperamento-negroamaro-primitivo-i-g-t","status":"publish","type":"product","link":"https:\/\/donna-cristina.ch\/fr\/temperamento-negroamaro-primitivo-i-g-t\/","title":{"rendered":"\u00abTemperamento\u00bb Negroamaro\/Primitivo I.G.T."},"content":{"rendered":"<p><strong>Ann\u00e9e<\/strong>: 2021<br \/>\n<strong>Type de vin<\/strong>: Rouge<br \/>\n<strong>Passage en barrique<\/strong>: 6 mois<br \/>\n<strong>Id\u00e9al avec<\/strong>: Cuisine italienne<br \/>\n<strong>Corps<\/strong>: Moyen<br \/>\n<strong>Parfum<\/strong>: Fruit\u00e9<br \/>\n<strong>Pays<\/strong>: Italie<br \/>\n<strong>R\u00e9gion<\/strong>: Pouilles<br \/>\n<strong>C\u00e9pages<\/strong>: 80% Negroamaro, 20% Primitivo di Manduria<br \/>\n<strong>Format<\/strong>: 0.75l<br \/>\n<strong>Ar\u00f4mes<\/strong>: Fruit\u00e9<br \/>\n<strong>Teneur en alcool:<\/strong> 13.50%<br \/>\n<strong>Temp\u00e9rature<\/strong>: 18-20 \u00b0C<\/p>\n","protected":false},"excerpt":{"rendered":"<p>Rouge profond aux reflets violets: vin harmonieux, parfum\u00e9 aux fruits rouges et \u00e9pices en fin de bouche; l\u00e9g\u00e8rement velout\u00e9 avec note de vanille: l\u2019accompagnement fruit\u00e9 id\u00e9al pour la cuisine italienne.<\/p>\n<p class=\"p1\">\u00c9couter la d\u00e9scription<\/p>\n[audio m4a=\"https:\/\/donna-cristina.ch\/wp-content\/uploads\/2020\/05\/Temperamento-FRA.m4a\"][\/audio]\n","protected":false},"featured_media":8530,"comment_status":"closed","ping_status":"closed","template":"","meta":[],"product_brand":[],"product_cat":[81],"product_tag":[],"class_list":{"0":"post-6907","1":"product","2":"type-product","3":"status-publish","4":"has-post-thumbnail","6":"product_cat-vins-rouges","7":"pa_weinregion-pouilles","9":"first","10":"instock","11":"shipping-taxable","12":"purchasable","13":"product-type-simple"},"_links":{"self":[{"href":"https:\/\/donna-cristina.ch\/fr\/wp-json\/wp\/v2\/product\/6907","targetHints":{"allow":["GET"]}}],"collection":[{"href":"https:\/\/donna-cristina.ch\/fr\/wp-json\/wp\/v2\/product"}],"about":[{"href":"https:\/\/donna-cristina.ch\/fr\/wp-json\/wp\/v2\/types\/product"}],"replies":[{"embeddable":true,"href":"https:\/\/donna-cristina.ch\/fr\/wp-json\/wp\/v2\/comments?post=6907"}],"wp:featuredmedia":[{"embeddable":true,"href":"https:\/\/donna-cristina.ch\/fr\/wp-json\/wp\/v2\/media\/8530"}],"wp:attachment":[{"href":"https:\/\/donna-cristina.ch\/fr\/wp-json\/wp\/v2\/media?parent=6907"}],"wp:term":[{"taxonomy":"product_brand","embeddable":true,"href":"https:\/\/donna-cristina.ch\/fr\/wp-json\/wp\/v2\/product_brand?post=6907"},{"taxonomy":"product_cat","embeddable":true,"href":"https:\/\/donna-cristina.ch\/fr\/wp-json\/wp\/v2\/product_cat?post=6907"},{"taxonomy":"product_tag","embeddable":true,"href":"https:\/\/donna-cristina.ch\/fr\/wp-json\/wp\/v2\/product_tag?post=6907"}],"curies":[{"name":"wp","href":"https:\/\/api.w.org\/{rel}","templated":true}]}}