{"id":6938,"date":"2020-05-13T21:23:27","date_gmt":"2020-05-13T21:23:27","guid":{"rendered":"https:\/\/donna-cristina.ch\/produkt\/uranus-syrah-calabro-i-g-p\/"},"modified":"2025-01-07T14:32:27","modified_gmt":"2025-01-07T14:32:27","slug":"uranus-syrah-calabro-i-g-p","status":"publish","type":"product","link":"https:\/\/donna-cristina.ch\/fr\/uranus-syrah-calabro-i-g-p\/","title":{"rendered":"URANUS Syrah Calabro I.G.P."},"content":{"rendered":"<p><strong>Ann\u00e9e<\/strong>: 2019<br \/>\n<strong>Type de vin<\/strong>: Rouge<br \/>\n<strong>Passage en barrique<\/strong>: 3 mois<br \/>\n<strong>Id\u00e9al avec<\/strong>: Viande, agneux, charcuterie et fromage<br \/>\n<strong>Corps<\/strong>: Intense<br \/>\n<strong>Parfum<\/strong>: Fruit\u00e9<br \/>\n<strong>Pays<\/strong>: Italie<br \/>\n<strong>R\u00e9gion<\/strong>: Calabre<br \/>\n<strong>C\u00e9pages<\/strong>: 100% Syrah<br \/>\n<strong>Format<\/strong>: 0.75l<br \/>\n<strong>Ar\u00f4mes<\/strong>: Chocolat et framboise<br \/>\n<strong>Taux d\u2019alcool<\/strong>: 13.5%<br \/>\n<strong>Temp\u00e9rature<\/strong>: 18 \u00b0C<br \/>\n<strong>Degustation<\/strong>:De suite + 6 ans<\/p>\n","protected":false},"excerpt":{"rendered":"<p>L\u2018Uranus est un Syrah atypique et concentr\u00e9. La production s\u2019\u00e9tale sur exclusivement 1 hechtare. La permanence en barrique de 3 mois seulement permet aux ar\u00f4mes d\u2019\u00eatre identifi\u00e9s avec pr\u00e9cision. De couleur rouge rubis intense avec des refl\u00e8ts violets et un parfum de chocolat. Present et \u00e9l\u00e9gant, ce vin laisse une saveur<br \/>\nde framboise en fin de bouche. Tr\u00e8s velout\u00e9. Ouvrir au moins 2 heures avant la d\u00e9gustation.<\/p>\n<p class=\"p1\">\u00c9couter la d\u00e9scription<\/p>\n[audio m4a=\"https:\/\/donna-cristina.ch\/wp-content\/uploads\/2020\/05\/Uranus-FRA-1.m4a\"][\/audio]\n","protected":false},"featured_media":8462,"comment_status":"closed","ping_status":"closed","template":"","meta":[],"product_brand":[],"product_cat":[81],"product_tag":[],"class_list":{"0":"post-6938","1":"product","2":"type-product","3":"status-publish","4":"has-post-thumbnail","6":"product_cat-vins-rouges","7":"pa_weinregion-calabre","9":"first","10":"outofstock","11":"shipping-taxable","12":"purchasable","13":"product-type-simple"},"_links":{"self":[{"href":"https:\/\/donna-cristina.ch\/fr\/wp-json\/wp\/v2\/product\/6938","targetHints":{"allow":["GET"]}}],"collection":[{"href":"https:\/\/donna-cristina.ch\/fr\/wp-json\/wp\/v2\/product"}],"about":[{"href":"https:\/\/donna-cristina.ch\/fr\/wp-json\/wp\/v2\/types\/product"}],"replies":[{"embeddable":true,"href":"https:\/\/donna-cristina.ch\/fr\/wp-json\/wp\/v2\/comments?post=6938"}],"wp:featuredmedia":[{"embeddable":true,"href":"https:\/\/donna-cristina.ch\/fr\/wp-json\/wp\/v2\/media\/8462"}],"wp:attachment":[{"href":"https:\/\/donna-cristina.ch\/fr\/wp-json\/wp\/v2\/media?parent=6938"}],"wp:term":[{"taxonomy":"product_brand","embeddable":true,"href":"https:\/\/donna-cristina.ch\/fr\/wp-json\/wp\/v2\/product_brand?post=6938"},{"taxonomy":"product_cat","embeddable":true,"href":"https:\/\/donna-cristina.ch\/fr\/wp-json\/wp\/v2\/product_cat?post=6938"},{"taxonomy":"product_tag","embeddable":true,"href":"https:\/\/donna-cristina.ch\/fr\/wp-json\/wp\/v2\/product_tag?post=6938"}],"curies":[{"name":"wp","href":"https:\/\/api.w.org\/{rel}","templated":true}]}}