{"id":6969,"date":"2020-05-13T21:31:41","date_gmt":"2020-05-13T21:31:41","guid":{"rendered":"https:\/\/donna-cristina.ch\/produkt\/grappa-di-amarone\/"},"modified":"2025-01-07T14:50:51","modified_gmt":"2025-01-07T14:50:51","slug":"grappa-di-amarone","status":"publish","type":"product","link":"https:\/\/donna-cristina.ch\/fr\/grappa-di-amarone\/","title":{"rendered":"Grappa di Amarone"},"content":{"rendered":"<p><strong>Produit<\/strong>: Grappa<br \/>\n<strong>Id\u00e9al comme<\/strong>: digestif et pour la d\u00e9tente<br \/>\n<strong>Pays<\/strong>: Italie<br \/>\n<strong>R\u00e9gion<\/strong>: V\u00e9n\u00e9tie<br \/>\n<strong>Format<\/strong>: 0.70l<br \/>\n<strong>Ar\u00f4mes<\/strong>: noisettes et vanille<br \/>\n<strong>Alcool<\/strong>: 45%<br \/>\n<strong>Temp\u00e9rature<\/strong>: servir \u00e0 temp\u00e9rature ambiante<\/p>\n","protected":false},"excerpt":{"rendered":"<p>Cette Grappa di Amarone est obtenue \u00e0 partir de la distillation des peaux des raisins avec lesquels l\u2019Amarone della Valpolicella est pr\u00e9par\u00e9. \u00c0 travers des alambics discontinus nous arrivons \u00e0 cr\u00e9er une Grappa d\u2018 une couleur ambr\u00e9e avec un parfum intense de noisette et un caract\u00e8re fort, bien qu\u2019\u00e9l\u00e9gant, sur le palais<\/p>\n<p class=\"p1\">\u00c9couter la d\u00e9scription<\/p>\n[audio m4a=\"https:\/\/donna-cristina.ch\/wp-content\/uploads\/2020\/05\/Grappa-di-Amarone-FRA-1.m4a\"][\/audio]\n","protected":false},"featured_media":8319,"comment_status":"closed","ping_status":"closed","template":"","meta":[],"product_brand":[],"product_cat":[72],"product_tag":[],"class_list":{"0":"post-6969","1":"product","2":"type-product","3":"status-publish","4":"has-post-thumbnail","6":"product_cat-spiritueux","7":"pa_weinregion-venetie","9":"first","10":"outofstock","11":"shipping-taxable","12":"purchasable","13":"product-type-simple"},"_links":{"self":[{"href":"https:\/\/donna-cristina.ch\/fr\/wp-json\/wp\/v2\/product\/6969","targetHints":{"allow":["GET"]}}],"collection":[{"href":"https:\/\/donna-cristina.ch\/fr\/wp-json\/wp\/v2\/product"}],"about":[{"href":"https:\/\/donna-cristina.ch\/fr\/wp-json\/wp\/v2\/types\/product"}],"replies":[{"embeddable":true,"href":"https:\/\/donna-cristina.ch\/fr\/wp-json\/wp\/v2\/comments?post=6969"}],"wp:featuredmedia":[{"embeddable":true,"href":"https:\/\/donna-cristina.ch\/fr\/wp-json\/wp\/v2\/media\/8319"}],"wp:attachment":[{"href":"https:\/\/donna-cristina.ch\/fr\/wp-json\/wp\/v2\/media?parent=6969"}],"wp:term":[{"taxonomy":"product_brand","embeddable":true,"href":"https:\/\/donna-cristina.ch\/fr\/wp-json\/wp\/v2\/product_brand?post=6969"},{"taxonomy":"product_cat","embeddable":true,"href":"https:\/\/donna-cristina.ch\/fr\/wp-json\/wp\/v2\/product_cat?post=6969"},{"taxonomy":"product_tag","embeddable":true,"href":"https:\/\/donna-cristina.ch\/fr\/wp-json\/wp\/v2\/product_tag?post=6969"}],"curies":[{"name":"wp","href":"https:\/\/api.w.org\/{rel}","templated":true}]}}