{"id":6989,"date":"2020-05-13T21:33:55","date_gmt":"2020-05-13T21:33:55","guid":{"rendered":"https:\/\/donna-cristina.ch\/produkt\/grappa-di-barolo\/"},"modified":"2024-01-12T09:51:41","modified_gmt":"2024-01-12T09:51:41","slug":"grappa-di-barolo","status":"publish","type":"product","link":"https:\/\/donna-cristina.ch\/fr\/grappa-di-barolo\/","title":{"rendered":"Grappa di Barolo"},"content":{"rendered":"<p><strong>Produit<\/strong>: Grappa<br \/>\n<strong>Id\u00e9al comme<\/strong>: Digestif et pour la relaxation<br \/>\n<strong>Pays<\/strong>: Italie<br \/>\n<strong>R\u00e9gion<\/strong>: Pi\u00e9mont<br \/>\n<strong>Format<\/strong>: 0.50l<br \/>\n<strong>Ar\u00f4mes:<\/strong> Barolo<br \/>\n<strong>Alcool:<\/strong> 40%<br \/>\n<strong>Temp\u00e9rature<\/strong>: Servir \u00e0 temp\u00e9rature ambiante<\/p>\n","protected":false},"excerpt":{"rendered":"<p>Cette Grappa di Barolo est obtenue \u00e0 partir de la distillation de la peaux des seuls raisins de Nebbiolo destin\u00e9s pour le Barolo. Un court passage en f\u00fbts de ch\u00eane donne \u00e0 cette Grappa une rondeur \u00e9l\u00e9gante et un parfum d\u00e9licat et persistant. L\u2019effet de soie dans l\u2019arri\u00e8re-go\u00fbt fait partie de son charme.<\/p>\n<p class=\"p1\">\u00c9couter la d\u00e9scription<\/p>\n[audio m4a=\"https:\/\/donna-cristina.ch\/wp-content\/uploads\/2020\/05\/Grappa-di-Barolo-FRA.m4a\"][\/audio]\n","protected":false},"featured_media":8314,"comment_status":"closed","ping_status":"closed","template":"","meta":[],"product_brand":[],"product_cat":[72],"product_tag":[],"class_list":{"0":"post-6989","1":"product","2":"type-product","3":"status-publish","4":"has-post-thumbnail","6":"product_cat-spiritueux","7":"pa_weinregion-piemont-fr","9":"first","10":"instock","11":"shipping-taxable","12":"purchasable","13":"product-type-simple"},"_links":{"self":[{"href":"https:\/\/donna-cristina.ch\/fr\/wp-json\/wp\/v2\/product\/6989","targetHints":{"allow":["GET"]}}],"collection":[{"href":"https:\/\/donna-cristina.ch\/fr\/wp-json\/wp\/v2\/product"}],"about":[{"href":"https:\/\/donna-cristina.ch\/fr\/wp-json\/wp\/v2\/types\/product"}],"replies":[{"embeddable":true,"href":"https:\/\/donna-cristina.ch\/fr\/wp-json\/wp\/v2\/comments?post=6989"}],"wp:featuredmedia":[{"embeddable":true,"href":"https:\/\/donna-cristina.ch\/fr\/wp-json\/wp\/v2\/media\/8314"}],"wp:attachment":[{"href":"https:\/\/donna-cristina.ch\/fr\/wp-json\/wp\/v2\/media?parent=6989"}],"wp:term":[{"taxonomy":"product_brand","embeddable":true,"href":"https:\/\/donna-cristina.ch\/fr\/wp-json\/wp\/v2\/product_brand?post=6989"},{"taxonomy":"product_cat","embeddable":true,"href":"https:\/\/donna-cristina.ch\/fr\/wp-json\/wp\/v2\/product_cat?post=6989"},{"taxonomy":"product_tag","embeddable":true,"href":"https:\/\/donna-cristina.ch\/fr\/wp-json\/wp\/v2\/product_tag?post=6989"}],"curies":[{"name":"wp","href":"https:\/\/api.w.org\/{rel}","templated":true}]}}