{"id":7058,"date":"2020-05-19T21:30:26","date_gmt":"2020-05-19T21:30:26","guid":{"rendered":"https:\/\/donna-cristina.ch\/produkt\/stella-lucente-vendemmia-tardiva-di-uve-moscato\/"},"modified":"2025-01-07T14:57:57","modified_gmt":"2025-01-07T14:57:57","slug":"stella-lucente-vendemmia-tardiva-di-uve-moscato","status":"publish","type":"product","link":"https:\/\/donna-cristina.ch\/fr\/stella-lucente-vendemmia-tardiva-di-uve-moscato\/","title":{"rendered":"Stella Lucente Vendemmia Tardiva di uve Moscato"},"content":{"rendered":"<p><strong>Type de vin<\/strong>: Blanc passito, doux<br \/>\n<strong>Passage en barrique<\/strong>: Barriques fran\u00e7aises<br \/>\n<strong>Id\u00e9al avec<\/strong>: Desserts, foie gras, fromages e pour la m\u00e9ditation<br \/>\n<strong>Parfum<\/strong>: Fruit\u00e9<br \/>\n<strong>Pays<\/strong>: Italie<br \/>\n<strong>R\u00e9gion<\/strong>: Pi\u00e9mont<br \/>\n<strong>C\u00e9page<\/strong>: Moscato 100%<br \/>\n<strong>Format<\/strong>: 0.50l<br \/>\n<strong>Ar\u00f4mes<\/strong>: Abricot et miel<br \/>\n<strong>Temp\u00e9rature<\/strong>: 7-10 \u00b0C<br \/>\n<strong>D\u00e9gustation<\/strong>: De suite jusqu\u2018\u00e0 10 ans<\/p>\n<p><strong>Teneur en alcool<\/strong>: 9.5%<\/p>\n","protected":false},"excerpt":{"rendered":"<p>Ce vin provient d\u2019une r\u00e9colte manuelle tardive de fin octobre, uniquement dans les meilleurs mill\u00e9simes. La fermentation dure tr\u00e8s lentement en petites barriques et s\u2018arr\u00eate naturellement lorsque le jus de raisin atteint une forte concentration de sucre. Le bon \u00e9quilibre entre l\u2019alcool et les sucres permet d\u2019obtenir les notes typiques de l\u2019abricot r\u00f4d\u00e9 et du miel, qui se transforment en d\u00e9licieuses notes d\u2019\u00e9pices douces et de safran avec le vieillissement. Par rapport \u00e0 la version classique, celle d\u00e9di\u00e9e \u00e0 Donna Cristina pr\u00e9sente une note d\u2019amande grill\u00e9e.<\/p>\n<p class=\"p1\">\u00c9couter la d\u00e9scription<\/p>\n[audio m4a=\"https:\/\/donna-cristina.ch\/wp-content\/uploads\/2020\/05\/Stella-Lucente-FRA.m4a\"][\/audio]\n","protected":false},"featured_media":8514,"comment_status":"closed","ping_status":"closed","template":"","meta":[],"product_brand":[],"product_cat":[84],"product_tag":[],"class_list":{"0":"post-7058","1":"product","2":"type-product","3":"status-publish","4":"has-post-thumbnail","6":"product_cat-vins-doux","7":"pa_weinregion-piemont-fr","9":"first","10":"instock","11":"shipping-taxable","12":"purchasable","13":"product-type-simple"},"_links":{"self":[{"href":"https:\/\/donna-cristina.ch\/fr\/wp-json\/wp\/v2\/product\/7058","targetHints":{"allow":["GET"]}}],"collection":[{"href":"https:\/\/donna-cristina.ch\/fr\/wp-json\/wp\/v2\/product"}],"about":[{"href":"https:\/\/donna-cristina.ch\/fr\/wp-json\/wp\/v2\/types\/product"}],"replies":[{"embeddable":true,"href":"https:\/\/donna-cristina.ch\/fr\/wp-json\/wp\/v2\/comments?post=7058"}],"wp:featuredmedia":[{"embeddable":true,"href":"https:\/\/donna-cristina.ch\/fr\/wp-json\/wp\/v2\/media\/8514"}],"wp:attachment":[{"href":"https:\/\/donna-cristina.ch\/fr\/wp-json\/wp\/v2\/media?parent=7058"}],"wp:term":[{"taxonomy":"product_brand","embeddable":true,"href":"https:\/\/donna-cristina.ch\/fr\/wp-json\/wp\/v2\/product_brand?post=7058"},{"taxonomy":"product_cat","embeddable":true,"href":"https:\/\/donna-cristina.ch\/fr\/wp-json\/wp\/v2\/product_cat?post=7058"},{"taxonomy":"product_tag","embeddable":true,"href":"https:\/\/donna-cristina.ch\/fr\/wp-json\/wp\/v2\/product_tag?post=7058"}],"curies":[{"name":"wp","href":"https:\/\/api.w.org\/{rel}","templated":true}]}}