{"id":7259,"date":"2020-05-28T14:21:00","date_gmt":"2020-05-28T14:21:00","guid":{"rendered":"https:\/\/donna-cristina.ch\/produkt\/huile-dolive-extra-vierge-aromatisee-au-basilic\/"},"modified":"2025-01-03T12:46:53","modified_gmt":"2025-01-03T12:46:53","slug":"huile-dolive-extra-vierge-aromatisee-au-basilic","status":"publish","type":"product","link":"https:\/\/donna-cristina.ch\/fr\/huile-dolive-extra-vierge-aromatisee-au-basilic\/","title":{"rendered":"Huile d\u2019olive extra vierge et Basilic"},"content":{"rendered":"<p>D\u2019origine indienne, mais d\u2019adoption m\u00e9diterran\u00e9enne, le basilic est l\u2019un des ingr\u00e9dients symboliques de la cuisine italienne. L\u2019huile au basilic donne un parfum d\u2019\u00e9t\u00e9 \u00e0 tous les plats.<\/p>\n<p>Embouteillage: 0.25l<\/p>\n<p>PRODUIT EN ITALIE<\/p>\n","protected":false},"excerpt":{"rendered":"<p>Ingr\u00e9dients: huile d&rsquo;olive extra vierge (90%) et Basilic (10%)<\/p>\n<p>Informations nutritionnelles :<\/p>\n<ul>\n<li>Valeurs nutritionnelles moyennes pour 100ml :<\/li>\n<li>\u00c9nergie : 3389 kj &#8211; 824 kcal<br \/>\nLipides : 91.60 g<br \/>\n&#8211; dont acides gras satur\u00e9s : 13.70 g<br \/>\nGlucides : 0 g<br \/>\n&#8211; dont sucres : 0 g<br \/>\nProt\u00e9ines : 0 g<br \/>\nSel : 0 g<\/li>\n<\/ul>\n","protected":false},"featured_media":8466,"comment_status":"closed","ping_status":"closed","template":"","meta":[],"product_brand":[],"product_cat":[132],"product_tag":[],"class_list":{"0":"post-7259","1":"product","2":"type-product","3":"status-publish","4":"has-post-thumbnail","6":"product_cat-huiles-aromatisees","8":"first","9":"outofstock","10":"shipping-taxable","11":"purchasable","12":"product-type-simple"},"_links":{"self":[{"href":"https:\/\/donna-cristina.ch\/fr\/wp-json\/wp\/v2\/product\/7259","targetHints":{"allow":["GET"]}}],"collection":[{"href":"https:\/\/donna-cristina.ch\/fr\/wp-json\/wp\/v2\/product"}],"about":[{"href":"https:\/\/donna-cristina.ch\/fr\/wp-json\/wp\/v2\/types\/product"}],"replies":[{"embeddable":true,"href":"https:\/\/donna-cristina.ch\/fr\/wp-json\/wp\/v2\/comments?post=7259"}],"wp:featuredmedia":[{"embeddable":true,"href":"https:\/\/donna-cristina.ch\/fr\/wp-json\/wp\/v2\/media\/8466"}],"wp:attachment":[{"href":"https:\/\/donna-cristina.ch\/fr\/wp-json\/wp\/v2\/media?parent=7259"}],"wp:term":[{"taxonomy":"product_brand","embeddable":true,"href":"https:\/\/donna-cristina.ch\/fr\/wp-json\/wp\/v2\/product_brand?post=7259"},{"taxonomy":"product_cat","embeddable":true,"href":"https:\/\/donna-cristina.ch\/fr\/wp-json\/wp\/v2\/product_cat?post=7259"},{"taxonomy":"product_tag","embeddable":true,"href":"https:\/\/donna-cristina.ch\/fr\/wp-json\/wp\/v2\/product_tag?post=7259"}],"curies":[{"name":"wp","href":"https:\/\/api.w.org\/{rel}","templated":true}]}}