{"id":7263,"date":"2020-05-28T14:25:37","date_gmt":"2020-05-28T14:25:37","guid":{"rendered":"https:\/\/donna-cristina.ch\/produkt\/huile-dolive-extra-vierge-aromatisee-au-piment-rouge\/"},"modified":"2025-01-03T12:02:10","modified_gmt":"2025-01-03T12:02:10","slug":"huile-dolive-extra-vierge-aromatisee-au-piment-rouge","status":"publish","type":"product","link":"https:\/\/donna-cristina.ch\/fr\/huile-dolive-extra-vierge-aromatisee-au-piment-rouge\/","title":{"rendered":"Huile d\u2019olive extra vierge et Piment rouge"},"content":{"rendered":"<p>Huile d\u2019origine ancienne, connue en Calabre sous le nom de \u00ab\u00a0Huile sainte\u00a0\u00bb ou \u00ab\u00a0petit diable\u00a0\u00bb, cet assaisonnement est pr\u00e9par\u00e9 en utilisant uniquement des produits frais, qui ont m\u00fbri sous le soleil italien. Peut \u00eatre utilis\u00e9e comme assaisonnement pour chaque plat auquel vous voulez ajouter un peu de feu m\u00e9diterran\u00e9en.<\/p>\n<p>Embouteillage: 0.25l<\/p>\n<p>PRODUIT EN ITALIE<\/p>\n","protected":false},"excerpt":{"rendered":"<p>Ingr\u00e9dients: huile d&rsquo;olive extra vierge (91%) et Piment rouge (9%)<\/p>\n<p>Informations nutritionnelles :<\/p>\n<ul>\n<li>Valeurs nutritionnelles moyennes pour 100ml :<\/li>\n<li>\u00c9nergie : 3389 kj &#8211; 824 kcal<br \/>\nLipides : 91.60 g<br \/>\n&#8211; dont acides gras satur\u00e9s : 13.70 g<br \/>\nGlucides : 0 g<br \/>\n&#8211; dont sucres : 0 g<br \/>\nProt\u00e9ines : 0 g<br \/>\nSel : 0 g<\/li>\n<\/ul>\n","protected":false},"featured_media":8474,"comment_status":"closed","ping_status":"closed","template":"","meta":[],"product_brand":[],"product_cat":[132],"product_tag":[],"class_list":{"0":"post-7263","1":"product","2":"type-product","3":"status-publish","4":"has-post-thumbnail","6":"product_cat-huiles-aromatisees","8":"first","9":"instock","10":"shipping-taxable","11":"purchasable","12":"product-type-simple"},"_links":{"self":[{"href":"https:\/\/donna-cristina.ch\/fr\/wp-json\/wp\/v2\/product\/7263","targetHints":{"allow":["GET"]}}],"collection":[{"href":"https:\/\/donna-cristina.ch\/fr\/wp-json\/wp\/v2\/product"}],"about":[{"href":"https:\/\/donna-cristina.ch\/fr\/wp-json\/wp\/v2\/types\/product"}],"replies":[{"embeddable":true,"href":"https:\/\/donna-cristina.ch\/fr\/wp-json\/wp\/v2\/comments?post=7263"}],"wp:featuredmedia":[{"embeddable":true,"href":"https:\/\/donna-cristina.ch\/fr\/wp-json\/wp\/v2\/media\/8474"}],"wp:attachment":[{"href":"https:\/\/donna-cristina.ch\/fr\/wp-json\/wp\/v2\/media?parent=7263"}],"wp:term":[{"taxonomy":"product_brand","embeddable":true,"href":"https:\/\/donna-cristina.ch\/fr\/wp-json\/wp\/v2\/product_brand?post=7263"},{"taxonomy":"product_cat","embeddable":true,"href":"https:\/\/donna-cristina.ch\/fr\/wp-json\/wp\/v2\/product_cat?post=7263"},{"taxonomy":"product_tag","embeddable":true,"href":"https:\/\/donna-cristina.ch\/fr\/wp-json\/wp\/v2\/product_tag?post=7263"}],"curies":[{"name":"wp","href":"https:\/\/api.w.org\/{rel}","templated":true}]}}