{"id":7267,"date":"2020-05-28T14:28:30","date_gmt":"2020-05-28T14:28:30","guid":{"rendered":"https:\/\/donna-cristina.ch\/produkt\/huile-dolive-extra-vierge-aromatisee-a-lail\/"},"modified":"2024-12-30T15:02:46","modified_gmt":"2024-12-30T15:02:46","slug":"huile-dolive-extra-vierge-aromatisee-a-lail","status":"publish","type":"product","link":"https:\/\/donna-cristina.ch\/fr\/huile-dolive-extra-vierge-aromatisee-a-lail\/","title":{"rendered":"Huile d\u2019olive extra vierge et Romarin"},"content":{"rendered":"<p>Selon la l\u00e9gende, les fleurs de romarin \u00e9taient blanches: ce n\u2019est qu\u2019apr\u00e8s que Marie se soit cach\u00e9e parmi ses branches lors de son \u00e9vasion en \u00c9gypte que les fleurs ont pris la couleur bleu-violet. L\u2019huile de romarin donne un parfum frais et irr\u00e9sistible \u00e0 vos plats.<\/p>\n<p>Embouteillage: 0.25l<\/p>\n<p>PRODUIT EN ITALIE<\/p>\n","protected":false},"excerpt":{"rendered":"<p>Ingr\u00e9dients: huile d&rsquo;olive extra vierge (92%) et Romarin (8%)<\/p>\n<p>Informations nutritionnelles :<\/p>\n<ul>\n<li>Valeurs nutritionnelles moyennes pour 100ml :<\/li>\n<li>\u00c9nergie : 3389 kj &#8211; 824 kcal<br \/>\nLipides : 91.60 g<br \/>\n&#8211; dont acides gras satur\u00e9s : 13.70 g<br \/>\nGlucides : 0 g<br \/>\n&#8211; dont sucres : 0 g<br \/>\nProt\u00e9ines : 0 g<br \/>\nSel : 0 g<\/li>\n<\/ul>\n","protected":false},"featured_media":8470,"comment_status":"closed","ping_status":"closed","template":"","meta":[],"product_brand":[],"product_cat":[132],"product_tag":[],"class_list":{"0":"post-7267","1":"product","2":"type-product","3":"status-publish","4":"has-post-thumbnail","6":"product_cat-huiles-aromatisees","8":"first","9":"outofstock","10":"shipping-taxable","11":"purchasable","12":"product-type-simple"},"_links":{"self":[{"href":"https:\/\/donna-cristina.ch\/fr\/wp-json\/wp\/v2\/product\/7267","targetHints":{"allow":["GET"]}}],"collection":[{"href":"https:\/\/donna-cristina.ch\/fr\/wp-json\/wp\/v2\/product"}],"about":[{"href":"https:\/\/donna-cristina.ch\/fr\/wp-json\/wp\/v2\/types\/product"}],"replies":[{"embeddable":true,"href":"https:\/\/donna-cristina.ch\/fr\/wp-json\/wp\/v2\/comments?post=7267"}],"wp:featuredmedia":[{"embeddable":true,"href":"https:\/\/donna-cristina.ch\/fr\/wp-json\/wp\/v2\/media\/8470"}],"wp:attachment":[{"href":"https:\/\/donna-cristina.ch\/fr\/wp-json\/wp\/v2\/media?parent=7267"}],"wp:term":[{"taxonomy":"product_brand","embeddable":true,"href":"https:\/\/donna-cristina.ch\/fr\/wp-json\/wp\/v2\/product_brand?post=7267"},{"taxonomy":"product_cat","embeddable":true,"href":"https:\/\/donna-cristina.ch\/fr\/wp-json\/wp\/v2\/product_cat?post=7267"},{"taxonomy":"product_tag","embeddable":true,"href":"https:\/\/donna-cristina.ch\/fr\/wp-json\/wp\/v2\/product_tag?post=7267"}],"curies":[{"name":"wp","href":"https:\/\/api.w.org\/{rel}","templated":true}]}}