{"id":7271,"date":"2020-05-28T14:32:16","date_gmt":"2020-05-28T14:32:16","guid":{"rendered":"https:\/\/donna-cristina.ch\/produkt\/huile-dolive-extra-vierge-aromatisee-a-lail-2\/"},"modified":"2024-12-30T15:48:03","modified_gmt":"2024-12-30T15:48:03","slug":"huile-dolive-extra-vierge-aromatisee-a-lail-2","status":"publish","type":"product","link":"https:\/\/donna-cristina.ch\/fr\/huile-dolive-extra-vierge-aromatisee-a-lail-2\/","title":{"rendered":"Huile d\u2019olive extra vierge et Ail"},"content":{"rendered":"<p>Cette huile parfum\u00e9e donne une touche sp\u00e9ciale \u00e0 vos recettes.<\/p>\n<p>Embouteillage: 0.25l<\/p>\n<p>Ingr\u00e9dients: huile d&rsquo;olive extra vierge (93%), Ail (7%)<\/p>\n<p>Informations nutritionnelles :<\/p>\n<ul>\n<li>Valeurs nutritionnelles moyennes pour 100ml :<\/li>\n<li>\u00c9nergie : 3389 kj &#8211; 824 kcal<br \/>\nLipides : 91.60 g<br \/>\n&#8211; dont acides gras satur\u00e9s : 13.70 g<br \/>\nGlucides : 0 g<br \/>\n&#8211; dont sucres : 0 g<br \/>\nProt\u00e9ines : 0 g<br \/>\nSel : 0 g<\/li>\n<\/ul>\n<p>PRODUIT EN ITALIE<\/p>\n","protected":false},"excerpt":{"rendered":"<p>Cette huile parfum\u00e9e donne une touche sp\u00e9ciale \u00e0 vos recettes. Embouteillage: 0.25l Ingr\u00e9dients: huile d&rsquo;olive extra vierge (93%), Ail (7%) Informations nutritionnelles : Valeurs nutritionnelles&#8230;<\/p>\n","protected":false},"featured_media":8456,"comment_status":"closed","ping_status":"closed","template":"","meta":[],"product_brand":[],"product_cat":[132],"product_tag":[],"class_list":{"0":"post-7271","1":"product","2":"type-product","3":"status-publish","4":"has-post-thumbnail","6":"product_cat-huiles-aromatisees","8":"first","9":"outofstock","10":"shipping-taxable","11":"purchasable","12":"product-type-simple"},"_links":{"self":[{"href":"https:\/\/donna-cristina.ch\/fr\/wp-json\/wp\/v2\/product\/7271","targetHints":{"allow":["GET"]}}],"collection":[{"href":"https:\/\/donna-cristina.ch\/fr\/wp-json\/wp\/v2\/product"}],"about":[{"href":"https:\/\/donna-cristina.ch\/fr\/wp-json\/wp\/v2\/types\/product"}],"replies":[{"embeddable":true,"href":"https:\/\/donna-cristina.ch\/fr\/wp-json\/wp\/v2\/comments?post=7271"}],"wp:featuredmedia":[{"embeddable":true,"href":"https:\/\/donna-cristina.ch\/fr\/wp-json\/wp\/v2\/media\/8456"}],"wp:attachment":[{"href":"https:\/\/donna-cristina.ch\/fr\/wp-json\/wp\/v2\/media?parent=7271"}],"wp:term":[{"taxonomy":"product_brand","embeddable":true,"href":"https:\/\/donna-cristina.ch\/fr\/wp-json\/wp\/v2\/product_brand?post=7271"},{"taxonomy":"product_cat","embeddable":true,"href":"https:\/\/donna-cristina.ch\/fr\/wp-json\/wp\/v2\/product_cat?post=7271"},{"taxonomy":"product_tag","embeddable":true,"href":"https:\/\/donna-cristina.ch\/fr\/wp-json\/wp\/v2\/product_tag?post=7271"}],"curies":[{"name":"wp","href":"https:\/\/api.w.org\/{rel}","templated":true}]}}