{"id":8362,"date":"2020-07-29T19:49:29","date_gmt":"2020-08-06T15:39:14","guid":{"rendered":"https:\/\/donna-cristina.ch\/?post_type=product&#038;p=8362"},"modified":"2025-01-07T14:02:36","modified_gmt":"2025-01-07T14:02:36","slug":"brunello-di-montalcino-d-o-c-g-collection-privee-prix-sur-demande","status":"publish","type":"product","link":"https:\/\/donna-cristina.ch\/fr\/brunello-di-montalcino-d-o-c-g-collection-privee-prix-sur-demande\/","title":{"rendered":"Brunello di Montalcino 2012 D.O.C.G. &#8211; Collection Priv\u00e9e"},"content":{"rendered":"<div class=\"I_52qC D_FY W_6D6F\" data-test-id=\"message-view-body\">\n<div class=\"msg-body P_wpofO mq_AS\" data-test-id=\"message-view-body-content\">\n<div class=\"jb_0 X_6MGW N_6Fd5\">\n<div>\n<div dir=\"ltr\">Mill\u00e9sime tr\u00e8s puissant et chaud le jour et ventil\u00e9 par le sirocco la nuit qui a augment\u00e9 le taux d&rsquo;alcool du Brunello pour le pr\u00e9parer \u00e0 un vieillissement optimal.<\/div>\n<div dir=\"ltr\"><\/div>\n<div dir=\"ltr\">Avant les vendanges, les pluies ont rafra\u00eechi les vignes et ont r\u00e9tabli l&rsquo;\u00e9quilibre.<\/div>\n<div dir=\"ltr\"><\/div>\n<div dir=\"ltr\">Tous les experts s&rsquo;accordent pour recommander la d\u00e9gustation des grands vins masculins \u00e0 5 \u00e9toiles du mill\u00e9sime 2012, \u00e0 partir de 15-20 ans de vieillissement.<\/div>\n<div dir=\"ltr\"><\/div>\n<div dir=\"ltr\">C&rsquo;est le mill\u00e9sime id\u00e9al pour ceux qui veulent le laisser reposer et garantir au vin une \u00e9volution naturelle et constante. La bouche est \u00e9pic\u00e9e, les ar\u00f4mes de cuir avec une \u00e9l\u00e9gance raffin\u00e9e.<\/div>\n<div dir=\"ltr\"><\/div>\n<div dir=\"ltr\">Il ne faut pas se pr\u00e9cipiter vers ce Brunello qui saura tenir ses promesses \u00e0 5 \u00e9toiles, \u00e0 condition de respecter son repos.<\/div>\n<\/div>\n<\/div>\n<\/div>\n<div><\/div>\n<div class=\"jb_0 X_6MGW N_6Fd5\">Produit livr\u00e9 en caisses en bois de 2, 3 ou 6 bouteilles.<\/div>\n<\/div>\n<div class=\"H_7jIs D_F ab_C Q_69H5 E_36RhU\" data-test-id=\"toolbar-hover-area\">\n<div class=\"D_F W_6D6F r_BN gl_C\" data-test-id=\"card-toolbar\">\n<p>&nbsp;<\/p>\n<p>C\u00e9page: 100% Sangiovese<\/p>\n<p>Teneur en alcool: 14,5%<\/p>\n<p>Maturit\u00e9: 10-20 ans<\/p>\n<p>Syst\u00e8me de culture: cordon \u00e9peronn\u00e9<\/p>\n<p>R\u00e9colte: \u00e0 la main avec s\u00e9lection<\/p>\n<p>Rendement \u00e0 l&rsquo;hectare: 50 quintaux<\/p>\n<p>Vinification: \u00e0 temp\u00e9rature contr\u00f4l\u00e9e dans l&rsquo;acier<\/p>\n<p>Temp\u00e9rature de fermentation: Max 28 degr\u00e9s<\/p>\n<p>Mac\u00e9ration: 25 jours<\/p>\n<p>Fermentation malolactique<\/p>\n<p>Vieillissement: barrique fran\u00e7aise 12 mois<\/p>\n<p>PRODUIT EN ITALIE<\/p>\n<p>&nbsp;<\/p>\n<\/div>\n<\/div>\n","protected":false},"excerpt":{"rendered":"<p>Mill\u00e9sime tr\u00e8s puissant et chaud le jour et ventil\u00e9 par le sirocco la nuit qui a augment\u00e9 le taux d&rsquo;alcool du Brunello pour le pr\u00e9parer&#8230;<\/p>\n","protected":false},"featured_media":9580,"comment_status":"closed","ping_status":"closed","template":"","meta":[],"product_brand":[],"product_cat":[51],"product_tag":[],"class_list":{"0":"post-8362","1":"product","2":"type-product","3":"status-publish","4":"has-post-thumbnail","6":"product_cat-etoiles","8":"first","9":"instock","10":"shipping-taxable","11":"purchasable","12":"product-type-simple"},"_links":{"self":[{"href":"https:\/\/donna-cristina.ch\/fr\/wp-json\/wp\/v2\/product\/8362","targetHints":{"allow":["GET"]}}],"collection":[{"href":"https:\/\/donna-cristina.ch\/fr\/wp-json\/wp\/v2\/product"}],"about":[{"href":"https:\/\/donna-cristina.ch\/fr\/wp-json\/wp\/v2\/types\/product"}],"replies":[{"embeddable":true,"href":"https:\/\/donna-cristina.ch\/fr\/wp-json\/wp\/v2\/comments?post=8362"}],"wp:featuredmedia":[{"embeddable":true,"href":"https:\/\/donna-cristina.ch\/fr\/wp-json\/wp\/v2\/media\/9580"}],"wp:attachment":[{"href":"https:\/\/donna-cristina.ch\/fr\/wp-json\/wp\/v2\/media?parent=8362"}],"wp:term":[{"taxonomy":"product_brand","embeddable":true,"href":"https:\/\/donna-cristina.ch\/fr\/wp-json\/wp\/v2\/product_brand?post=8362"},{"taxonomy":"product_cat","embeddable":true,"href":"https:\/\/donna-cristina.ch\/fr\/wp-json\/wp\/v2\/product_cat?post=8362"},{"taxonomy":"product_tag","embeddable":true,"href":"https:\/\/donna-cristina.ch\/fr\/wp-json\/wp\/v2\/product_tag?post=8362"}],"curies":[{"name":"wp","href":"https:\/\/api.w.org\/{rel}","templated":true}]}}