{"id":9613,"date":"2021-05-05T15:57:52","date_gmt":"2021-05-05T15:57:52","guid":{"rendered":"https:\/\/donna-cristina.ch\/?post_type=product&#038;p=9613"},"modified":"2024-12-30T16:01:23","modified_gmt":"2024-12-30T16:01:23","slug":"huile-dolive-extra-vierge-aromatisee-au-citron","status":"publish","type":"product","link":"https:\/\/donna-cristina.ch\/fr\/huile-dolive-extra-vierge-aromatisee-au-citron\/","title":{"rendered":"Huile d&rsquo;olive extra vierge et Citron"},"content":{"rendered":"<p>Assaisonnement id\u00e9al pour grillades, poisson, viande, l\u00e9gumes, p\u00e2tes blanches et soupes.<\/p>\n<p>Embouteillage: 0.25l<\/p>\n<p>PRODUIT EN ITALIE<\/p>\n<p>&nbsp;<\/p>\n","protected":false},"excerpt":{"rendered":"<p>ngr\u00e9dients: Huile d&rsquo;olive extra-vierge (85%) et Citron (15%)<\/p>\n<p>Valeurs nutritives moyennes 100ml<\/p>\n<p>\u00c9nergie: 711 kcal\/2976kJ<\/p>\n<p>Lipides: 79 g<\/p>\n<ul>\n<li>dont acides gras satur\u00e9s: 11.50 g<\/li>\n<\/ul>\n<p>Glucides: 0 g<\/p>\n<ul>\n<li>dont sucres: 0 g<\/li>\n<\/ul>\n<p>Prot\u00e9ines: 0 g<\/p>\n<p>Sel: 0 g<\/p>\n<p>&nbsp;<\/p>\n","protected":false},"featured_media":9964,"comment_status":"closed","ping_status":"closed","template":"","meta":[],"product_brand":[],"product_cat":[132,138],"product_tag":[],"class_list":{"0":"post-9613","1":"product","2":"type-product","3":"status-publish","4":"has-post-thumbnail","6":"product_cat-huiles-aromatisees","7":"product_cat-huiles","9":"first","10":"outofstock","11":"shipping-taxable","12":"purchasable","13":"product-type-simple"},"_links":{"self":[{"href":"https:\/\/donna-cristina.ch\/fr\/wp-json\/wp\/v2\/product\/9613","targetHints":{"allow":["GET"]}}],"collection":[{"href":"https:\/\/donna-cristina.ch\/fr\/wp-json\/wp\/v2\/product"}],"about":[{"href":"https:\/\/donna-cristina.ch\/fr\/wp-json\/wp\/v2\/types\/product"}],"replies":[{"embeddable":true,"href":"https:\/\/donna-cristina.ch\/fr\/wp-json\/wp\/v2\/comments?post=9613"}],"wp:featuredmedia":[{"embeddable":true,"href":"https:\/\/donna-cristina.ch\/fr\/wp-json\/wp\/v2\/media\/9964"}],"wp:attachment":[{"href":"https:\/\/donna-cristina.ch\/fr\/wp-json\/wp\/v2\/media?parent=9613"}],"wp:term":[{"taxonomy":"product_brand","embeddable":true,"href":"https:\/\/donna-cristina.ch\/fr\/wp-json\/wp\/v2\/product_brand?post=9613"},{"taxonomy":"product_cat","embeddable":true,"href":"https:\/\/donna-cristina.ch\/fr\/wp-json\/wp\/v2\/product_cat?post=9613"},{"taxonomy":"product_tag","embeddable":true,"href":"https:\/\/donna-cristina.ch\/fr\/wp-json\/wp\/v2\/product_tag?post=9613"}],"curies":[{"name":"wp","href":"https:\/\/api.w.org\/{rel}","templated":true}]}}