{"id":9645,"date":"2021-05-06T17:32:28","date_gmt":"2021-05-06T17:33:59","guid":{"rendered":"https:\/\/donna-cristina.ch\/?post_type=product&#038;p=9645"},"modified":"2024-12-30T12:35:24","modified_gmt":"2024-12-30T12:35:24","slug":"vinaigre-balsamique-biologique-de-modene","status":"publish","type":"product","link":"https:\/\/donna-cristina.ch\/fr\/vinaigre-balsamique-biologique-de-modene\/","title":{"rendered":"Vinaigre Balsamique de Mod\u00e8ne I.G.P."},"content":{"rendered":"<p><span style=\"font-family: Bookman Old Style, serif;\">Vinaigre balsamique obtenu \u00e0 partir des raisins Trebbiano et Lambrusco, avec un go\u00fbt harmonieux et aigre-doux. Il convient \u00e0 tous les palais, m\u00eame les plus d\u00e9licats, qui seront caress\u00e9s par son onctuosit\u00e9 naturelle.<\/span><\/p>\n<p><span style=\"font-family: Bookman Old Style, serif;\">Dans la cuisine, il se marie bien avec toute assiette. Essayez quelque goutte aussi sur les fraises et les framboises. <\/span><\/p>\n<p><span style=\"font-family: Bookman Old Style, serif;\">Ingr\u00e9dients: mo\u00fbt cuit, vinaigre de vin. <\/span><\/p>\n<p><span style=\"font-family: Bookman Old Style, serif;\">Acidit\u00e9: 6%<\/span><\/p>\n<p><span style=\"font-family: Bookman Old Style, serif;\">Embouteillage<strong>:<\/strong> 0.25l <\/span><\/p>\n<p><span style=\"font-family: Bookman Old Style, serif;\">PRODUIT EN ITALIE<\/span><\/p>\n<p>&nbsp;<\/p>\n<p>&nbsp;<\/p>\n","protected":false},"excerpt":{"rendered":"<p>Valeurs nutritionnelles\u00a0 100 ml<\/p>\n<p>\u00c9nergie: 339 kcal\/1445 kj<\/p>\n<p>Lipides: 0 g<\/p>\n<ul>\n<li>dont satur\u00e9s: 0 g<\/li>\n<\/ul>\n<p>Glucides: 78 g<\/p>\n<ul>\n<li>dont sucres: 78 g<\/li>\n<\/ul>\n<p>Prot\u00e9ines: 0 g<\/p>\n<p>Sel: 0.05 g<\/p>\n","protected":false},"featured_media":9949,"comment_status":"closed","ping_status":"closed","template":"","meta":[],"product_brand":[],"product_cat":[138],"product_tag":[],"class_list":{"0":"post-9645","1":"product","2":"type-product","3":"status-publish","4":"has-post-thumbnail","6":"product_cat-huiles","8":"first","9":"instock","10":"shipping-taxable","11":"purchasable","12":"product-type-simple"},"_links":{"self":[{"href":"https:\/\/donna-cristina.ch\/fr\/wp-json\/wp\/v2\/product\/9645","targetHints":{"allow":["GET"]}}],"collection":[{"href":"https:\/\/donna-cristina.ch\/fr\/wp-json\/wp\/v2\/product"}],"about":[{"href":"https:\/\/donna-cristina.ch\/fr\/wp-json\/wp\/v2\/types\/product"}],"replies":[{"embeddable":true,"href":"https:\/\/donna-cristina.ch\/fr\/wp-json\/wp\/v2\/comments?post=9645"}],"wp:featuredmedia":[{"embeddable":true,"href":"https:\/\/donna-cristina.ch\/fr\/wp-json\/wp\/v2\/media\/9949"}],"wp:attachment":[{"href":"https:\/\/donna-cristina.ch\/fr\/wp-json\/wp\/v2\/media?parent=9645"}],"wp:term":[{"taxonomy":"product_brand","embeddable":true,"href":"https:\/\/donna-cristina.ch\/fr\/wp-json\/wp\/v2\/product_brand?post=9645"},{"taxonomy":"product_cat","embeddable":true,"href":"https:\/\/donna-cristina.ch\/fr\/wp-json\/wp\/v2\/product_cat?post=9645"},{"taxonomy":"product_tag","embeddable":true,"href":"https:\/\/donna-cristina.ch\/fr\/wp-json\/wp\/v2\/product_tag?post=9645"}],"curies":[{"name":"wp","href":"https:\/\/api.w.org\/{rel}","templated":true}]}}