{"id":7531,"date":"2020-05-28T14:01:18","date_gmt":"2020-05-28T14:01:18","guid":{"rendered":"https:\/\/donna-cristina.ch\/rezepte\/"},"modified":"2020-08-24T13:24:28","modified_gmt":"2020-08-24T13:24:28","slug":"ricette","status":"publish","type":"page","link":"https:\/\/donna-cristina.ch\/it\/ricette\/","title":{"rendered":"Ricette"},"content":{"rendered":"[vc_row type=&#8221;in_container&#8221; full_screen_row_position=&#8221;middle&#8221; column_margin=&#8221;default&#8221; column_direction=&#8221;default&#8221; column_direction_tablet=&#8221;default&#8221; column_direction_phone=&#8221;default&#8221; scene_position=&#8221;center&#8221; top_padding=&#8221;3%&#8221; bottom_padding=&#8221;3%&#8221; text_color=&#8221;dark&#8221; text_align=&#8221;left&#8221; row_border_radius=&#8221;none&#8221; row_border_radius_applies=&#8221;bg&#8221; overlay_strength=&#8221;0.3&#8243; gradient_direction=&#8221;left_to_right&#8221; shape_divider_position=&#8221;bottom&#8221; bg_image_animation=&#8221;none&#8221; shape_type=&#8221;&#8221;][vc_column column_padding=&#8221;no-extra-padding&#8221; column_padding_tablet=&#8221;inherit&#8221; column_padding_phone=&#8221;inherit&#8221; column_padding_position=&#8221;all&#8221; background_color_opacity=&#8221;1&#8243; background_hover_color_opacity=&#8221;1&#8243; column_shadow=&#8221;none&#8221; column_border_radius=&#8221;none&#8221; column_link_target=&#8221;_self&#8221; gradient_direction=&#8221;left_to_right&#8221; overlay_strength=&#8221;0.3&#8243; width=&#8221;1\/1&#8243; tablet_width_inherit=&#8221;default&#8221; tablet_text_alignment=&#8221;default&#8221; phone_text_alignment=&#8221;default&#8221; column_border_width=&#8221;none&#8221; column_border_style=&#8221;solid&#8221; bg_image_animation=&#8221;none&#8221;][vc_custom_heading text=&#8221;Mangiare&#8221; font_container=&#8221;tag:h3|text_align:center&#8221; use_theme_fonts=&#8221;yes&#8221;][divider line_type=&#8221;No Line&#8221; custom_height=&#8221;80&#8243;][vc_column_text css=&#8221;.vc_custom_1598275459247{padding-right: 10% !important;}&#8221;]Il mangiare nella cultura italiana non significa togliere l\u2018appetito e sedare la sensazione di fame.<br \/>\nTutti gli italiano amano mangiare, perch\u00e8 questa necessit\u00e0 fisica \u00e8 in realt\u00e0 un rito che rende felici come la contemplazione mistica di un\u2019opera d\u2019arte.<br \/>\nL\u2019importante non \u00e8 quanto si mangia, ma come: tutto deve essere buono e saporito e fresco.<br \/>\nLa cucina italiana \u00e8 apprezzata in tutto il mondo e aiuta a donare momenti di pura gioia se preparata in modo corretto.<br \/>\nLe ricette qui a disposizione sono un paradigma perfetto di tempo limitato, estrema facilit\u00e0 e sapore intenso.<br \/>\nQuante volte per una ricetta rincorriamo degli ingredienti che sono difficili da reperire o i tempi di preparazione sono talmente lunghi e complicati, che lasciamo perdere ancora prima di cominciare.<br \/>\nIn questa antologia le ricette sono a prova del pi\u00f9 maldestro dei cuochi improvvisati.<br \/>\nIl succeso di un pasto dipende anche dalla scelta del vino ideale: una rosa di alternative provenienti dalla nostra cantina sono elencate assieme ad ogni ricetta, affinch\u00e9 il piacere della degustazione sia totale.<br \/>\nMolti antipasti o accompagnamenti possono essere degustati in guisa di piatti principali, soprattutto per la sera.<br \/>\nAbbiamo previsto per la molte delle nostre ricette la versione vegetariana: in molti casi \u00e8 indicata anche per coloro che soffrono di alcune allergie o intolleranze. Ogni ricetta \u00e8 un caso a s\u00e9 e va analizzata con attenzione.<br \/>\nAllora via libera alla creazione della Vostra Opera d\u2019Arte e Buon Appetito![\/vc_column_text][\/vc_column][\/vc_row][vc_row type=&#8221;full_width_background&#8221; full_screen_row_position=&#8221;middle&#8221; column_margin=&#8221;default&#8221; column_direction=&#8221;default&#8221; column_direction_tablet=&#8221;default&#8221; column_direction_phone=&#8221;default&#8221; scene_position=&#8221;center&#8221; top_padding=&#8221;3%&#8221; bottom_padding=&#8221;3%&#8221; text_color=&#8221;dark&#8221; text_align=&#8221;left&#8221; row_border_radius=&#8221;none&#8221; row_border_radius_applies=&#8221;bg&#8221; overlay_strength=&#8221;0.3&#8243; gradient_direction=&#8221;left_to_right&#8221; shape_divider_position=&#8221;bottom&#8221; bg_image_animation=&#8221;none&#8221; shape_type=&#8221;&#8221;][vc_column column_padding=&#8221;no-extra-padding&#8221; column_padding_tablet=&#8221;inherit&#8221; column_padding_phone=&#8221;inherit&#8221; column_padding_position=&#8221;all&#8221; background_color_opacity=&#8221;1&#8243; background_hover_color_opacity=&#8221;1&#8243; column_shadow=&#8221;none&#8221; column_border_radius=&#8221;none&#8221; column_link_target=&#8221;_self&#8221; gradient_direction=&#8221;left_to_right&#8221; overlay_strength=&#8221;0.3&#8243; width=&#8221;1\/1&#8243; tablet_width_inherit=&#8221;default&#8221; tablet_text_alignment=&#8221;default&#8221; phone_text_alignment=&#8221;default&#8221; column_border_width=&#8221;none&#8221; column_border_style=&#8221;solid&#8221; bg_image_animation=&#8221;none&#8221;][image_with_animation image_url=&#8221;7198&#8243; animation=&#8221;Fade In&#8221; hover_animation=&#8221;none&#8221; alignment=&#8221;center&#8221; border_radius=&#8221;none&#8221; box_shadow=&#8221;none&#8221; image_loading=&#8221;default&#8221; max_width=&#8221;100%&#8221; max_width_mobile=&#8221;default&#8221;][\/vc_column][\/vc_row][vc_row type=&#8221;full_width_background&#8221; full_screen_row_position=&#8221;middle&#8221; column_margin=&#8221;default&#8221; column_direction=&#8221;default&#8221; column_direction_tablet=&#8221;default&#8221; column_direction_phone=&#8221;default&#8221; scene_position=&#8221;center&#8221; top_padding=&#8221;6%&#8221; bottom_padding=&#8221;6%&#8221; text_color=&#8221;dark&#8221; text_align=&#8221;left&#8221; row_border_radius=&#8221;none&#8221; row_border_radius_applies=&#8221;bg&#8221; overlay_strength=&#8221;0.3&#8243; gradient_direction=&#8221;left_to_right&#8221; shape_divider_position=&#8221;bottom&#8221; bg_image_animation=&#8221;none&#8221; shape_type=&#8221;&#8221;][vc_column column_padding=&#8221;no-extra-padding&#8221; column_padding_tablet=&#8221;inherit&#8221; column_padding_phone=&#8221;inherit&#8221; column_padding_position=&#8221;all&#8221; background_color_opacity=&#8221;1&#8243; background_hover_color_opacity=&#8221;1&#8243; column_shadow=&#8221;none&#8221; column_border_radius=&#8221;none&#8221; column_link_target=&#8221;_self&#8221; gradient_direction=&#8221;left_to_right&#8221; overlay_strength=&#8221;0.3&#8243; width=&#8221;1\/1&#8243; tablet_width_inherit=&#8221;default&#8221; tablet_text_alignment=&#8221;default&#8221; phone_text_alignment=&#8221;default&#8221; column_border_width=&#8221;none&#8221; column_border_style=&#8221;solid&#8221; bg_image_animation=&#8221;none&#8221;][nectar_blog layout=&#8221;masonry-blog-fullwidth&#8221; blog_masonry_style=&#8221;material&#8221; load_in_animation=&#8221;fade_in_from_bottom&#8221; category=&#8221;rezepte&#8221; enable_pagination=&#8221;true&#8221; pagination_type=&#8221;infinite_scroll&#8221; order=&#8221;DESC&#8221; orderby=&#8221;date&#8221; blog_remove_post_date=&#8221;true&#8221; blog_remove_post_author=&#8221;true&#8221; blog_remove_post_comment_number=&#8221;true&#8221; blog_remove_post_nectar_love=&#8221;true&#8221; posts_per_page=&#8221;48&#8243;][\/vc_column][\/vc_row]\n","protected":false},"excerpt":{"rendered":"<p>[vc_row type=&#8221;in_container&#8221; full_screen_row_position=&#8221;middle&#8221; column_margin=&#8221;default&#8221; column_direction=&#8221;default&#8221; column_direction_tablet=&#8221;default&#8221; column_direction_phone=&#8221;default&#8221; scene_position=&#8221;center&#8221; top_padding=&#8221;3%&#8221; bottom_padding=&#8221;3%&#8221; text_color=&#8221;dark&#8221; text_align=&#8221;left&#8221; row_border_radius=&#8221;none&#8221; row_border_radius_applies=&#8221;bg&#8221; overlay_strength=&#8221;0.3&#8243; gradient_direction=&#8221;left_to_right&#8221; shape_divider_position=&#8221;bottom&#8221; bg_image_animation=&#8221;none&#8221; shape_type=&#8221;&#8221;][vc_column column_padding=&#8221;no-extra-padding&#8221; column_padding_tablet=&#8221;inherit&#8221; column_padding_phone=&#8221;inherit&#8221; column_padding_position=&#8221;all&#8221; background_color_opacity=&#8221;1&#8243; background_hover_color_opacity=&#8221;1&#8243;&#8230;<\/p>\n","protected":false},"author":1,"featured_media":0,"parent":0,"menu_order":55,"comment_status":"closed","ping_status":"closed","template":"","meta":{"footnotes":""},"class_list":["post-7531","page","type-page","status-publish"],"_links":{"self":[{"href":"https:\/\/donna-cristina.ch\/it\/wp-json\/wp\/v2\/pages\/7531","targetHints":{"allow":["GET"]}}],"collection":[{"href":"https:\/\/donna-cristina.ch\/it\/wp-json\/wp\/v2\/pages"}],"about":[{"href":"https:\/\/donna-cristina.ch\/it\/wp-json\/wp\/v2\/types\/page"}],"author":[{"embeddable":true,"href":"https:\/\/donna-cristina.ch\/it\/wp-json\/wp\/v2\/users\/1"}],"replies":[{"embeddable":true,"href":"https:\/\/donna-cristina.ch\/it\/wp-json\/wp\/v2\/comments?post=7531"}],"version-history":[{"count":4,"href":"https:\/\/donna-cristina.ch\/it\/wp-json\/wp\/v2\/pages\/7531\/revisions"}],"predecessor-version":[{"id":8657,"href":"https:\/\/donna-cristina.ch\/it\/wp-json\/wp\/v2\/pages\/7531\/revisions\/8657"}],"wp:attachment":[{"href":"https:\/\/donna-cristina.ch\/it\/wp-json\/wp\/v2\/media?parent=7531"}],"curies":[{"name":"wp","href":"https:\/\/api.w.org\/{rel}","templated":true}]}}