{"id":7632,"date":"2020-05-09T07:19:56","date_gmt":"2020-05-09T07:19:56","guid":{"rendered":"https:\/\/donna-cristina.ch\/privacy-policy\/"},"modified":"2025-10-26T06:51:29","modified_gmt":"2025-10-26T06:51:29","slug":"privacy-policy","status":"publish","type":"page","link":"https:\/\/donna-cristina.ch\/it\/privacy-policy\/","title":{"rendered":"Datenschutzerkl\u00e4rung"},"content":{"rendered":"[vc_row type=&#8221;in_container&#8221; full_screen_row_position=&#8221;middle&#8221; column_margin=&#8221;default&#8221; column_direction=&#8221;default&#8221; column_direction_tablet=&#8221;default&#8221; column_direction_phone=&#8221;default&#8221; scene_position=&#8221;center&#8221; top_padding=&#8221;3%&#8221; bottom_padding=&#8221;3%&#8221; text_color=&#8221;dark&#8221; text_align=&#8221;left&#8221; row_border_radius=&#8221;none&#8221; row_border_radius_applies=&#8221;bg&#8221; overflow=&#8221;visible&#8221; overlay_strength=&#8221;0.3&#8243; gradient_direction=&#8221;left_to_right&#8221; shape_divider_position=&#8221;bottom&#8221; bg_image_animation=&#8221;none&#8221; shape_type=&#8221;&#8221;][vc_column column_padding=&#8221;no-extra-padding&#8221; column_padding_tablet=&#8221;inherit&#8221; column_padding_phone=&#8221;inherit&#8221; column_padding_position=&#8221;all&#8221; column_element_direction_desktop=&#8221;default&#8221; column_element_spacing=&#8221;default&#8221; desktop_text_alignment=&#8221;default&#8221; tablet_text_alignment=&#8221;default&#8221; phone_text_alignment=&#8221;default&#8221; background_color_opacity=&#8221;1&#8243; background_hover_color_opacity=&#8221;1&#8243; column_backdrop_filter=&#8221;none&#8221; column_shadow=&#8221;none&#8221; column_border_radius=&#8221;none&#8221; column_link_target=&#8221;_self&#8221; column_position=&#8221;default&#8221; gradient_direction=&#8221;left_to_right&#8221; overlay_strength=&#8221;0.3&#8243; width=&#8221;1\/1&#8243; tablet_width_inherit=&#8221;default&#8221; animation_type=&#8221;default&#8221; bg_image_animation=&#8221;none&#8221; border_type=&#8221;simple&#8221; column_border_width=&#8221;none&#8221; column_border_style=&#8221;solid&#8221;][vc_column_text css=&#8221;&#8221; text_direction=&#8221;default&#8221;]Disclaimer<\/p>\n<p><strong>Inhalt des Onlineangebotes<\/strong><\/p>\n<p>Das Einzelunternehmen Donna Cristina, di C. Guarino \u00fcbernimmt keinerlei Gew\u00e4hr f\u00fcr die Aktualit\u00e4t, Korrektheit, Vollst\u00e4ndigkeit oder Qualit\u00e4t der bereitgestellten Informationen. Das Einzelunternehmen Donna Cristina, di C. Guarino beh\u00e4lt es sich ausdr\u00fccklich vor, Teile der Seiten oder das gesamte Angebot ohne gesonderte Ank\u00fcndigung zu ver\u00e4ndern, zu erg\u00e4nzen, zu l\u00f6schen oder die Ver\u00f6ffentlichung zeitweise oder endg\u00fcltig einzustellen.<\/p>\n<p>&nbsp;<\/p>\n<p><strong>Links zu anderen Websites<\/strong><\/p>\n<p>Durch Benutzung bestimmter Links auf der Website ist es Ihnen m\u00f6glich, auf die Websites von Drittpersonen zu gelangen. Das Unternehmen Donna Cristina, di C. Guarino hat keinen Einfluss auf den Inhalt oder die Sicherheit dieser Websites und \u00fcbernimmt auch keine Verantwortung f\u00fcr dieselben. Sollten wider Erwarten rechts- oder sittenwidrige Inhalte \u00fcber Links abrufbar sein, bittet Donna Cristina, di C. Guarino um Mitteilung.<\/p>\n<p>&nbsp;<\/p>\n<p><strong>Urheber- und Kennzeichenrechte<\/strong><\/p>\n<p>Der Inhalt dieser Website ist urheberrechtlich gesch\u00fctzt. Grafiken, Texte, Logos, Bilder usw. d\u00fcrfen nur nach schriftlicher Genehmigung durch Donna Cristina, di C. Guarino vervielf\u00e4ltigt, kopiert, ge\u00e4ndert, ver\u00f6ffentlicht, versendet, \u00fcbertragen oder in sonstiger Form f\u00fcr eigene Zwecke oder die Zwecke Dritter genutzt werden. Bei allenfalls genannten Produkt- und Firmennamen kann es sich um eingetragene Warenzeichen oder Marken handeln. Die unberechtigte Verwendung kann zu Schadensersatz- und Unterlassungsanspr\u00fcchen f\u00fchren.<\/p>\n<p>&nbsp;<\/p>\n<p><strong>Recht auf Auskunft, L\u00f6schung, Sperrung<\/strong><\/p>\n<p>Sie haben jederzeit das Recht auf unentgeltliche Auskunft \u00fcber Ihre gespeicherten personenbezogenen Daten, deren Herkunft und Empf\u00e4nger und den Zweck der Datenverarbeitung sowie ein Recht auf Berichtigung, Sperrung oder L\u00f6schung dieser Daten. Hierzu sowie zu weiteren Fragen zum Thema personenbezogene Daten k\u00f6nnen Sie sich jederzeit schriftlich an uns wenden:<\/p>\n<p>Datenschutzbeauftragter<br \/>\nDonna Cristina, di C. Guarino<\/p>\n<p>Obere Holzgasse 9<\/p>\n<p>CH-5212 Hausen AG<\/p>\n<p><a href=\"mailto:weibel@weibelweine.ch\">info@donna-cristina.ch<\/a><\/p>\n<p>&nbsp;<\/p>\n<p><strong>Haftungsausschluss<\/strong><\/p>\n<p>Haftungsanspr\u00fcche gegen Donna Cristina, di C. Guarino, welche sich auf Sch\u00e4den materieller oder ideeller Art beziehen, die durch die Nutzung oder Nichtnutzung der dargebotenen Informationen, durch die Nutzung fehlerhafter und unvollst\u00e4ndiger Informationen oder durch Viren, die den Computer und die dazugeh\u00f6rige Ausr\u00fcstung befallen k\u00f6nnen verursacht wurden, sind grunds\u00e4tzlich ausgeschlossen, sofern seitens des Einzelunternehmens Donna Cristina, di C. Guarino kein nachweislich vors\u00e4tzliches oder grob fahrl\u00e4ssiges Verschulden vorliegt.<\/p>\n<p>&nbsp;<\/p>\n<p><strong>Anwendbares Recht<\/strong><\/p>\n<p>Anwendbar auf diese Website ist ausschliesslich Schweizerisches Recht. Der ausschliessliche Gerichtsstand f\u00fcr s\u00e4mtliche Auseinandersetzungen im Zusammenhang liegt am Sitz des Einzelunternehmens Donna Cristina, di C. Guarino.<\/p>\n<p>&nbsp;<\/p>\n<p>Datenschutzerkl\u00e4rung<\/p>\n<ol>\n<li><strong> Datenschutz<\/strong><br \/>\nDas Einzelunternehmen Donna Cristina, di C. Guarino nimmt den Schutz Ihrer pers\u00f6nlichen Daten sehr ernst. Wir behandeln Ihre personenbezogenen Daten vertraulich und entsprechend der gesetzlichen Datenschutzvorschriften sowie dieser Datenschutzerkl\u00e4rung. Die Nutzung unserer Website ist ohne Angabe personenbezogener Daten m\u00f6glich. Soweit auf unseren Seiten personenbezogene Daten (beispielsweise Name, Anschrift oder E-Mail-Adressen) erhoben werden, erfolgt dies, stets auf freiwilliger Basis. Diese Daten werden ohne Ihre ausdr\u00fcckliche Zustimmung nicht an Dritte weitergegeben. Wir weisen darauf hin, dass die Daten\u00fcbertragung im Internet (z.B. bei der Kommunikation per E-Mail) Sicherheitsl\u00fccken aufweisen kann. Ein l\u00fcckenloser Schutz der Daten vor dem Zugriff durch Dritte ist nicht m\u00f6glich.<\/li>\n<\/ol>\n<p><strong>\u00a0<\/strong><\/p>\n<ol start=\"2\">\n<li><strong> Erhebung personenbezogener Daten<\/strong><br \/>\nGrunds\u00e4tzlich erheben wir personenbezogene Daten nur, wenn sie f\u00fcr die Erbringung der konkreten Leistung erforderlich sind.<br \/>\nSie k\u00f6nnen unsere Seite besuchen, ohne Angaben zu Ihrer Person zu machen. Wir speichern lediglich Zugriffsdaten ohne Personenbezug wie z.B. den Namen Ihres Internet-Service-Providers, die Seite, von der aus Sie uns besuchen oder den Namen der angeforderten Datei. Diese Daten werden ausschliesslich zur Verbesserung ausgewertet und erlauben keinen R\u00fcckschluss auf Ihre Person.<br \/>\nPersonenbezogene Daten, wie Name, Adresse, Postanschrift, Lieferanschrift, Telefonnummer oder E-Mail-Adresse, werden auf unseren Websites nur erhoben, wenn Sie uns diese bei einer Bestellung oder bei Registrierung f\u00fcr unsere Newsletter freiwillig mitteilen oder wenn Sie die Kontakt-Funktion der Webseite nutzen oder uns auf andere Weise, etwa per E-Mail, kontaktieren.<br \/>\nDie Daten werden f\u00fcr die Zusendung eines Newsletters oder von Mailings nur nach gesonderter vorheriger Einwilligung des Bestellers verwendet. Diese Einwilligung kann jederzeit ohne Angabe von Gr\u00fcnden mit Wirkung f\u00fcr die Zukunft widerrufen werden.<\/li>\n<\/ol>\n<p><strong>\u00a0<\/strong><\/p>\n<ol start=\"3\">\n<li><strong> Nutzung personenbezogener Daten<\/strong><br \/>\n1.\u00a0\u00a0 \u00a0Pflichtfelder und freiwillige Angaben<br \/>\nBitte beachten Sie, dass es bei allen Datenerhebungen \u00fcber die Website Pflichtfelder gibt. Diese sind mit einem Sternchen gekennzeichnet, eine Eingabe zur Bearbeitung Ihrer Anfrage ist erforderlich.<br \/>\nAlle anderen Angaben sind freiwillig. Machen Sie auch bei den anderen Feldern Angaben, werden diese f\u00fcr statistische Zwecke und zur Verbesserung unseres Angebots ausgewertet.<\/li>\n<li>\u00a0Zweckgebundenheit<br \/>\nPersonenbezogene Daten, die Sie uns \u00fcbermitteln, werden f\u00fcr die Zwecke verwendet, f\u00fcr welche Sie uns diese zugesendet haben. Diese sind etwa die Bearbeitung Ihrer Anfrage, die Zusendung unserer Newsletter oder die Abwicklung Ihrer Bestellung.<\/li>\n<li>\u00a0Nutzung zu weiteren Zwecken, insbesondere Werbezwecken<br \/>\nSoweit Sie einer Verwendung zu Werbezwecken ausdr\u00fccklich zugestimmt haben, nutzen wir Ihre personenbezogenen Daten auch f\u00fcr Informationsschreiben, die aktuelle Informationen \u00fcber unsere Produkte und Angebote enthalten, per E-Mail.<br \/>\nW\u00fcnschen Sie dies nicht, so widersprechen Sie der Zusendung entsprechender Informationen bitte per\u00a0<a href=\"mailto:weibel@weibelweine.ch\">E-Mail<\/a>.<\/li>\n<li><strong> Weitergabe personenbezogener Daten an Dritte<\/strong><br \/>\nEs findet keine Weitergabe Ihrer Daten statt, es sei denn wir sind rechtlich dazu verpflichtet oder berechtigt oder Sie haben einer Weitergabe an Dritte ausdr\u00fccklich zugestimmt.<br \/>\nEine Datenweitergabe an Dritte erfolgt insbesondere, soweit dies zur Vertragserf\u00fcllung und -abwicklung erforderlich ist. Auch diese Dritten werden bzw. sind selbstverst\u00e4ndlich verpflichtet, Ihre Daten zu sch\u00fctzen und sie nur f\u00fcr den genau vorgegebenen Zweck zu nutzen. Dar\u00fcber hinaus sind sie verpflichtet, die Daten gem\u00e4ss dieser Datenschutzerkl\u00e4rung und der geltenden Gesetzeslage zu behandeln.<\/li>\n<\/ol>\n<p><strong>\u00a0<\/strong><\/p>\n<ol start=\"5\">\n<li><strong> \u00dcbermittlung personenbezogener Daten ins Ausland<\/strong><br \/>\nWir sind berechtigt, Ihre pers\u00f6nlichen Daten auch an dritte Unternehmen (beauftragte Dienstleister) im Ausland zu \u00fcbertragen, sofern dies f\u00fcr die in dieser Datenschutzerkl\u00e4rung beschriebenen Datenbearbeitungen zweckm\u00e4ssig ist. Diese sind im gleichen Umfang wie wir selbst zum Datenschutz verpflichtet. Wenn das Datenschutzniveau in einem Land nicht dem schweizerischen entspricht, stellen wir vertraglich sicher, dass der Schutz Ihrer personenbezogenen Daten demjenigen in der Schweiz jederzeit entspricht.<\/li>\n<\/ol>\n<p><strong>\u00a0<\/strong><\/p>\n<ol start=\"6\">\n<li><strong> Recht auf Auskunft, L\u00f6schung, Sperrung<\/strong><br \/>\nSie haben jederzeit das Recht auf unentgeltliche Auskunft \u00fcber Ihre gespeicherten personenbezogenen Daten, deren Herkunft und Empf\u00e4nger und den Zweck der Datenverarbeitung sowie ein Recht auf Berichtigung, Sperrung oder L\u00f6schung dieser Daten. Hierzu sowie zu weiteren Fragen zum Thema personenbezogene Daten k\u00f6nnen Sie sich jederzeit per\u00a0<a href=\"mailto:weibel@weibelweine.ch\">E-Mail<\/a>an uns wenden.<\/li>\n<\/ol>\n<p><strong>\u00a0<\/strong><\/p>\n<ol start=\"7\">\n<li><strong> Datensicherheit<\/strong><br \/>\nIhre personenbezogenen Daten, die \u00fcber die Website mit uns ausgetauscht werden, werden grunds\u00e4tzlich in verschl\u00fcsselter Form \u00fcbertragen, die dem aktuellen Stand der Technik entspricht. Wir sichern unsere Website und sonstige Systeme durch technische und organisatorische Massnahmen gegen Verlust, Zerst\u00f6rung, Zugriff, Ver\u00e4nderung oder Verbreitung Ihrer Daten durch unbefugte Personen.<\/li>\n<\/ol>\n<p><strong>\u00a0<\/strong><\/p>\n<ol start=\"8\">\n<li><strong> Verwendung von Cookies<\/strong><br \/>\nUm den Besuch unserer Website attraktiv zu gestalten und die Nutzung bestimmter Funktionen zu erm\u00f6glichen, verwenden wir auf verschiedenen Seiten sogenannte Cookies. Hierbei handelt es sich um kleine Textdateien mit Konfigurationsinformation, die auf Ihrem Endger\u00e4t abgelegt werden.<\/li>\n<\/ol>\n<p>Einige der von uns verwendeten Cookies werden nach dem Ende der Browser-Sitzung, also nach Schliessen Ihres Browsers, wieder gel\u00f6scht (sog. Sitzungs-Cookies). Andere Cookies verbleiben auf Ihrem Endger\u00e4t und erm\u00f6glichen uns, Ihren Browser beim n\u00e4chsten Besuch wiederzuerkennen (persistente Cookies). Die durch den Cookies erzeugten Informationen \u00fcber Ihre Benutzung unserer Website werden nicht an Dritte weitergegeben. Sie haben jederzeit die M\u00f6glichkeit, lokal auf ihrem Rechner gespeicherte Cookies zu l\u00f6schen oder Ihren Browser so einzustellen, dass Sie \u00fcber das Setzen von Cookies informiert werden und einzeln \u00fcber deren Annahme entscheiden, oder die Annahme von Cookies f\u00fcr bestimmte F\u00e4lle oder generell auszuschliessen. Bei der Nichtannahme von Cookies kann die Funktionalit\u00e4t unsere Website eingeschr\u00e4nkt sein. Wenn Sie weitere Informationen zum Einsatz dieser Cookies erhalten wollen, finden Sie diese bspw. unter\u00a0<a href=\"http:\/\/www.google.com\/intl\/de\/policies\/privacy\" target=\"_blank\" rel=\"noopener\">www.google.com\/intl\/de\/policies\/privacy<\/a>,\u00a0<a href=\"http:\/\/www.google.com\/policies\/technologies\/ads\" target=\"_blank\" rel=\"noopener\">www.google.com\/policies\/technologies\/ads<\/a>\u00a0oder auch\u00a0<a href=\"http:\/\/www.meine-cookies.org\/\" target=\"_blank\" rel=\"noopener\">www.meine-cookies.org<\/a>. Die Umsetzung Ihres Widerspruchs kann gegebenenfalls der Konfiguration eines permanenten Cookies auf Ihrem Computer bed\u00fcrfen.<\/p>\n<p><strong>\u00a0<\/strong><\/p>\n<ol start=\"9\">\n<li><strong> Einwilligungen<\/strong><br \/>\nIm Folgenden finden Sie den genauen Wortlaut Ihrer datenschutzrechtlichen Einwilligungen, soweit Sie solche erteilt haben:<br \/>\nJa, ich habe die Datenschutzerkl\u00e4rung zur Kenntnis genommen und m\u00f6chte von dem Einzelunternehmen Donna Cristina, di C. Guarino per E-Mail regelm\u00e4ssig \u00fcber Produkt, Angebot und Messen informiert werden und bin damit einverstanden, dass meine \u00fcbermittelten Daten f\u00fcr Markt- und Kundenanalysen (ggf. mit weiteren erhobenen Daten) sowie anschliessende Werbeansprache genutzt werden.<br \/>\nMir ist bekannt, dass ich meine Einwilligung jederzeit mit Wirkung f\u00fcr die Zukunft per\u00a0<a href=\"mailto:weibel@weibelweine.ch\">E-Mail<\/a>widerrufen kann.<\/li>\n<\/ol>\n<p><strong>\u00a0<\/strong><\/p>\n<ol start=\"10\">\n<li><strong> Google Analytics<\/strong><br \/>\nDiese Website benutzt Google Analytics, einen Webanalysedienst der Google Inc. (\u201eGoogle\u201c). Google Analytics verwendet sog. \u201eCookies\u201c, Textdateien, die auf Ihrem Computer gespeichert werden und die eine Analyse der Benutzung der Website durch Sie erm\u00f6glichen. Die durch das Cookie erzeugten Informationen \u00fcber Ihre Benutzung dieser Website werden in der Regel an einen Server von Google in den USA \u00fcbertragen und dort gespeichert.<br \/>\nWir weisen Sie darauf hin, dass auf dieser Website Google Analytics um den Code \u201eanonymizeIp\u201c erweitert wurde, um eine anonymisierte Erfassung von IP-Adressen (sog. IPMasking) zu gew\u00e4hrleisten.<br \/>\nIm Auftrag des Betreibers dieser Website wird Google diese Informationen benutzen, um Ihre Nutzung der Website auszuwerten, um Reports \u00fcber die Websiteaktivit\u00e4ten zusammenzustellen und um weitere mit der Websitenutzung und der Internetnutzung verbundene Dienstleistungen gegen\u00fcber dem Websitebetreiber zu erbringen. Die im Rahmen von Google Analytics von Ihrem Browser \u00fcbermittelte IP-Adresse wird nicht mit anderen Daten von Google zusammengef\u00fchrt.<br \/>\nSie k\u00f6nnen die Speicherung der Cookies durch eine entsprechende Einstellung Ihrer Browser-Software verhindern; wir weisen Sie jedoch darauf hin, dass Sie in diesem Fall gegebenenfalls nicht s\u00e4mtliche Funktionen dieser Website vollumf\u00e4nglich werden nutzen k\u00f6nnen. Sie k\u00f6nnen dar\u00fcber hinaus die Erfassung der durch das Cookie erzeugten und auf Ihre Nutzung der Website bezogenen Daten (inkl. Ihrer IP-Adresse) an Google sowie die Verarbeitung dieser Daten durch Google verhindern, indem Sie das unter dem folgenden Link (http:\/\/tools.google.com\/dlpage\/gaoptout?hl=de) verf\u00fcgbare Browser-Plugin herunterladen und installieren.<br \/>\nN\u00e4here Informationen zu Nutzungsbedingungen und Datenschutz finden Sie unter\u00a0<a href=\"http:\/\/www.google.com\/analytics\/terms\/de.html%20bzw.%20unter%20https:\/www.google.de\/intl\/de\/policies\/\" target=\"_blank\" rel=\"noopener\">http:\/\/www.google.com\/analytics\/terms\/de.html bzw. unter https:\/\/www.google.de\/intl\/de\/policies\/<\/a>.<br \/>\nSofern Sie zugestimmt haben, dass Ihr Web- und App-Browserverlauf von Google mit Ihrem Google-Konto verkn\u00fcpft wird und Informationen aus ihrem Google-Konto zum Personalisieren von Anzeigen verwendet werden, verwendet Google Ihre Daten zusammen mit Google-Analytics-Daten, um Zielgruppenlisten f\u00fcr ger\u00e4te\u00fcbergreifendes Remarketing zu erstellen. Dazu werden von Google Analytics zun\u00e4chst auf unserer Website Ihre Google-authentifizierte ID erfasst, die mit Ihrem Google-Konto verkn\u00fcpft sind (also personenbezogene Daten). Anschliessend wird von Google Analytics Ihre ID vor\u00fcbergehend mit Ihren Google-Analytics-Daten verkn\u00fcpft, um unsere Zielgruppen zu optimieren.<br \/>\nWenn Sie damit nicht einverstanden sind, k\u00f6nnen Sie dies durch entsprechende Einstellungen im Bereich &#8220;Mein Konto&#8221; Ihres Google-Kontos abstellen.<br \/>\nDiese Website nutzt auch die Funktion \u201edemografische Merkmale\u201c von Google Analytics. Dadurch ko\u0308nnen Berichte erstellt werden, die Aussagen zu Alter, Geschlecht und Interessen der Seitenbesucher enthalten. Diese Daten stammen aus interessenbezogener Werbung von Google sowie aus Besucherdaten von Drittanbietern. Diese Daten ko\u0308nnen keiner bestimmten Person zugeordnet werden. Sie ko\u0308nnen diese Funktion jederzeit u\u0308ber die Anzeigeneinstellungen in Ihrem Google-Konto deaktivieren oder die Erfassung Ihrer Daten durch Google Analytics wie im Punkt \u201eWiderspruch gegen Datenerfassung\u201c dargestellt generell untersagen.<strong>11. Google Tag Manager<\/strong><\/li>\n<\/ol>\n<p>Wir setzen den Google Tag Manager ein. Anbieter ist die Google Ireland Limited, Gordon House, Barrow Street, Dublin 4, Irland.<\/p>\n<p>Der Google Tag Manager ist ein Tool, mit dessen Hilfe wir Tracking- oder Statistik-Tools und andere Technologien auf unserer Website einbinden k\u00f6nnen. Der Google Tag Manager selbst erstellt keine Nutzerprofile, speichert keine Cookies und nimmt keine eigenst\u00e4ndigen Analysen vor. Er dient lediglich der Verwaltung und Ausspielung der \u00fcber ihn eingebundenen Tools. Der Google Tag Manager erfasst jedoch Ihre IP-Adresse, die auch an das Mutterunternehmen von Google in die Vereinigten Staaten \u00fcbertragen werden kann.<\/p>\n<p>Der Einsatz des Google Tag Managers erfolgt auf Grundlage von Art. 6 Abs. 1 lit. f DSGVO. Der Websitebetreiber hat ein berechtigtes Interesse an einer schnellen und unkomplizierten Einbindung und Verwaltung verschiedener Tools auf seiner Website. Sofern eine entsprechende Einwilligung abgefragt wurde, erfolgt die Verarbeitung ausschlie\u00dflich auf Grundlage von Art. 6 Abs. 1 lit. a DSGVO; die Einwilligung ist jederzeit widerrufbar.<\/p>\n<p><strong>\u00a0<\/strong><\/p>\n<p>&nbsp;<\/p>\n<ol start=\"12\">\n<li><strong> Datenerhebung anderer Dienstleister im Bereich nutzungsbasierter Online-Werbung<\/strong><br \/>\nDurch Cookies werten wir automatisiert uns bekannte Informationen \u00fcber Ihr Nutzungsverhalten auf unserer Website aus. Dazu k\u00f6nnen laufend unter Einsatz verschiedener Analysetools nutzerspezifische historische und zuk\u00fcnftige Daten, \u00fcber die wir verf\u00fcgen, miteinander verkn\u00fcpft und das Nutzerverhalten angebots\u00fcbergreifend analysiert, aggregiert, pseudonymisiert und anonymisiert werden. Zur Verbesserung unserer Datenbasis k\u00f6nnen wir \u00f6ffentlich erh\u00e4ltliche Daten oder Daten von Drittanbietern hinzuziehen. Die Erkenntnisse aus Ihrer Nutzung unseres Angebots k\u00f6nnen im Rahmen der Analyse des Nutzerverhaltens bei anderen teilnehmenden Unternehmen genutzt und verwertet werden. Eine solche Datenbearbeitung erfolgt vor allem mit pseudonymisierten oder anonymisierten Daten.<br \/>\nWir sind berechtigt, Dritte mit der technischen Abwicklung von Werbemassnahmen und der Werbung f\u00fcr uns selbst zu beauftragen und sind berechtigt, Ihre Daten zu diesem Zweck weiterzugeben.<br \/>\nSie haben jederzeit die M\u00f6glichkeit, wie unter Ziffer 8 erw\u00e4hnt, der Verwendung von Cookies zu widersprechen. Informationen zum Datenschutz sowie zur verwendeten Technologie von AppNexus sowie die entsprechende Opt-Out-M\u00f6glichkeit der Cookies finden Sie hier:<a href=\"https:\/\/www.appnexus.com\/en\/company\/platform-privacy-policy-de\" target=\"_blank\" rel=\"noopener\">https:\/\/www.appnexus.com\/en\/company\/platform-privacy-policy-de<\/a>.<\/li>\n<\/ol>\n<p><strong>\u00a0<\/strong><\/p>\n<ol start=\"13\">\n<li><strong> Hinweise zu externen Links<\/strong><br \/>\nDie Website enth\u00e4lt Verkn\u00fcpfungen zu Webseiten Dritter (\u201c externe Links\u201c), auf deren Inhalt und Gestaltung das Einzelunternehmen Donna Cristina, di C. Guarino keinen Einfluss hat. F\u00fcr die Inhalte und Richtigkeit der dort bereitgestellten Informationen ist allein der jeweilige Betreiber der verlinkten Website verantwortlich. Zum Zeitpunkt der Verlinkung waren des Einzelunternehmens Donna Cristina, di C. Guarino keine Rechtsverst\u00f6sse erkennbar. Das Einzelunternehmen Donna Cristina, di C. Guarino hat keinerlei Einfluss auf die aktuellen und zuk\u00fcnftigen Inhalte der verkn\u00fcpften Webseiten.<\/li>\n<\/ol>\n<p><strong>\u00a0<\/strong><\/p>\n<ol start=\"14\">\n<li><strong> Newsletter<\/strong><br \/>\nWenn Sie den auf der Website angebotenen Newsletter beziehen m\u00f6chten, ben\u00f6tigen wir von Ihnen eine E-Mail-Adresse sowie Informationen, welche uns die \u00dcberpr\u00fcfung gestatten, dass Sie der Inhaber der angegebenen E-Mail-Adresse sind und mit dem Empfang des Newsletters einverstanden sind. Diese Daten verwenden wir ausschliesslich f\u00fcr den Versand der angeforderten Informationen und geben sie nicht an Dritte weiter.<br \/>\nDie erteilte Einwilligung zur Speicherung der Daten, der E-Mail-Adresse sowie deren Nutzung zum Versand des Newsletters k\u00f6nnen Sie jederzeit widerrufen, etwa \u00fcber den &#8220;Abmelden&#8221;-Link im Newsletter.<\/li>\n<\/ol>\n<p><strong>\u00a0<\/strong><\/p>\n<ol start=\"15\">\n<li><strong> \u00c4nderungen der Datenschutzbestimmungen<\/strong><br \/>\nNeue Datenschutzbestimmungen gelten dann f\u00fcr zuk\u00fcnftige Kontakte mit des Einzelunternehmens Donna Cristina, di C. Guarino. F\u00fcr bereits gespeicherte Daten gelten die bisherigen Datenschutzbestimmungen weiter, es sei denn, dies ist gesetzlich nicht zul\u00e4ssig.<\/li>\n<\/ol>\n[\/vc_column_text][\/vc_column][\/vc_row]\n","protected":false},"excerpt":{"rendered":"<p>[vc_row type=&#8221;in_container&#8221; full_screen_row_position=&#8221;middle&#8221; column_margin=&#8221;default&#8221; column_direction=&#8221;default&#8221; column_direction_tablet=&#8221;default&#8221; column_direction_phone=&#8221;default&#8221; scene_position=&#8221;center&#8221; top_padding=&#8221;3%&#8221; bottom_padding=&#8221;3%&#8221; text_color=&#8221;dark&#8221; text_align=&#8221;left&#8221; row_border_radius=&#8221;none&#8221; row_border_radius_applies=&#8221;bg&#8221; overflow=&#8221;visible&#8221; overlay_strength=&#8221;0.3&#8243; gradient_direction=&#8221;left_to_right&#8221; shape_divider_position=&#8221;bottom&#8221; bg_image_animation=&#8221;none&#8221; shape_type=&#8221;&#8221;][vc_column column_padding=&#8221;no-extra-padding&#8221; column_padding_tablet=&#8221;inherit&#8221; column_padding_phone=&#8221;inherit&#8221; column_padding_position=&#8221;all&#8221; column_element_direction_desktop=&#8221;default&#8221;&#8230;<\/p>\n","protected":false},"author":1,"featured_media":7229,"parent":0,"menu_order":48,"comment_status":"closed","ping_status":"closed","template":"","meta":{"footnotes":""},"class_list":["post-7632","page","type-page","status-publish","has-post-thumbnail"],"_links":{"self":[{"href":"https:\/\/donna-cristina.ch\/it\/wp-json\/wp\/v2\/pages\/7632","targetHints":{"allow":["GET"]}}],"collection":[{"href":"https:\/\/donna-cristina.ch\/it\/wp-json\/wp\/v2\/pages"}],"about":[{"href":"https:\/\/donna-cristina.ch\/it\/wp-json\/wp\/v2\/types\/page"}],"author":[{"embeddable":true,"href":"https:\/\/donna-cristina.ch\/it\/wp-json\/wp\/v2\/users\/1"}],"replies":[{"embeddable":true,"href":"https:\/\/donna-cristina.ch\/it\/wp-json\/wp\/v2\/comments?post=7632"}],"version-history":[{"count":5,"href":"https:\/\/donna-cristina.ch\/it\/wp-json\/wp\/v2\/pages\/7632\/revisions"}],"predecessor-version":[{"id":12001,"href":"https:\/\/donna-cristina.ch\/it\/wp-json\/wp\/v2\/pages\/7632\/revisions\/12001"}],"wp:featuredmedia":[{"embeddable":true,"href":"https:\/\/donna-cristina.ch\/it\/wp-json\/wp\/v2\/media\/7229"}],"wp:attachment":[{"href":"https:\/\/donna-cristina.ch\/it\/wp-json\/wp\/v2\/media?parent=7632"}],"curies":[{"name":"wp","href":"https:\/\/api.w.org\/{rel}","templated":true}]}}