{"id":11709,"date":"2024-08-29T06:30:19","date_gmt":"2024-08-29T06:30:19","guid":{"rendered":"https:\/\/donna-cristina.ch\/cielo-stellato-mpf-set-da-15-bottiglie\/"},"modified":"2024-08-29T06:30:19","modified_gmt":"2024-08-29T06:30:19","slug":"cielo-stellato-mpf-set-da-15-bottiglie","status":"publish","type":"product","link":"https:\/\/donna-cristina.ch\/it\/cielo-stellato-mpf-set-da-15-bottiglie\/","title":{"rendered":"\u00abCielo Stellato\u00bb- MPF &#8211; Set da 15 Bottiglie"},"content":{"rendered":"<p>Cielo stellato &#8211; Mosto d&#8217;uva parzialmente fermentato &#8211; Linea Gourmet si arricchisce di un nuovo prodotto per tutti i buongustai alla ricerca di vini speciali. Il suo gusto leggero, finemente perlato e dolce-aromatico rende questo vino irresistibile. Solo da annate speciali. Ora \u00e8 arrivato il momento: 5% di alcol per il 100% di felicit\u00e0 e gusto.<\/p>\n<p>Ogni perla di questo vino bianco dolce e radioso \u00e8 come una stella che illumina delicatamente il vostro palato. Ricorda un Moscato, ma \u00e8 ancora pi\u00f9 leggero e aromatico.<\/p>\n<p>Profuma d&#8217;estate, ma pu\u00f2 essere gustato anche in inverno.<\/p>\n<p>Diffidate da chi vi promette la luna, noi vi regaliamo tutte le stelle in un calice.<\/p>\n","protected":false},"excerpt":{"rendered":"<p>Regione: Piemonte<\/p>\n<p>Uve: uve bianche aromatiche<\/p>\n<p>Grado alcolico: 5%<\/p>\n<p>Temperatura di degustazione: 12\u00b0C<\/p>\n<p>Formato singolo: 0.75l<\/p>\n<p>PRODOTTO IN ITALIA<\/p>\n","protected":false},"featured_media":11375,"comment_status":"closed","ping_status":"closed","template":"","meta":[],"product_brand":[],"product_cat":[173,70,76,88,85],"product_tag":[],"class_list":{"0":"post-11709","1":"product","2":"type-product","3":"status-publish","4":"has-post-thumbnail","6":"product_cat-linea-gourmet-it","7":"product_cat-spumanti-vini-frizzanti","8":"product_cat-vini","9":"product_cat-vini-bianchi","10":"product_cat-vini-dolci","12":"first","13":"instock","14":"shipping-taxable","15":"purchasable","16":"product-type-simple"},"_links":{"self":[{"href":"https:\/\/donna-cristina.ch\/it\/wp-json\/wp\/v2\/product\/11709","targetHints":{"allow":["GET"]}}],"collection":[{"href":"https:\/\/donna-cristina.ch\/it\/wp-json\/wp\/v2\/product"}],"about":[{"href":"https:\/\/donna-cristina.ch\/it\/wp-json\/wp\/v2\/types\/product"}],"replies":[{"embeddable":true,"href":"https:\/\/donna-cristina.ch\/it\/wp-json\/wp\/v2\/comments?post=11709"}],"wp:featuredmedia":[{"embeddable":true,"href":"https:\/\/donna-cristina.ch\/it\/wp-json\/wp\/v2\/media\/11375"}],"wp:attachment":[{"href":"https:\/\/donna-cristina.ch\/it\/wp-json\/wp\/v2\/media?parent=11709"}],"wp:term":[{"taxonomy":"product_brand","embeddable":true,"href":"https:\/\/donna-cristina.ch\/it\/wp-json\/wp\/v2\/product_brand?post=11709"},{"taxonomy":"product_cat","embeddable":true,"href":"https:\/\/donna-cristina.ch\/it\/wp-json\/wp\/v2\/product_cat?post=11709"},{"taxonomy":"product_tag","embeddable":true,"href":"https:\/\/donna-cristina.ch\/it\/wp-json\/wp\/v2\/product_tag?post=11709"}],"curies":[{"name":"wp","href":"https:\/\/api.w.org\/{rel}","templated":true}]}}