{"id":11712,"date":"2024-04-11T11:25:39","date_gmt":"2024-04-11T11:25:39","guid":{"rendered":"https:\/\/donna-cristina.ch\/passito-angelico-d-o-c-su-ordinazione-esaurito\/"},"modified":"2024-04-11T11:25:39","modified_gmt":"2024-04-11T11:25:39","slug":"passito-angelico-d-o-c-su-ordinazione-esaurito","status":"publish","type":"product","link":"https:\/\/donna-cristina.ch\/it\/passito-angelico-d-o-c-su-ordinazione-esaurito\/","title":{"rendered":"Passito Angelico D.O.C. &#8211; su ordinazione &#8211; esaurito"},"content":{"rendered":"<p>Lontano dal mondo e in pieno Medioevo, un convento di suore su una montagna dell&#8217;Alto Adige e &#8211; quindi pi\u00f9 vicino al cielo &#8211; ha trasformato un piccolo appezzamento di terra e una vite (un incrocio tra il Trollinger rosso e il Riessling bianco) in un passito sorprendente che non ha eguali in nessun altro vino bianco dolce.<\/p>\n<p>Le quantit\u00e0 preparate per noi annualmente sono\u00a0 limitate. Pertanto, \u00e8 necessario prenotare il prodotto con largo anticipo rispetto alla raccolta. Il profumo del nostro Passito \u00e8 paradisiaco, il gusto nobile, indefinibile e vellutato. Questo vino pu\u00f2 essere conservato in cantina fino a 15 anni.<\/p>\n<p>Se assaggiate il nostro Passito Angelico, non possiamo promettervi un posto in paradiso, ma vi garantiamo una degustazione divina su terra.<\/p>\n","protected":false},"excerpt":{"rendered":"<p>Tipo di vino: Vino bianco Passito<\/p>\n<p>Paese: Italia<\/p>\n<p>Regione: Alto Adige<\/p>\n<p>Uva: 100% Kerner<\/p>\n<p>Formato: 0.375l<\/p>\n<p>Grado alcolico: 10.50%<\/p>\n<p>Conservazione: sino a 15 anni<\/p>\n<p>PRODOTTO IN ITALIA<\/p>\n<p>&nbsp;<\/p>\n","protected":false},"featured_media":11274,"comment_status":"closed","ping_status":"closed","template":"","meta":[],"product_brand":[],"product_cat":[76,85],"product_tag":[],"class_list":{"0":"post-11712","1":"product","2":"type-product","3":"status-publish","4":"has-post-thumbnail","6":"product_cat-vini","7":"product_cat-vini-dolci","9":"first","10":"outofstock","11":"shipping-taxable","12":"purchasable","13":"product-type-simple"},"_links":{"self":[{"href":"https:\/\/donna-cristina.ch\/it\/wp-json\/wp\/v2\/product\/11712","targetHints":{"allow":["GET"]}}],"collection":[{"href":"https:\/\/donna-cristina.ch\/it\/wp-json\/wp\/v2\/product"}],"about":[{"href":"https:\/\/donna-cristina.ch\/it\/wp-json\/wp\/v2\/types\/product"}],"replies":[{"embeddable":true,"href":"https:\/\/donna-cristina.ch\/it\/wp-json\/wp\/v2\/comments?post=11712"}],"wp:featuredmedia":[{"embeddable":true,"href":"https:\/\/donna-cristina.ch\/it\/wp-json\/wp\/v2\/media\/11274"}],"wp:attachment":[{"href":"https:\/\/donna-cristina.ch\/it\/wp-json\/wp\/v2\/media?parent=11712"}],"wp:term":[{"taxonomy":"product_brand","embeddable":true,"href":"https:\/\/donna-cristina.ch\/it\/wp-json\/wp\/v2\/product_brand?post=11712"},{"taxonomy":"product_cat","embeddable":true,"href":"https:\/\/donna-cristina.ch\/it\/wp-json\/wp\/v2\/product_cat?post=11712"},{"taxonomy":"product_tag","embeddable":true,"href":"https:\/\/donna-cristina.ch\/it\/wp-json\/wp\/v2\/product_tag?post=11712"}],"curies":[{"name":"wp","href":"https:\/\/api.w.org\/{rel}","templated":true}]}}