{"id":11748,"date":"2025-01-07T16:31:56","date_gmt":"2025-01-07T16:31:56","guid":{"rendered":"https:\/\/donna-cristina.ch\/8-reves-aoc-valais\/"},"modified":"2025-03-02T13:13:33","modified_gmt":"2025-03-02T13:13:33","slug":"8-reves-aoc-valais","status":"publish","type":"product","link":"https:\/\/donna-cristina.ch\/it\/8-reves-aoc-valais\/","title":{"rendered":"8 R\u00eaves AOC Valais"},"content":{"rendered":"<p>Il primo vino eccezionale che proponiamo a gennaio \u00e8 un Ros\u00e9. Totalmente controtendenza : questo Ros\u00e9 si beve anche d\u2019inverno : si chiama 8 Sogni, che si avverano durante la degustazione.<br \/>\n8 Sogni di felicit\u00e0 racchiusi in un Ros\u00e9 da favola morbido, lungo, carezzevole e fruttato.<\/p>\n<p>Annata: 2023<\/p>\n<p>Tipo di vino: Rosato<\/p>\n<p>Lavorazione: acciaio<\/p>\n<p>Ideale con: Allrounder setoso<\/p>\n<p>Robe: Elegante<\/p>\n<p>Aromi: Frutta e aria fresca di montagna<\/p>\n<p>Paese: Svizzera<\/p>\n<p>Cantone: Vallese<\/p>\n<p>Vitigni: Merlot, Gamay<\/p>\n<p>Formato: 0.75l<\/p>\n<p>Gradazione alcolica: 13%<\/p>\n<p>Degustazione: Subito +2 anni<\/p>\n<p>&nbsp;<\/p>\n","protected":false},"excerpt":{"rendered":"<p>Il primo vino eccezionale che proponiamo a gennaio \u00e8 un Ros\u00e9. Totalmente controtendenza : questo Ros\u00e9 si beve anche d\u2019inverno : si chiama 8 Sogni,&#8230;<\/p>\n","protected":false},"featured_media":11742,"comment_status":"closed","ping_status":"closed","template":"","meta":[],"product_brand":[],"product_cat":[184,79],"product_tag":[],"class_list":{"0":"post-11748","1":"product","2":"type-product","3":"status-publish","4":"has-post-thumbnail","6":"product_cat-linea-helvetica-it","7":"product_cat-vini-rose","9":"first","10":"instock","11":"shipping-taxable","12":"purchasable","13":"product-type-simple"},"_links":{"self":[{"href":"https:\/\/donna-cristina.ch\/it\/wp-json\/wp\/v2\/product\/11748","targetHints":{"allow":["GET"]}}],"collection":[{"href":"https:\/\/donna-cristina.ch\/it\/wp-json\/wp\/v2\/product"}],"about":[{"href":"https:\/\/donna-cristina.ch\/it\/wp-json\/wp\/v2\/types\/product"}],"replies":[{"embeddable":true,"href":"https:\/\/donna-cristina.ch\/it\/wp-json\/wp\/v2\/comments?post=11748"}],"wp:featuredmedia":[{"embeddable":true,"href":"https:\/\/donna-cristina.ch\/it\/wp-json\/wp\/v2\/media\/11742"}],"wp:attachment":[{"href":"https:\/\/donna-cristina.ch\/it\/wp-json\/wp\/v2\/media?parent=11748"}],"wp:term":[{"taxonomy":"product_brand","embeddable":true,"href":"https:\/\/donna-cristina.ch\/it\/wp-json\/wp\/v2\/product_brand?post=11748"},{"taxonomy":"product_cat","embeddable":true,"href":"https:\/\/donna-cristina.ch\/it\/wp-json\/wp\/v2\/product_cat?post=11748"},{"taxonomy":"product_tag","embeddable":true,"href":"https:\/\/donna-cristina.ch\/it\/wp-json\/wp\/v2\/product_tag?post=11748"}],"curies":[{"name":"wp","href":"https:\/\/api.w.org\/{rel}","templated":true}]}}