{"id":11778,"date":"2025-03-02T12:51:01","date_gmt":"2025-03-02T12:51:01","guid":{"rendered":"https:\/\/donna-cristina.ch\/tempete-de-perles-rose-brut-vdp-suisse-linea-helvetica\/"},"modified":"2025-03-02T13:12:47","modified_gmt":"2025-03-02T13:12:47","slug":"tempete-de-perles-rose-brut-vdp-suisse-linea-helvetica","status":"publish","type":"product","link":"https:\/\/donna-cristina.ch\/it\/tempete-de-perles-rose-brut-vdp-suisse-linea-helvetica\/","title":{"rendered":"Temp\u00eate de Perles &#8211; Ros\u00e9 Brut VdP Suisse &#8211; Linea Helvetica"},"content":{"rendered":"<p>Tempesta di Perle<\/p>\n<p>Il nostro secondo vino eccezionale della Linea Helvetica che proponiamo nell\u2019assortimento \u00e8 un Ros\u00e9 Brut. Assolutamente straordinario: l&#8217;effervescenza inonda il nostro palato come una tempesta di perle e lascia un aroma di prugna nel finale senza aggredire il nostro stomaco. Sorprendente. La domanda che sorge spontanea: &#8220;Come \u00e8 potuto accadere?&#8221; La questione rimane aperta per filosofi e pensatori, noi vogliamo semplicemente coccolare di nuovo il nostro palato.<br \/>\nLa realt\u00e0 \u00e8 che c&#8217;\u00e8 molto lavoro dietro ogni perla, anche se il risultato sembra cos\u00ec straordinariamente semplice ed evidente.<\/p>\n<p>Dimenticate le parole per descriverlo. Comunica solo con le vostre emozioni.<\/p>\n<p>Annata: 2024<br \/>\nTipo di vino: Ros\u00e9 Brut<br \/>\nLavorazione: acciaio<br \/>\nIdeale con: aperitivo, frutti di mare<br \/>\nRobe: Elegante<br \/>\nAromi: Prugna<br \/>\nPaese: Svizzera<br \/>\nCantone: Vallese<br \/>\nVitigni: Pinot Grigio e Pinot Nero<br \/>\nFormato: 0.75l<br \/>\nGradazione alcolica: 12%<br \/>\nDegustazione: Subito +5 anni<\/p>\n","protected":false},"excerpt":{"rendered":"<p>Tempesta di Perle Il nostro secondo vino eccezionale della Linea Helvetica che proponiamo nell\u2019assortimento \u00e8 un Ros\u00e9 Brut. Assolutamente straordinario: l&#8217;effervescenza inonda il nostro palato&#8230;<\/p>\n","protected":false},"featured_media":11773,"comment_status":"closed","ping_status":"closed","template":"","meta":[],"product_brand":[],"product_cat":[184,70,79],"product_tag":[],"class_list":{"0":"post-11778","1":"product","2":"type-product","3":"status-publish","4":"has-post-thumbnail","6":"product_cat-linea-helvetica-it","7":"product_cat-spumanti-vini-frizzanti","8":"product_cat-vini-rose","10":"first","11":"instock","12":"shipping-taxable","13":"purchasable","14":"product-type-simple"},"_links":{"self":[{"href":"https:\/\/donna-cristina.ch\/it\/wp-json\/wp\/v2\/product\/11778","targetHints":{"allow":["GET"]}}],"collection":[{"href":"https:\/\/donna-cristina.ch\/it\/wp-json\/wp\/v2\/product"}],"about":[{"href":"https:\/\/donna-cristina.ch\/it\/wp-json\/wp\/v2\/types\/product"}],"replies":[{"embeddable":true,"href":"https:\/\/donna-cristina.ch\/it\/wp-json\/wp\/v2\/comments?post=11778"}],"wp:featuredmedia":[{"embeddable":true,"href":"https:\/\/donna-cristina.ch\/it\/wp-json\/wp\/v2\/media\/11773"}],"wp:attachment":[{"href":"https:\/\/donna-cristina.ch\/it\/wp-json\/wp\/v2\/media?parent=11778"}],"wp:term":[{"taxonomy":"product_brand","embeddable":true,"href":"https:\/\/donna-cristina.ch\/it\/wp-json\/wp\/v2\/product_brand?post=11778"},{"taxonomy":"product_cat","embeddable":true,"href":"https:\/\/donna-cristina.ch\/it\/wp-json\/wp\/v2\/product_cat?post=11778"},{"taxonomy":"product_tag","embeddable":true,"href":"https:\/\/donna-cristina.ch\/it\/wp-json\/wp\/v2\/product_tag?post=11778"}],"curies":[{"name":"wp","href":"https:\/\/api.w.org\/{rel}","templated":true}]}}