{"id":11873,"date":"2025-05-17T10:03:53","date_gmt":"2025-05-17T10:03:53","guid":{"rendered":"https:\/\/donna-cristina.ch\/le-cantonal-aoc-st-gallen-set-da-12-bottiglie-linea-helvetica\/"},"modified":"2025-05-17T10:29:58","modified_gmt":"2025-05-17T10:29:58","slug":"le-cantonal-aoc-st-gallen-set-da-12-bottiglie-linea-helvetica","status":"publish","type":"product","link":"https:\/\/donna-cristina.ch\/it\/le-cantonal-aoc-st-gallen-set-da-12-bottiglie-linea-helvetica\/","title":{"rendered":"Le Cantonal AOC St. Gallen &#8211; Set da 12 Bottiglie &#8211; Linea Helvetica"},"content":{"rendered":"<p>Annata: 2023<\/p>\n<p>Tipo di vino: Rosso<\/p>\n<p>Lavorazione: Acciaio<\/p>\n<p>Ideal mit: Allrounder Etereo<\/p>\n<p>Robe: Elegante<\/p>\n<p>Aromi: Frutti rossi delicati e brezza di lago<\/p>\n<p>Paese: Svizzera<\/p>\n<p>Cantone: San Gallo<\/p>\n<p>Vitigno: Pinot Noir<\/p>\n<p>Formato: 0.20l<\/p>\n<p>Gradazione alcolica: 12.80%<\/p>\n<p>Degustazione: Subito + 6 anni<\/p>\n<p>&nbsp;<\/p>\n<p>&nbsp;<\/p>\n","protected":false},"excerpt":{"rendered":"<p>Per coloro che credono che i gioielli pi\u00f9 sono piccoli, pi\u00f9 hanno un valore sentimentale che va dritto al cuore.<\/p>\n<p>Le Cantonal nasce da un sogno: da un&#8217;eredit\u00e0 spirituale che lega da sempre il vino alla famiglia Guarino.<\/p>\n<p>Le Cantonal \u00e8 100% Svizzero sino al pi\u00f9 piccolo dettaglio.<\/p>\n<p>Il mini formato (20cl) non deve ingannare: nella graziosa confezione si racchiude un Pinot Noir che ha respirato l&#8217;aria del Lago di Costanza e che nella sua leggerezza racchiude un bouquet fruttato presente, senza acidit\u00e0. \u00c8 perfetto per chi desidera sorseggiare un bicchiere la sera e il giorno dopo ha impegni di lavoro. Per chi desidera un bicchiere tutto per s\u00e9 senza dover conservare la bottiglia. \u00c8 buonissimo. \u00c8 per Donna Cristina&amp;Friends.<\/p>\n<p>Molto rappresentativo anche come regalo aziendale stilisticamente consapevole.<\/p>\n","protected":false},"featured_media":11957,"comment_status":"closed","ping_status":"closed","template":"","meta":[],"product_brand":[],"product_cat":[184,76,82],"product_tag":[],"class_list":{"0":"post-11873","1":"product","2":"type-product","3":"status-publish","4":"has-post-thumbnail","6":"product_cat-linea-helvetica-it","7":"product_cat-vini","8":"product_cat-vini-rossi","10":"first","11":"instock","12":"shipping-taxable","13":"purchasable","14":"product-type-simple"},"_links":{"self":[{"href":"https:\/\/donna-cristina.ch\/it\/wp-json\/wp\/v2\/product\/11873","targetHints":{"allow":["GET"]}}],"collection":[{"href":"https:\/\/donna-cristina.ch\/it\/wp-json\/wp\/v2\/product"}],"about":[{"href":"https:\/\/donna-cristina.ch\/it\/wp-json\/wp\/v2\/types\/product"}],"replies":[{"embeddable":true,"href":"https:\/\/donna-cristina.ch\/it\/wp-json\/wp\/v2\/comments?post=11873"}],"wp:featuredmedia":[{"embeddable":true,"href":"https:\/\/donna-cristina.ch\/it\/wp-json\/wp\/v2\/media\/11957"}],"wp:attachment":[{"href":"https:\/\/donna-cristina.ch\/it\/wp-json\/wp\/v2\/media?parent=11873"}],"wp:term":[{"taxonomy":"product_brand","embeddable":true,"href":"https:\/\/donna-cristina.ch\/it\/wp-json\/wp\/v2\/product_brand?post=11873"},{"taxonomy":"product_cat","embeddable":true,"href":"https:\/\/donna-cristina.ch\/it\/wp-json\/wp\/v2\/product_cat?post=11873"},{"taxonomy":"product_tag","embeddable":true,"href":"https:\/\/donna-cristina.ch\/it\/wp-json\/wp\/v2\/product_tag?post=11873"}],"curies":[{"name":"wp","href":"https:\/\/api.w.org\/{rel}","templated":true}]}}