{"id":9646,"date":"2021-05-06T17:32:28","date_gmt":"2021-05-06T17:34:36","guid":{"rendered":"https:\/\/donna-cristina.ch\/?post_type=product&#038;p=9646"},"modified":"2024-12-30T12:37:09","modified_gmt":"2024-12-30T12:37:09","slug":"aceto-balsamico-di-modena-i-g-p-biologico","status":"publish","type":"product","link":"https:\/\/donna-cristina.ch\/it\/aceto-balsamico-di-modena-i-g-p-biologico\/","title":{"rendered":"Aceto Balsamico di Modena I.G.P."},"content":{"rendered":"<p><span style=\"font-family: Bookman Old Style, serif;\">Aceto Balsamico ottenuto da uve Trebbiano e Lambrusco, dal sapore armonico e agrodolce. \u00c8 adatto a tutti i palati, anche i pi\u00f9 delicati, che saranno accarezzati dalla sua naturale cremosit\u00e0.<\/span><\/p>\n<p><span style=\"font-family: Bookman Old Style, serif;\">Aumenta il senso di saziet\u00e0 ed ha un limitato apporto calorico.<\/span><\/p>\n<p><span style=\"font-family: Bookman Old Style, serif;\">In cucina si abbina ad ogni tipo di pietanza e se ne pu\u00f2 versare qualche goccia anche su fragole e lamponi. <\/span><\/p>\n<p><span style=\"font-family: Bookman Old Style, serif;\">Ingredienti: mosto cotto, aceto di vino. <\/span><\/p>\n<p><span style=\"font-family: Bookman Old Style, serif;\">Acidit\u00e0: 6%<\/span><\/p>\n<p><span style=\"font-family: Bookman Old Style, serif;\">Formato<strong>:<\/strong> 0.25l <\/span><\/p>\n<p><span style=\"font-family: Bookman Old Style, serif;\">PRODOTTO IN ITALIA<\/span><\/p>\n<p>&nbsp;<\/p>\n<p>&nbsp;<\/p>\n","protected":false},"excerpt":{"rendered":"<p>Valori nutrizionali per 100 ml:<\/p>\n<p>Energia: 329 kcal\/1445 kj<\/p>\n<p>Grassi: 0 g<\/p>\n<ul>\n<li>di cui saturi 0 g<\/li>\n<\/ul>\n<p>Carboidrati 78 g<\/p>\n<ul>\n<li>di cui zuccheri 78 g<\/li>\n<\/ul>\n<p>Proteine 0.0 g<\/p>\n<p>Sale 0.05 g<\/p>\n<p>&nbsp;<\/p>\n","protected":false},"featured_media":9950,"comment_status":"closed","ping_status":"closed","template":"","meta":[],"product_brand":[],"product_cat":[139],"product_tag":[],"class_list":{"0":"post-9646","1":"product","2":"type-product","3":"status-publish","4":"has-post-thumbnail","6":"product_cat-oli","8":"first","9":"instock","10":"shipping-taxable","11":"purchasable","12":"product-type-simple"},"_links":{"self":[{"href":"https:\/\/donna-cristina.ch\/it\/wp-json\/wp\/v2\/product\/9646","targetHints":{"allow":["GET"]}}],"collection":[{"href":"https:\/\/donna-cristina.ch\/it\/wp-json\/wp\/v2\/product"}],"about":[{"href":"https:\/\/donna-cristina.ch\/it\/wp-json\/wp\/v2\/types\/product"}],"replies":[{"embeddable":true,"href":"https:\/\/donna-cristina.ch\/it\/wp-json\/wp\/v2\/comments?post=9646"}],"wp:featuredmedia":[{"embeddable":true,"href":"https:\/\/donna-cristina.ch\/it\/wp-json\/wp\/v2\/media\/9950"}],"wp:attachment":[{"href":"https:\/\/donna-cristina.ch\/it\/wp-json\/wp\/v2\/media?parent=9646"}],"wp:term":[{"taxonomy":"product_brand","embeddable":true,"href":"https:\/\/donna-cristina.ch\/it\/wp-json\/wp\/v2\/product_brand?post=9646"},{"taxonomy":"product_cat","embeddable":true,"href":"https:\/\/donna-cristina.ch\/it\/wp-json\/wp\/v2\/product_cat?post=9646"},{"taxonomy":"product_tag","embeddable":true,"href":"https:\/\/donna-cristina.ch\/it\/wp-json\/wp\/v2\/product_tag?post=9646"}],"curies":[{"name":"wp","href":"https:\/\/api.w.org\/{rel}","templated":true}]}}